{"id":1297,"date":"2014-06-03T11:18:03","date_gmt":"2014-06-03T11:18:03","guid":{"rendered":"https:\/\/previous.predictiveanalyticsworld.de\/?page_id=1297"},"modified":"2019-01-04T12:29:29","modified_gmt":"2019-01-04T12:29:29","slug":"ruckblick","status":"publish","type":"page","link":"https:\/\/previous.predictiveanalyticsworld.de\/de\/ruckblick\/","title":{"rendered":"Predictive Analytics World R\u00fcckblick"},"content":{"rendered":"<p><\/p>\n<h1>Predictive Analytics World R\u00fcckblick<\/h1>\n<p>W\u00e4hlen Sie hier das gew\u00fcnschte Jahr aus.<br \/>\n<!-- CONVERSIONCOFERENCE LINKS PERSIST. CHANGING AS I HAVE MORE PREDICTIVEANALYTICS PAGES ESTABLISHED --><br \/>\n<a href=\"https:\/\/previous.predictiveanalyticsworld.de\/business\/dusseldorf-2012\/programm-uberblick\/\"><\/p>\n<div class=\"pastEventBlock pastDusseldorfBackground col-xs-12 col-sm-4 col-md-4 col-lg-4\">\n<h2>Predictive Analytics World 2012.<\/h2>\n<h3>D\u00fcsseldorf<\/h3>\n<h4>6.-7. November 2012<\/h4>\n<\/div>\n<p><\/a><\/p>\n<p><a href=\"https:\/\/previous.predictiveanalyticsworld.de\/business\/berlin2013\/programm\/\"><\/p>\n<div class=\"pastEventBlock pastBerlinBackground col-xs-12 col-sm-4 col-md-4 col-lg-4\">\n<h2>Predictive Analytics World 2013<\/h2>\n<h3>Berlin<\/h3>\n<h4>4.- 5. November 2013<\/h4>\n<\/div>\n<p><\/a><\/p>\n<p><a href=\"https:\/\/previous.predictiveanalyticsworld.de\/business\/berlin2014\/programm\/\"><\/p>\n<div class=\"pastEventBlock pastBerlinBackground col-xs-12 col-sm-4 col-md-4 col-lg-4\">\n<h2>Predictive Analytics World 2014<\/h2>\n<h3>Berlin<\/h3>\n<h4>4.- 5. November 2014<\/h4>\n<\/div>\n<p><\/a><\/p>\n<p><a href=\"https:\/\/previous.predictiveanalyticsworld.de\/business\/berlin2015\/programm\/\"><\/p>\n<div class=\"pastEventBlock pastBerlinBackground col-xs-12 col-sm-4 col-md-4 col-lg-4\">\n<h2>Predictive Analytics World 2015<\/h2>\n<h3>Berlin<\/h3>\n<h4>3.- 4. November 2015<\/h4>\n<\/div>\n<p><\/a><\/p>\n<p><a href=\"https:\/\/previous.predictiveanalyticsworld.de\/berlin2016\/programm\/\"><\/p>\n<div class=\"pastEventBlock pastBerlinBackground col-xs-12 col-sm-4 col-md-4 col-lg-4\">\n<h2>Predictive Analytics World for Business 2016<\/h2>\n<h3>Berlin<\/h3>\n<h4>8.- 9. November 2016<\/h4>\n<\/div>\n<p><\/a><\/p>\n<p><a href=\"https:\/\/previous.predictiveanalyticsworld.de\/berlin2017\/programm\/\"><\/p>\n<div class=\"pastEventBlock pastBerlinBackground col-xs-12 col-sm-4 col-md-4 col-lg-4\">\n<h2>Predictive Analytics World for Business 2017<\/h2>\n<h3>Berlin<\/h3>\n<h4>13.- 14. November 2017<\/h4>\n<\/div>\n<p><\/a><\/p>\n<p><a href=\"https:\/\/previous.predictiveanalyticsworld.de\/berlin2018\/programm\/\"><\/p>\n<div class=\"pastEventBlock pastBerlinBackground col-xs-12 col-sm-4 col-md-4 col-lg-4\">\n<h2>Predictive Analytics World 2018<\/h2>\n<h3>Berlin<\/h3>\n<h4>13.- 14. November 2018<\/h4>\n<\/div>\n<p><\/a><\/p>\n<div style=\"clear: both;\"><\/div>\n<p><\/p>","protected":false},"excerpt":{"rendered":"<p>Predictive Analytics World R\u00fcckblick W\u00e4hlen Sie hier das gew\u00fcnschte Jahr aus. Predictive Analytics World 2012. D\u00fcsseldorf 6.-7. November 2012 Predictive Analytics World 2013 Berlin 4.- 5. November 2013 Predictive Analytics World 2014 Berlin 4.- 5. November 2014 Predictive Analytics World 2015 Berlin 3.- 4. November 2015 Predictive Analytics World for <a class=\"\" href=\"https:\/\/previous.predictiveanalyticsworld.de\/de\/ruckblick\/\">&#8230;&nbsp;weiter lesen<\/a><\/p>\n","protected":false},"author":1,"featured_media":0,"parent":0,"menu_order":0,"comment_status":"closed","ping_status":"closed","template":"","meta":[],"_links":{"self":[{"href":"https:\/\/previous.predictiveanalyticsworld.de\/de\/wp-json\/wp\/v2\/pages\/1297"}],"collection":[{"href":"https:\/\/previous.predictiveanalyticsworld.de\/de\/wp-json\/wp\/v2\/pages"}],"about":[{"href":"https:\/\/previous.predictiveanalyticsworld.de\/de\/wp-json\/wp\/v2\/types\/page"}],"author":[{"embeddable":true,"href":"https:\/\/previous.predictiveanalyticsworld.de\/de\/wp-json\/wp\/v2\/users\/1"}],"replies":[{"embeddable":true,"href":"https:\/\/previous.predictiveanalyticsworld.de\/de\/wp-json\/wp\/v2\/comments?post=1297"}],"version-history":[{"count":12,"href":"https:\/\/previous.predictiveanalyticsworld.de\/de\/wp-json\/wp\/v2\/pages\/1297\/revisions"}],"predecessor-version":[{"id":3779,"href":"https:\/\/previous.predictiveanalyticsworld.de\/de\/wp-json\/wp\/v2\/pages\/1297\/revisions\/3779"}],"wp:attachment":[{"href":"https:\/\/previous.predictiveanalyticsworld.de\/de\/wp-json\/wp\/v2\/media?parent=1297"}],"curies":[{"name":"wp","href":"https:\/\/api.w.org\/{rel}","templated":true}]}}