{"id":2487,"date":"2016-09-20T20:07:52","date_gmt":"2016-09-20T20:07:52","guid":{"rendered":"https:\/\/previous.predictiveanalyticsworld.de\/?page_id=2487"},"modified":"2019-02-04T14:44:01","modified_gmt":"2019-02-04T14:44:01","slug":"call-for-speaker","status":"publish","type":"page","link":"https:\/\/previous.predictiveanalyticsworld.de\/de\/industry4-0\/call-for-speaker\/","title":{"rendered":"Call for Speaker"},"content":{"rendered":"<p><\/p>\n<h1>Werden Sie Referent<\/h1>\n<h2>Predictive Analytics World for Industry 4.0 M\u00fcnchen<br \/>\n6.- 7. Mai 2019 &#8211; Holiday Inn Munich City Center<\/h2>\n<hr \/>\n<h3>Eine Bewerbung als Referent f\u00fcr die Predictive Analytics World for Industry 4.0 2019 in M\u00fcnchen ist aktuell nicht mehr <!--in K\u00fcrze -->m\u00f6glich.<\/h3>\n<p><?php \/*\n\n\n\nIf you wish to apply as a speaker for Predictive Analytics World for Industry 4.0 M\u00fcnchen,<br \/>\nplease click <a href=\"https:\/\/previous.predictiveanalyticsworld.de\/en\/industry4-0\/call-for-speaker\/\">here<\/a> (English Call for Speaker Form).<\/p>\n<p><strong>Deadline for submissions: January 19, 2019<\/strong><\/p>\n<p style=\"text-align: center; font-weight: bold; font-size: 16px; color: #0071BC;\">\n<a href=\"https:\/\/previous.predictiveanalyticsworld.de\/en\/industry4-0\/call-for-speaker\/\" class=\"btn btn-default btn-lg\" title=\"Predictive Analytics World for Industry 4.0 - Call for Speaker Form\"><strong>Call for Speaker Form<\/strong><\/a>\n<\/p>\n<div style=\"clear:both;\"><\/div>\n<div class=\"col-md-12\">\n<iframe loading=\"lazy\" src=\"\/\/www.slideshare.net\/slideshow\/embed_code\/key\/mdu3MxWnU8H9SF\" width=\"595\" height=\"485\" frameborder=\"0\" marginwidth=\"0\" marginheight=\"0\" scrolling=\"no\" style=\"border:1px solid #CCC; border-width:1px; margin-bottom:5px; max-width: 100%;\" allowfullscreen> <\/iframe> <\/p>\n<div style=\"margin-bottom:5px\"> <strong> <a href=\"\/\/www.slideshare.net\/PAWDeutschland\/predictive-analytics-world-for-industry-40-munich\" title=\"Predictive Analytics World for Industry 4.0 Munich\" target=\"_blank\">Predictive Analytics World for Industry 4.0 Munich<\/a> <\/strong> from <strong><a href=\"https:\/\/www.slideshare.net\/PAWDeutschland\" target=\"_blank\">Predictive Analytics World<\/a><\/strong> <\/div>\n<\/div>\n<div style=\"clear:both;\"><\/div>\n<p>*\/ ?><br \/>\n<?php \/*\n\n\n<hr \/>\n<p>Sie m\u00f6chten sich als Referent bewerben?<br \/>\nBitte f\u00fcllen Sie unser <a href=\"https:\/\/docs.google.com\/forms\/d\/1nUVC3sDWAn-J6rfIdNzRJ-D3j0dhAFejOPmT-oxLJxA\/edit\" class=\"bumpbox\" rel=\"600-600\" title=\"Predictive Analytics World for Industry 4.0 werden\">Referentenbewerbungsformular<\/a> aus.<\/p>\n<hr \/>\n<p><strong>Eine Bewerbung als Referent f\u00fcr die Predictive Analytics World for Industry 4.0 in M\u00fcnchen ist bis zum 31. Januar 2018 m\u00f6glich.<\/strong><\/p>\n<p>Das Programm jeder Predictive Analytics World for Industry 4.0 Veranstaltung wird ausschlie\u00dflich nach inhaltlichen Aspekten zusammengestellt.<br \/>\n<strong>Wir verkaufen keine Referentenslots<\/strong><\/p>\n<p>Bitte beachten Sie bei Ihrer Bewerbung die Hinweise auf der Seite.<\/p>\n<p>Sie m\u00f6chten einen Referenten vorschlagen? Wir freuen uns \u00fcber Ihre Empfehlungen!<\/p>\n<p><strong>Wie geht es weiter?<\/strong><\/p>\n<p>Sie erhalten von uns eine kurze Eingangsbest\u00e4tigung \u2013 das Programm der Predictive Analytics World for Industry 4.0 M\u00fcnchen wird im Fr\u00fchjahr 2018 erstellt. Aufgrund der hohen Anzahl an Referentenvorschl\u00e4gen und \u2013bewerbungen bitten wir Sie, von Nachfragen bzgl. des Standes Ihres eingereichten Vorschlages abzusehen.<\/p>\n<hr \/>\n<ul>\n<li><strong>Erz\u00e4hlen Sie nicht, zeigen Sie:<\/strong> Die Zuh\u00f6rer wollen echte Beispiele, Screenshots und Geschichten, die Tipps und Techniken illustrieren. Die Teilnehmer wollen sehen, wie die Dinge funktionieren und keine Bulletpoints. Zeigen Sie was Sie erkl\u00e4ren und die Zuh\u00f6rer werden Ihnen beste Bewertungen geben.<\/li>\n<li><strong>Bitte seien Sie offen:<\/strong> Geben Sie Tipps, Ratschl\u00e4ge und Insiderwissen weiter.<\/li>\n<li><strong>Fakten &#038; Meinungen:<\/strong> Meist gibt es auf Predictive Analytics Fragen nicht nur eine richtige Antwort. Aber es gibt eine Menge unterschiedlicher Meinungen! Deshalb ist es besonders wichtig zu verdeutlichen, wann Sie Ihre Meinung aussprechen, mit den Teilnehmern Ihre Erfahrungen teilen oder Fakten pr\u00e4sentieren.<\/li>\n<li><strong>Kein Sales Pitch!<\/strong> Auf der Konferenz m\u00f6chten die Teilnehmer lernen und nicht h\u00f6ren, was Sie verkaufen. Wenn Sie eine gute Pr\u00e4sentation halten \u2013 ohne Verkaufsinhalte \u2013 ist das die beste und wertvollste Darstellung f\u00fcr Ihr Unternehmen.  Wenn Sie Ihre Firma als Teil Ihrer Teilnahme als Referent kurz vorstellen m\u00f6chten, dann halten Sie sich bitte an folgende Vorschl\u00e4ge, die Ihnen die PR erm\u00f6glicht und von Zuh\u00f6rern in der Regeln nicht als negativ empfunden werden: Zeigen Sie ein Slide\/eine Folie um Ihr Unternehmen und Ihr Angebot darzustellen, vor allem wenn dies im Kontext zu Ihrer Pr\u00e4sentation steht. Sie k\u00f6nnen auch Ihre Services, Kunden, Hintergrund etc.. kurz auflisten. Nutzen Sie daf\u00fcr nicht mehr als 30 Sekunden, maximal eine Minute. Wollen Sie Bonuspunkte? Erw\u00e4hnen Sie, dass Sie viel \u00fcber Ihr Unternehmen erz\u00e4hlen k\u00f6nnten, den Teilnehmern aber die \u00fcblichen Verkaufspr\u00e4sentationen ersparen wollen. Die Teilnehmer werden dies zu sch\u00e4tzen wissen.<\/li>\n<\/ul>\n<p><strong>Wir freuen uns von Ihnen zu h\u00f6ren.<\/strong><\/p>\n<p style=\"text-align: center; font-weight: bold; font-size: 16px; color: #0071BC;\">\n<a href=\"https:\/\/previous.predictiveanalyticsworld.de\/industry4-0\/referenten-formular\/\" class=\"btn btn-default btn-lg\" title=\"Predictive Analytics World for Industry 4.0 Referent werden\"><strong>Formular \u00f6ffnen<\/strong><\/a>\n<\/p>\n<div style=\"clear:both;\"><\/div>\n<hr \/>\n<div style=\"clear:both;\"><\/div>\n<p><?php \/*\n\n\n<div class=\"col-md-12\">\n<iframe loading=\"lazy\" src=\"\/\/www.slideshare.net\/slideshow\/embed_code\/key\/z9yqiZVKGiZ8fw\" width=\"100%\" height=\"485\" frameborder=\"0\" marginwidth=\"0\" marginheight=\"0\" scrolling=\"no\" style=\"border:1px solid #CCC; border-width:1px; margin-bottom:5px; max-width: 100%;\" allowfullscreen> <\/iframe> <\/p>\n<div style=\"margin-bottom:5px\"> <strong> <a href=\"\/\/www.slideshare.net\/PAWDeutschland\/predictive-analytics-world-manufacturing-dsseldorf-2017\" title=\"Predictive Analytics World for Industry 4.0 M\u00fcnchen 2018\" target=\"_blank\">Predictive Analytics World for Industry 4.0 M\u00fcnchen 2018<\/a> <\/strong> from <strong><a target=\"_blank\" href=\"\/\/www.slideshare.net\/PAWDeutschland\">Predictive Analytics World<\/a><\/strong> <\/div>\n<\/div>\n<div style=\"clear:both;\"><\/div>\n<p>*\/ ?><\/p>","protected":false},"excerpt":{"rendered":"<p>Werden Sie Referent Predictive Analytics World for Industry 4.0 M\u00fcnchen 6.- 7. Mai 2019 &#8211; Holiday Inn Munich City Center Eine Bewerbung als Referent f\u00fcr die Predictive Analytics World for Industry 4.0 2019 in M\u00fcnchen ist aktuell nicht mehr m\u00f6glich.<\/p>\n","protected":false},"author":1,"featured_media":3023,"parent":2292,"menu_order":0,"comment_status":"closed","ping_status":"closed","template":"page-manufacturing.php","meta":[],"_links":{"self":[{"href":"https:\/\/previous.predictiveanalyticsworld.de\/de\/wp-json\/wp\/v2\/pages\/2487"}],"collection":[{"href":"https:\/\/previous.predictiveanalyticsworld.de\/de\/wp-json\/wp\/v2\/pages"}],"about":[{"href":"https:\/\/previous.predictiveanalyticsworld.de\/de\/wp-json\/wp\/v2\/types\/page"}],"author":[{"embeddable":true,"href":"https:\/\/previous.predictiveanalyticsworld.de\/de\/wp-json\/wp\/v2\/users\/1"}],"replies":[{"embeddable":true,"href":"https:\/\/previous.predictiveanalyticsworld.de\/de\/wp-json\/wp\/v2\/comments?post=2487"}],"version-history":[{"count":31,"href":"https:\/\/previous.predictiveanalyticsworld.de\/de\/wp-json\/wp\/v2\/pages\/2487\/revisions"}],"predecessor-version":[{"id":3847,"href":"https:\/\/previous.predictiveanalyticsworld.de\/de\/wp-json\/wp\/v2\/pages\/2487\/revisions\/3847"}],"up":[{"embeddable":true,"href":"https:\/\/previous.predictiveanalyticsworld.de\/de\/wp-json\/wp\/v2\/pages\/2292"}],"wp:featuredmedia":[{"embeddable":true,"href":"https:\/\/previous.predictiveanalyticsworld.de\/de\/wp-json\/wp\/v2\/media\/3023"}],"wp:attachment":[{"href":"https:\/\/previous.predictiveanalyticsworld.de\/de\/wp-json\/wp\/v2\/media?parent=2487"}],"curies":[{"name":"wp","href":"https:\/\/api.w.org\/{rel}","templated":true}]}}