{"id":2955,"date":"2017-10-02T11:43:03","date_gmt":"2017-10-02T11:43:03","guid":{"rendered":"https:\/\/previous.predictiveanalyticsworld.de\/?page_id=2955"},"modified":"2019-05-03T10:47:33","modified_gmt":"2019-05-03T10:47:33","slug":"sponsoren","status":"publish","type":"page","link":"https:\/\/previous.predictiveanalyticsworld.de\/de\/industry4-0\/sponsoren\/","title":{"rendered":"Aussteller, Sponsoren und Partner"},"content":{"rendered":"<p><!--h1 style=\"color: #ff0000;\">Review - Aussteller, Sponsoren und Partner 2019<\/h1-->\n<h1>Aussteller, Sponsoren und Partner<\/h1>\n<hr \/>\n<p><img src=\"https:\/\/previous.predictiveanalyticsworld.de\/wp-content\/uploads\/2019\/05\/pawind_floor_plan_050219.jpg\" alt=\"\" width=\"1100\" class=\"img-responsive aligncenter size-full wp-image-3934\" \/><\/p>\n<p><div class=\"sponsorList\"><div class=\"category\" id=\"category1550\"><h3>Exhibitors<\/h3><div class=\"sponsors partnerprofile\" id=\"predsponsors3363\" itemscope itemtype=\"http:\/\/schema.org\/brand\"><div class=\"inner\"><div class=\"backgroundimage\"><div class=\"gardient\"><div class=\"glass\"><div class=\"infos\"><div class=\"logo\"><a target=\"_blank\" href=\"http:\/\/www.crosser.io\"><img class=\"img-brand img-responsive\" src=\"https:\/\/stuff.risingmedia.eu\/images\/partner\/3363.png?d=1554804264\" width=\"180\" height=\"75\" alt=\"Crosser\" title=\"Crosser\" id=\"brand3363\" border=\"0\" itemprop=\"image\" \/><\/a><\/div><!-- \/.logo --><a target=\"_blank\" href=\"http:\/\/www.crosser.io\"><h5 class=\"nameline\" itemprop=\"name\">Crosser<\/h5><\/a><div class=\"boothnumberline\"><div class=\"boothnumberheadline\">Stand Nr.<\/div><div class=\"boothnumber\">8<\/div><\/div><div class=\"socialprofiles\"><\/div><\/div><!-- \/.infos --><\/div><!-- \/.glass --><\/div><!-- \/.gardient --><\/div><!-- \/.backgroundimage --><div class=\"descriptionarea\"><div class=\"description\" itemprop=\"description\"><p>Crosser designs and develops Streaming Analytics and Integration software for any Edge, On-premise or Cloud. The Crosser Platform enables real-time processing of streaming or batch data for Industrial IoT, Data Transformation, Analytics, Automation and Integration.&nbsp;<\/p><p>The solution is built to fight complexity with simplicity through the Crosser Flow Studio, the visual design tool that enables teams to innovate faster than ever without developers. The software is ideally suited for Enterprise customers of various industries and applications, including Factory 4.0, Condition Monitoring, Predictive Maintenance, and next generation Hybrid Integration.<\/p><p>Crosser was included in the \u201cCool Vendors in IoT Edge Computing, 2018\u201d report by Gartner, Inc.<\/p><\/div><!-- \/.description --><\/div><!-- \/.descriptionarea --><div style=\"clear: both;\"><\/div><\/div><!-- \/.inner --><\/div><!-- \/. sponsors partnerprofile --><div class=\"sponsors partnerprofile\" id=\"predsponsors3361\" itemscope itemtype=\"http:\/\/schema.org\/brand\"><div class=\"inner\"><div class=\"backgroundimage\"><div class=\"gardient\"><div class=\"glass\"><div class=\"infos\"><div class=\"logo\"><img class=\"img-brand img-responsive\" src=\"https:\/\/stuff.risingmedia.eu\/images\/partner\/3361.png?d=1555510507\" width=\"180\" height=\"29\" alt=\"Curious AI\" title=\"Curious AI\" id=\"brand3361\" border=\"0\" itemprop=\"image\" \/><\/div><!-- \/.logo --><h5 class=\"nameline\" itemprop=\"name\">Curious AI<\/h5><div class=\"boothnumberline\"><div class=\"boothnumberheadline\">Stand Nr.<\/div><div class=\"boothnumber\">3<\/div><\/div><div class=\"socialprofiles\"><\/div><\/div><!-- \/.infos --><\/div><!-- \/.glass --><\/div><!-- \/.gardient --><\/div><!-- \/.backgroundimage --><div class=\"descriptionarea\"><div class=\"description\" itemprop=\"description\"><p>Curious AI Ltd. builds easy to use intelligent automation for industrialor business process optimisation. For the office, Curious AI provides a novel API solution for e.g. invoices and expenses (automated accounting), deployable in weeks. For industrial customers CAI today ships prediction, optimisation and AI model-predictive control (MPC) solutions. Founded in 2015 and backed by 6 international investors, Curious AI is based out of the internationally acclaimed AI hotbed of Helsinki, Finland.<a target=\"_blank\" href=\"http:\/\/www.thecuriousaicompany.com\/\" rel=\"noreferrer\"  data-saferedirecturl=\"https:\/\/www.google.com\/url?q=http:\/\/www.thecuriousaicompany.com&source=gmail&ust=1556203389975000&usg=AFQjCNGrY5wwhPE9OOE2QZQAvj8nwIeeJg\">www.thecuriousaicompany.com<\/a><\/p><\/div><!-- \/.description --><\/div><!-- \/.descriptionarea --><div style=\"clear: both;\"><\/div><\/div><!-- \/.inner --><\/div><!-- \/. sponsors partnerprofile --><div class=\"sponsors partnerprofile\" id=\"predsponsors3369\" itemscope itemtype=\"http:\/\/schema.org\/brand\"><div class=\"inner\"><div class=\"backgroundimage\"><div class=\"gardient\"><div class=\"glass\"><div class=\"infos\"><div class=\"logo\"><a target=\"_blank\" href=\"http:\/\/www.denodo.com\"><img class=\"img-brand img-responsive\" src=\"https:\/\/stuff.risingmedia.eu\/images\/partner\/3369.png?d=1556091308\" width=\"180\" height=\"78\" alt=\"Denodo Technologies\" title=\"Denodo Technologies\" id=\"brand3369\" border=\"0\" itemprop=\"image\" \/><\/a><\/div><!-- \/.logo --><a target=\"_blank\" href=\"http:\/\/www.denodo.com\"><h5 class=\"nameline\" itemprop=\"name\">Denodo Technologies<\/h5><\/a><div class=\"boothnumberline\"><div class=\"boothnumberheadline\">Stand Nr.<\/div><div class=\"boothnumber\">2<\/div><\/div><div class=\"socialprofiles\"><\/div><\/div><!-- \/.infos --><\/div><!-- \/.glass --><\/div><!-- \/.gardient --><\/div><!-- \/.backgroundimage --><div class=\"descriptionarea\"><div class=\"description\" itemprop=\"description\"><p><a target=\"_blank\" href=\"https:\/\/www.denodo.com\/de\/webinar\/datenvirtualisierung-integraler-bestandteil-einer-zukunftssicheren-it-infrastruktur\">Denodo<\/a>&nbsp;ist der f\u00fchrende Anbieter im Bereich der Datenvirtualisierung und bietet Unternehmen agile und hochleistungsf\u00e4hige Datenintegration, Datenabstraktion und Datendienste in Echtzeit aus einer Vielzahl verschiedener Quellen, wie Unternehmensdaten, Cloud-Daten oder Big Data und unstrukturierten Daten an, und das zur H\u00e4lfte der Kosten herk\u00f6mmlicher Datenintegrationsans\u00e4tze. Denodo\u00b4s Kunden aus allen wichtigen Branchen konnten durch den schnelleren und einfacheren Zugriff auf einheitliche Gesch\u00e4ftsinformationen f\u00fcr ihre agile BI, Big Data Analytics, Web- und Cloud-Integration, Single-View-Anwendungen sowie Unternehmensdatendienste ihre Flexibilit\u00e4t und Rentabilit\u00e4t erheblich steigern. Denodo ist kapitalkr\u00e4ftig, profitabel und in Privatbesitz. F\u00fcr weitere Informationen besuchen Sie<a target=\"_blank\" href=\"https:\/\/www.denodo.com\/de\">https:\/\/www.denodo.com\/de<\/a><\/p><\/div><!-- \/.description --><\/div><!-- \/.descriptionarea --><div style=\"clear: both;\"><\/div><\/div><!-- \/.inner --><\/div><!-- \/. sponsors partnerprofile --><div class=\"sponsors partnerprofile\" id=\"predsponsors3374\" itemscope itemtype=\"http:\/\/schema.org\/brand\"><div class=\"inner\"><div class=\"backgroundimage\"><div class=\"gardient\"><div class=\"glass\"><div class=\"infos\"><div class=\"logo\"><a target=\"_blank\" href=\"https:\/\/deep-data-analytics.com\/\"><img class=\"img-brand img-responsive\" src=\"https:\/\/stuff.risingmedia.eu\/images\/partner\/3374.png?d=1555494040\" width=\"102\" height=\"80\" alt=\"Deep Data Analytics\" title=\"Deep Data Analytics\" id=\"brand3374\" border=\"0\" itemprop=\"image\" \/><\/a><\/div><!-- \/.logo --><a target=\"_blank\" href=\"https:\/\/deep-data-analytics.com\/\"><h5 class=\"nameline\" itemprop=\"name\">Deep Data Analytics<\/h5><\/a><div class=\"boothnumberline\"><div class=\"boothnumberheadline\">Stand Nr.<\/div><div class=\"boothnumber\">7<\/div><\/div><div class=\"socialprofiles\"><\/div><\/div><!-- \/.infos --><\/div><!-- \/.glass --><\/div><!-- \/.gardient --><\/div><!-- \/.backgroundimage --><div class=\"descriptionarea\"><div class=\"description\" itemprop=\"description\"><p>Simple Z\u00e4hlmetriken spiegeln nicht die komplexen Zusammenh\u00e4nge von Erfolg und Misserfolg in Social Media wider. Beziehungen, Verbindungen und Markenbindung lassen sich nur unzureichend mit z\u00e4hlen von likes und comments abbilden. Deep Data Analytics nutzt k\u00fcnstliche Intelligenz um Social Media Kampagnen, Erfolge und Chancen zu analysieren.<\/p><\/div><!-- \/.description --><\/div><!-- \/.descriptionarea --><div style=\"clear: both;\"><\/div><\/div><!-- \/.inner --><\/div><!-- \/. sponsors partnerprofile --><div class=\"sponsors partnerprofile\" id=\"predsponsors3362\" itemscope itemtype=\"http:\/\/schema.org\/brand\"><div class=\"inner\"><div class=\"backgroundimage\"><div class=\"gardient\"><div class=\"glass\"><div class=\"infos\"><div class=\"logo\"><a target=\"_blank\" href=\"https:\/\/de.mathworks.com\/\"><img class=\"img-brand img-responsive\" src=\"https:\/\/stuff.risingmedia.eu\/images\/partner\/3362.png?d=1554469424\" width=\"180\" height=\"36\" alt=\"The MathWorks\" title=\"The MathWorks\" id=\"brand3362\" border=\"0\" itemprop=\"image\" \/><\/a><\/div><!-- \/.logo --><a target=\"_blank\" href=\"https:\/\/de.mathworks.com\/\"><h5 class=\"nameline\" itemprop=\"name\">The MathWorks<\/h5><\/a><div class=\"boothnumberline\"><div class=\"boothnumberheadline\">Stand Nr.<\/div><div class=\"boothnumber\">5<\/div><\/div><div class=\"socialprofiles\"><\/div><\/div><!-- \/.infos --><\/div><!-- \/.glass --><\/div><!-- \/.gardient --><\/div><!-- \/.backgroundimage --><div class=\"descriptionarea\"><div class=\"description\" itemprop=\"description\"><p>MathWorks is the leading developer and supplier of software for technical computing and Model-Based Design.<br>Over 3,000,000 engineers and scientists in more than 180 countries, on all seven continents, use MATLAB und Simulink.<br>MATLAB enables Machine and Deep Learning in the Enterprise context through:<br>- a professional, easy-to-learn programming language together with a versatile development environment<br>- interactive apps for creating, training and comparing models&nbsp;<br>- convenient integration into existing enterprise architectures and production systems<br>- direct access to latest models like GoogLeNet, VGG-16, VGG-19, AlexNet and ResNet-50 as well as interfaces to Caffe and TensorFlow-Keras<br>- Scaling of algorithms for out-of-memory data, CPU and GPU clusters, as well as big data and cloud platforms<br>- Application-specific function libraries from areas such as automated driving, econometric modelling, predictive maintenance, signal processing and much more.<br>- automated generation of C, C++ or CUDA code for embedded and high-performance applications<\/p><\/div><!-- \/.description --><\/div><!-- \/.descriptionarea --><div style=\"clear: both;\"><\/div><\/div><!-- \/.inner --><\/div><!-- \/. sponsors partnerprofile --><div class=\"sponsors partnerprofile\" id=\"predsponsors3262\" itemscope itemtype=\"http:\/\/schema.org\/brand\"><div class=\"inner\"><div class=\"backgroundimage\"><div class=\"gardient\"><div class=\"glass\"><div class=\"infos\"><div class=\"logo\"><a target=\"_blank\" href=\"http:\/\/www.senseye.io\"><img class=\"img-brand img-responsive\" src=\"https:\/\/stuff.risingmedia.eu\/images\/partner\/3262.png?d=1554736312\" width=\"180\" height=\"40\" alt=\"Senseye GmbH\" title=\"Senseye GmbH\" id=\"brand3262\" border=\"0\" itemprop=\"image\" \/><\/a><\/div><!-- \/.logo --><a target=\"_blank\" href=\"http:\/\/www.senseye.io\"><h5 class=\"nameline\" itemprop=\"name\">Senseye GmbH<\/h5><\/a><div class=\"boothnumberline\"><div class=\"boothnumberheadline\">Stand Nr.<\/div><div class=\"boothnumber\">4<\/div><\/div><div class=\"socialprofiles\"><\/div><\/div><!-- \/.infos --><\/div><!-- \/.glass --><\/div><!-- \/.gardient --><\/div><!-- \/.backgroundimage --><div class=\"descriptionarea\"><div class=\"description\" itemprop=\"description\"><p>Senseye&trade; is the leading cloud-based software for predictive maintenance. It helps manufacturers avoid downtime and save money by automatically forecasting machine failure without the need for expert manual analysis. Its intelligent machine-learning algorithms allow it to be used on any machine from any manufacturer, taking information from existing Industrial IoT sensors and platforms to automatically diagnose failures and provide the remaining useful life of machinery.<\/p><\/div><!-- \/.description --><\/div><!-- \/.descriptionarea --><div style=\"clear: both;\"><\/div><\/div><!-- \/.inner --><\/div><!-- \/. sponsors partnerprofile --><div class=\"clearfix\"><\/div><\/div><!-- \/.category #category1550 --><div class=\"category\" id=\"category1538\"><h3>Media Partners<\/h3><div class=\"sponsors partnerprofile\" id=\"predsponsors1632\" itemscope itemtype=\"http:\/\/schema.org\/brand\"><div class=\"inner\"><div class=\"backgroundimage\"><div class=\"gardient\"><div class=\"glass\"><div class=\"infos\"><div class=\"logo\"><a target=\"_blank\" href=\"https:\/\/digitalagencynetwork.com\/\"><img class=\"img-brand img-responsive\" src=\"https:\/\/stuff.risingmedia.eu\/images\/partner\/1632.png?d=1557476912\" width=\"180\" height=\"66\" alt=\"DAN Global\" title=\"DAN Global\" id=\"brand1632\" border=\"0\" itemprop=\"image\" \/><\/a><\/div><!-- \/.logo --><a target=\"_blank\" href=\"https:\/\/digitalagencynetwork.com\/\"><h5 class=\"nameline\" itemprop=\"name\">DAN Global<\/h5><\/a><div class=\"socialprofiles\"><\/div><\/div><!-- \/.infos --><\/div><!-- \/.glass --><\/div><!-- \/.gardient --><\/div><!-- \/.backgroundimage --><div class=\"descriptionarea\"><div class=\"description\" itemprop=\"description\"><p>Das Digital Agency Network (DAN) konzentriert sich auf Zusammenarbeit, Wissensaustausch, gesch\u00e4ftliche Unterst\u00fctzung und Erkundung. DAN ist ein globales Netzwerk sorgf\u00e4ltig ausgew\u00e4hlter, hochtalentierter, unabh\u00e4ngig arbeitender Marketing- und Werbeagenturen mit einer digitalen DNA. Die Aufgabe von DAN besteht darin, die Gesch\u00e4fte der Mitgliedsagenturen zu unterst\u00fctzen und die Intelligenz, das Fachwissen, die Reichweite und die Effektivit\u00e4t der Mitglieder durch Wissensaustausch und Zusammenarbeit zu verbessern. Heute gibt es mehr als 2.700+ DAN-Mitgliedsagenturen, die in 90 St\u00e4dten weltweit t\u00e4tig sind. Alle Mitgliedsagenturen geh\u00f6ren in ihren jeweiligen L\u00e4ndern zu den Marktf\u00fchrern in Sachen Kreativit\u00e4t und verf\u00fcgen \u00fcber ein beeindruckendes Portfolio an Kampagnen und Auszeichnungen.<\/p>\r\n<p><a target=\"_blank\" href=\"https:\/\/digitalagencynetwork.com\/\"><\/a><\/p><\/div><!-- \/.description --><\/div><!-- \/.descriptionarea --><div style=\"clear: both;\"><\/div><\/div><!-- \/.inner --><\/div><!-- \/. sponsors partnerprofile --><div class=\"sponsors partnerprofile\" id=\"predsponsors201\" itemscope itemtype=\"http:\/\/schema.org\/brand\"><div class=\"inner\"><div class=\"backgroundimage\"><div class=\"gardient\"><div class=\"glass\"><div class=\"infos\"><div class=\"logo\"><a target=\"_blank\" href=\"http:\/\/www.kdnuggets.com\/\"><img class=\"img-brand img-responsive\" src=\"https:\/\/stuff.risingmedia.eu\/images\/partner\/201.png?d=1550753479\" width=\"180\" height=\"71\" alt=\"KDnuggets\" title=\"KDnuggets\" id=\"brand201\" border=\"0\" itemprop=\"image\" \/><\/a><\/div><!-- \/.logo --><a target=\"_blank\" href=\"http:\/\/www.kdnuggets.com\/\"><h5 class=\"nameline\" itemprop=\"name\">KDnuggets<\/h5><\/a><div class=\"socialprofiles\"><\/div><\/div><!-- \/.infos --><\/div><!-- \/.glass --><\/div><!-- \/.gardient --><\/div><!-- \/.backgroundimage --><div class=\"descriptionarea\"><div class=\"description\" itemprop=\"description\"><p>Data Mining Community's Top Resource for Data Mining and Analytics News, Software, Jobs, Consulting, and more.<\/p><\/div><!-- \/.description --><\/div><!-- \/.descriptionarea --><div style=\"clear: both;\"><\/div><\/div><!-- \/.inner --><\/div><!-- \/. sponsors partnerprofile --><div class=\"sponsors partnerprofile\" id=\"predsponsors2383\" itemscope itemtype=\"http:\/\/schema.org\/brand\"><div class=\"inner\"><div class=\"backgroundimage\"><div class=\"gardient\"><div class=\"glass\"><div class=\"infos\"><div class=\"logo\"><a target=\"_blank\" href=\"https:\/\/www.mediaplanet.com\/at\/?utm_source=events2019\"><img class=\"img-brand img-responsive\" src=\"https:\/\/stuff.risingmedia.eu\/images\/partner\/2383.png?d=1564050211\" width=\"180\" height=\"76\" alt=\"MEDIAPLANET\" title=\"MEDIAPLANET\" id=\"brand2383\" border=\"0\" itemprop=\"image\" \/><\/a><\/div><!-- \/.logo --><a target=\"_blank\" href=\"https:\/\/www.mediaplanet.com\/at\/?utm_source=events2019\"><h5 class=\"nameline\" itemprop=\"name\">MEDIAPLANET<\/h5><\/a><div class=\"socialprofiles\"><\/div><\/div><!-- \/.infos --><\/div><!-- \/.glass --><\/div><!-- \/.gardient --><\/div><!-- \/.backgroundimage --><div class=\"descriptionarea\"><div class=\"description\" itemprop=\"description\"><p>Mediaplanet delivers top class content marketing campaigns together with 15 000+ clients globally. Since the start in Stockholm back in 2002, we have grown into the world\u2019s leading content marketing group with 15 offices across Europe and the North Americas. We make branding easy for our clients by taking care of the entire value chain \u2013 from concept to production and distribution, and by collaborating with top influencers and world-renowned media houses. We are developing and producing 1,000 themed campaigns in 11 languages each year within our key content verticals; health, lifestyle, technology, business and cause.<\/p><\/div><!-- \/.description --><\/div><!-- \/.descriptionarea --><div style=\"clear: both;\"><\/div><\/div><!-- \/.inner --><\/div><!-- \/. sponsors partnerprofile --><div class=\"sponsors partnerprofile\" id=\"predsponsors32\" itemscope itemtype=\"http:\/\/schema.org\/brand\"><div class=\"inner\"><div class=\"backgroundimage\"><div class=\"gardient\"><div class=\"glass\"><div class=\"infos\"><div class=\"logo\"><a target=\"_blank\" href=\"http:\/\/www.digital-business-magazin.de\/\"><img class=\"img-brand img-responsive\" src=\"https:\/\/stuff.risingmedia.eu\/images\/partner\/32.png?d=1553166147\" width=\"180\" height=\"32\" alt=\"Digital Business Magazin\" title=\"Digital Business Magazin\" id=\"brand32\" border=\"0\" itemprop=\"image\" \/><\/a><\/div><!-- \/.logo --><a target=\"_blank\" href=\"http:\/\/www.digital-business-magazin.de\/\"><h5 class=\"nameline\" itemprop=\"name\">Digital Business Magazin<\/h5><\/a><div class=\"socialprofiles\"><\/div><\/div><!-- \/.infos --><\/div><!-- \/.glass --><\/div><!-- \/.gardient --><\/div><!-- \/.backgroundimage --><div class=\"descriptionarea\"><div class=\"description\" itemprop=\"description\"><p>Digital Business Magazin ist das f\u00fchrende Fachmagazin, das sich ausschliesslich mit L\u00f6sungen auf Basis von Lotus Notes, WebSphere, Tivoli, DB2, Rational, dem Zusammenwirken mit Software-Produkten anderer Hersteller und IBM Hardware besch\u00e4ftigt. Spezielle, auf IBM-Software aufsetzende L\u00f6sungen sorgen f\u00fcr besseren und sicheren Informationsfluss im Unternehmen. Internet- und Intranet-Anwendungen lassen sich mit der IBM-Software nahtlos in die IT-Infrastruktur einbinden. Die optimale Basis f\u00fcr alle L\u00f6sungen bieten die Serversysteme der IBM, ob System i, System p, System x oder Total storage.<\/p><\/div><!-- \/.description --><\/div><!-- \/.descriptionarea --><div style=\"clear: both;\"><\/div><\/div><!-- \/.inner --><\/div><!-- \/. sponsors partnerprofile --><div class=\"sponsors partnerprofile\" id=\"predsponsors3384\" itemscope itemtype=\"http:\/\/schema.org\/brand\"><div class=\"inner\"><div class=\"backgroundimage\"><div class=\"gardient\"><div class=\"glass\"><div class=\"infos\"><div class=\"logo\"><a target=\"_blank\" href=\"http:\/\/www.mdpi.com\/journal\/applsci\"><img class=\"img-brand img-responsive\" src=\"https:\/\/stuff.risingmedia.eu\/images\/partner\/3384.png?d=1556538195\" width=\"180\" height=\"44\" alt=\"Applied Sciences\" title=\"Applied Sciences\" id=\"brand3384\" border=\"0\" itemprop=\"image\" \/><\/a><\/div><!-- \/.logo --><a target=\"_blank\" href=\"http:\/\/www.mdpi.com\/journal\/applsci\"><h5 class=\"nameline\" itemprop=\"name\">Applied Sciences<\/h5><\/a><div class=\"socialprofiles\"><\/div><\/div><!-- \/.infos --><\/div><!-- \/.glass --><\/div><!-- \/.gardient --><\/div><!-- \/.backgroundimage --><div class=\"descriptionarea\"><div class=\"description\" itemprop=\"description\"><p>Applied Sciences (ISSN 2076-3417;&nbsp;Applied Sciences-Basel&nbsp;in Web of Science) is an international, peer-reviewed, open access journal, published semi-monthly by MDPI AG, Basel, Switzerland. The journal is covered by leading indexing services, including Science Citation Index Expanded (Web of Science) and Scopus (2.51 for CiteScoreTracker 2018). Its 2017 Impact Factor is 1.689, and a five-year Impact Factor is 1.855. The median article processing time is 37 days according to the publication data in 2018.&nbsp;<\/p><\/div><!-- \/.description --><\/div><!-- \/.descriptionarea --><div style=\"clear: both;\"><\/div><\/div><!-- \/.inner --><\/div><!-- \/. sponsors partnerprofile --><div class=\"clearfix\"><\/div><\/div><!-- \/.category #category1538 --><\/div><!-- \/.sponsorList --><\/p>","protected":false},"excerpt":{"rendered":"<p>Aussteller, Sponsoren und Partner<\/p>\n","protected":false},"author":1,"featured_media":3023,"parent":2292,"menu_order":0,"comment_status":"closed","ping_status":"closed","template":"page-manufacturing.php","meta":[],"_links":{"self":[{"href":"https:\/\/previous.predictiveanalyticsworld.de\/de\/wp-json\/wp\/v2\/pages\/2955"}],"collection":[{"href":"https:\/\/previous.predictiveanalyticsworld.de\/de\/wp-json\/wp\/v2\/pages"}],"about":[{"href":"https:\/\/previous.predictiveanalyticsworld.de\/de\/wp-json\/wp\/v2\/types\/page"}],"author":[{"embeddable":true,"href":"https:\/\/previous.predictiveanalyticsworld.de\/de\/wp-json\/wp\/v2\/users\/1"}],"replies":[{"embeddable":true,"href":"https:\/\/previous.predictiveanalyticsworld.de\/de\/wp-json\/wp\/v2\/comments?post=2955"}],"version-history":[{"count":15,"href":"https:\/\/previous.predictiveanalyticsworld.de\/de\/wp-json\/wp\/v2\/pages\/2955\/revisions"}],"predecessor-version":[{"id":3937,"href":"https:\/\/previous.predictiveanalyticsworld.de\/de\/wp-json\/wp\/v2\/pages\/2955\/revisions\/3937"}],"up":[{"embeddable":true,"href":"https:\/\/previous.predictiveanalyticsworld.de\/de\/wp-json\/wp\/v2\/pages\/2292"}],"wp:featuredmedia":[{"embeddable":true,"href":"https:\/\/previous.predictiveanalyticsworld.de\/de\/wp-json\/wp\/v2\/media\/3023"}],"wp:attachment":[{"href":"https:\/\/previous.predictiveanalyticsworld.de\/de\/wp-json\/wp\/v2\/media?parent=2955"}],"curies":[{"name":"wp","href":"https:\/\/api.w.org\/{rel}","templated":true}]}}