{"id":3116,"date":"2018-01-03T16:26:03","date_gmt":"2018-01-03T16:26:03","guid":{"rendered":"https:\/\/previous.predictiveanalyticsworld.de\/?page_id=3116"},"modified":"2018-11-30T12:55:56","modified_gmt":"2018-11-30T12:55:56","slug":"location","status":"publish","type":"page","link":"https:\/\/previous.predictiveanalyticsworld.de\/de\/location\/","title":{"rendered":"Location"},"content":{"rendered":"<p><\/p>\n<h1>Location<\/h1>\n<h2>Predictive Analytics World Berlin<br \/>\n18.-19. November 2019, Estrel Hotel Berlin<\/h2>\n<hr \/>\n<p><img class=\"locationpic col-md-4 pull-right\" src=\"https:\/\/previous.predictiveanalyticsworld.de\/wp-content\/uploads\/2017\/04\/Estrel-8-e1396605296108.jpg\" border=\"0\" \/><br \/>\n<strong>Estrel Berlin<\/strong>,<br \/>\nSonnenallee 225,<br \/>\n12057 Berlin,<br \/>\nDeutschland<\/p>\n<p>Telefon: +49 3068310.<br \/>\nE-Mail: <span id=\"enkoder_0_1004640472\">email hidden; JavaScript is required<\/span><script type=\"text\/javascript\">\n\/* <!-- *\/\nfunction hivelogic_enkoder_0_1004640472() {\nvar kode=\"kode=\\\"110 114 103 104 64 37 52 52 51 35 52 52 55 35 52 51 54 35 52 51 55 35 57 55 35 54 58 35 56 53 35 56 52 35 56 55 35 54 56 35 56 53 35 56 53 35 56 56 35 54 56 35 56 53 35 56 52 35 56 54 35 54 56 35 56 53 35 56 54 35 56 52 35 54 56 35 56 53 35 56 53 35 56 54 35 54 56 35 56 53 35 56 52 35 56 56 35 54 56 35 56 53 35 56 53 35 56 55 35 54 56 35 56 53 35 56 53 35 57 51 35 54 56 35 56 56 35 57 51 35 54 56 35 56 53 35 56 54 35 56 54 35 54 56 35 56 53 35 56 53 35 56 59 35 54 56 35 56 53 35 56 52 35 56 60 35 54 56 35 56 53 35 56 53 35 57 51 35 54 56 35 56 53 35 56 52 35 56 56 35 54 56 35 56 56 35 56 55 35 54 56 35 56 55 35 56 59 35 54 56 35 57 51 35 56 57 35 54 56 35 56 58 35 56 55 35 54 56 35 56 53 35 56 52 35 56 52 35 54 56 35 56 55 35 56 57 35 54 56 35 56 53 35 56 52 35 56 59 35 54 56 35 56 53 35 56 53 35 56 59 35 54 56 35 56 53 35 56 52 35 56 56 35 54 56 35 56 53 35 56 52 35 56 57 35 54 56 35 56 58 35 56 56 35 54 56 35 57 51 35 56 57 35 54 56 35 56 55 35 56 59 35 54 56 35 56 53 35 56 53 35 56 54 35 54 56 35 56 53 35 56 52 35 56 52 35 54 56 35 56 53 35 56 52 35 56 60 35 54 56 35 56 53 35 56 53 35 56 53 35 54 56 35 56 53 35 56 53 35 57 51 35 54 56 35 56 53 35 56 53 35 56 56 35 54 56 35 56 58 35 56 53 35 54 56 35 56 53 35 56 52 35 56 59 35 54 56 35 56 53 35 56 53 35 56 56 35 54 56 35 56 53 35 56 53 35 57 51 35 54 56 35 56 53 35 56 52 35 56 56 35 54 56 35 56 53 35 56 53 35 56 53 35 54 56 35 56 58 35 56 59 35 54 56 35 56 53 35 56 52 35 56 56 35 54 56 35 56 53 35 56 53 35 56 60 35 54 56 35 56 53 35 56 53 35 57 51 35 54 56 35 56 53 35 56 53 35 56 59 35 54 56 35 56 53 35 56 52 35 56 56 35 54 56 35 56 53 35 56 53 35 56 53 35 54 56 35 56 56 35 57 51 35 54 56 35 56 53 35 56 52 35 56 54 35 54 56 35 56 53 35 56 53 35 56 56 35 54 56 35 56 53 35 56 53 35 56 54 35 54 56 35 57 51 35 56 57 35 54 56 35 56 55 35 56 59 35 54 56 35 57 51 35 56 57 35 54 56 35 56 58 35 56 57 35 54 56 35 56 53 35 56 52 35 56 59 35 54 56 35 56 53 35 56 53 35 56 56 35 54 56 35 56 53 35 56 53 35 57 51 35 54 56 35 56 53 35 56 52 35 56 56 35 54 56 35 56 53 35 56 53 35 56 53 35 54 56 35 56 58 35 56 59 35 54 56 35 56 53 35 56 52 35 56 56 35 54 56 35 56 53 35 56 53 35 56 60 35 54 56 35 56 53 35 56 53 35 57 51 35 54 56 35 56 53 35 56 53 35 56 59 35 54 56 35 56 53 35 56 52 35 56 56 35 54 56 35 56 53 35 56 53 35 56 53 35 54 56 35 56 56 35 57 51 35 54 56 35 56 53 35 56 52 35 56 54 35 54 56 35 56 53 35 56 53 35 56 56 35 54 56 35 56 53 35 56 53 35 56 54 35 54 56 35 57 51 35 56 57 35 54 56 35 56 58 35 56 55 35 54 56 35 56 57 35 56 52 35 54 56 35 56 53 35 56 52 35 56 52 35 54 56 35 57 51 35 56 57 35 54 56 35 56 58 35 56 57 35 54 56 35 56 55 35 56 59 35 54 56 35 56 56 35 56 56 35 54 56 35 56 58 35 56 54 35 54 58 35 57 53 35 52 52 51 35 52 52 55 35 52 51 54 35 52 51 55 35 57 55 35 52 52 51 35 52 52 55 35 52 51 54 35 52 51 55 35 55 60 35 52 52 59 35 52 52 56 35 52 52 52 35 52 51 59 35 52 52 60 35 55 54 35 55 53 35 54 56 35 55 53 35 55 55 35 57 53 35 52 53 54 35 57 55 35 55 53 35 55 53 35 57 53 35 52 51 56 35 52 52 55 35 52 52 58 35 55 54 35 52 51 59 35 57 55 35 56 52 35 57 53 35 52 51 59 35 57 54 35 52 52 51 35 52 52 55 35 52 51 54 35 52 51 55 35 55 60 35 52 52 52 35 52 51 55 35 52 52 54 35 52 51 57 35 52 52 60 35 52 51 58 35 57 53 35 52 51 59 35 55 57 35 55 57 35 55 55 35 52 53 57 35 52 53 54 35 55 57 35 57 55 35 59 57 35 52 52 60 35 52 52 58 35 52 51 59 35 52 52 54 35 52 51 57 35 55 60 35 52 51 56 35 52 52 58 35 52 52 55 35 52 52 53 35 58 51 35 52 51 58 35 52 51 51 35 52 52 58 35 58 51 35 52 52 55 35 52 51 54 35 52 51 55 35 55 54 35 52 52 56 35 52 51 51 35 52 52 58 35 52 52 59 35 52 51 55 35 58 57 35 52 52 54 35 52 52 60 35 55 54 35 52 52 51 35 52 52 55 35 52 51 54 35 52 51 55 35 60 55 35 52 51 59 35 60 57 35 55 59 35 56 55 35 55 55 35 55 55 35 52 53 59 35 52 52 51 35 52 52 55 35 52 51 54 35 52 51 55 35 57 55 35 52 53 54 35 57 53 37 62 110 114 103 104 64 110 114 103 104 49 118 115 111 108 119 43 42 35 42 44 62 123 64 42 42 62 105 114 117 43 108 64 51 62 108 63 110 114 103 104 49 111 104 113 106 119 107 62 108 46 46 44 126 123 46 64 86 119 117 108 113 106 49 105 117 114 112 70 107 100 117 70 114 103 104 43 115 100 117 118 104 76 113 119 43 110 114 103 104 94 108 96 48 54 44 44 128 110 114 103 104 64 123 62\\\";kode=kode.split(\\' \\');x=\\'\\';for(i=0;i<kode.length;i++){x+=String.fromCharCode(parseInt(kode[i]-3))}kode=x;\";var i,c,x;while(eval(kode));\n}\nhivelogic_enkoder_0_1004640472();\nvar span = document.getElementById('enkoder_0_1004640472');\nspan.parentNode.removeChild(span);\n\/* --> *\/\n<\/script><\/p>\n<div style=\"clear: both;\"><\/div>\n<h4>Hotelzimmerreservierung<\/h4>\n<p>Es gibt eine begrenzte Zimmeranzahl, die Sie im Estrel Berlin zur Gruppenrate von<br \/>\n&#8211; <sup>**<\/sup>\u20ac130 pro \u00dcbernachtung im Einzelzimmer und<br \/>\n&#8211; <sup>**<\/sup>\u20ac142 pro \u00dcbernachtung im Doppelzimmer<br \/>\nbuchen k\u00f6nnen. Das Fr\u00fchst\u00fcck wird separat mit <sup>*<\/sup>\u20ac19 pro Person und Tag berechnet.<\/p>\n<p><!--span style=\"color: #b30000;\">Hotelzimmerreservierungen sind ab sofort nur nach Verf\u00fcgbarkeit buchbar und gelten ausschlie\u00dflich f\u00fcr angemeldete Teilnehmer der Data Driven Business Berlin.\n<strong>Das Estrel Berlin ist f\u00fcr den 08.11.2016 bereits komplett ausgebucht.<\/strong>\nAls Alternative empfehlen wir Ihnen, die Hotelzimmerreservierungen \u00fcber das <a href=\"#InterCityHotel\">InterCity Hotel Berlin Hauptbahnhof<\/a> vorzunehmen.<\/span>--><\/p>\n<p><!--Reservierungen sind zu den angegebenen Sonderkonditionen bis zum 20. August 2018 buchbar.--><\/p>\n<p><a class=\"btn btn-primary\" target=\"_blank\" href=\"https:\/\/reservations.travelclick.com\/17417?groupID=2355783&#038;languageid=7\">Zimmer Online Reservieren<\/a><\/p>\n<p><small><br \/>\n<sup>*<\/sup>Preise inkl. der gesetzlichen MwSt. von 19%.<br \/>\n<sup>**<\/sup>Preise inkl. der gesetzlichen MwSt. von 7%.<br \/>\n<\/small><\/p>\n<hr \/>\n<h4>Hotel Reservations<\/h4>\n<p>There are a limited number of rooms available at the Estrel Berlin, at the special group rate of:<br \/>\n&#8211; <sup>**<\/sup>\u20ac130  per night for a single room, and<br \/>\n&#8211; <sup>**<\/sup>\u20ac142 per night  for a double room.<br \/>\nBreakfast is charged separately at <sup>*<\/sup>\u20ac19 per person per day. <\/p>\n<p><!--To book a hotel room at the group rate, please <a target=\"_blank\" href=\"https:\/\/reservations.travelclick.com\/17417?groupID=2355783\">click here<\/a>.--><\/p>\n<p><!--Rooms are booked at the group rate until the group rate is sold out. The rate only applies to registered participants of the the Data Driven Business Berlin.--><\/p>\n<p><!--Be sure to book by August 20, 2018, after that date the special deal might not be available any longer.--><\/p>\n<p><a class=\"btn btn-primary\" target=\"_blank\" href=\"https:\/\/reservations.travelclick.com\/17417?groupID=2355783\">Book your Room<\/a><br \/>\n<small><br \/>\n<sup>*<\/sup>Prices incl. 19% MwSt.<br \/>\n<sup>**<\/sup>Prices incl. 7% MwSt.<br \/>\n<\/small--><\/p>\n<div style=\"clear: both;\"><\/div>\n<hr \/>\n<div class=\"googleMaps\">\n<iframe loading=\"lazy\" width=\"100%\" height=\"350\" frameborder=\"0\" scrolling=\"no\" marginheight=\"0\" marginwidth=\"0\" src=\"https:\/\/maps.google.com\/maps?f=q&amp;source=s_q&amp;hl=de&amp;geocode=&amp;q=Estrel+Hotel+Berlin,%E2%80%8E+Sonnenallee+225+12057+Berlin&amp;aq=&amp;sll=37.0625,-95.677068&amp;sspn=82.939223,78.837891&amp;ie=UTF8&amp;hq=Estrel+Hotel+Berlin,%E2%80%8E+Sonnenallee+225&amp;hnear=12057+Berlin,+Deutschland&amp;t=m&amp;ll=52.474074,13.459371&amp;spn=0.012083,0.006295&amp;output=embed\"><\/iframe><br \/><small><a href=\"https:\/\/maps.google.com\/maps?f=q&amp;source=embed&amp;hl=de&amp;geocode=&amp;q=Estrel+Hotel+Berlin,%E2%80%8E+Sonnenallee+225+12057+Berlin&amp;aq=&amp;sll=37.0625,-95.677068&amp;sspn=82.939223,78.837891&amp;ie=UTF8&amp;hq=Estrel+Hotel+Berlin,%E2%80%8E+Sonnenallee+225&amp;hnear=12057+Berlin,+Deutschland&amp;t=m&amp;ll=52.474074,13.459371&amp;spn=0.012083,0.006295\" style=\"color:#0000FF;text-align:left\">Gr\u00f6\u00dfere Kartenansicht<\/a><\/small>\n<\/div>\n<p><\/p>","protected":false},"excerpt":{"rendered":"<p>Location Predictive Analytics World Berlin 18.-19. November 2019, Estrel Hotel Berlin Estrel Berlin, Sonnenallee 225, 12057 Berlin, Deutschland Telefon: +49 3068310. E-Mail: email hidden; JavaScript is required Hotelzimmerreservierung Es gibt eine begrenzte Zimmeranzahl, die Sie im Estrel Berlin zur Gruppenrate von &#8211; **\u20ac130 pro \u00dcbernachtung im Einzelzimmer und &#8211; **\u20ac142 <a class=\"\" href=\"https:\/\/previous.predictiveanalyticsworld.de\/de\/location\/\">&#8230;&nbsp;weiter lesen<\/a><\/p>\n","protected":false},"author":1,"featured_media":0,"parent":0,"menu_order":0,"comment_status":"closed","ping_status":"closed","template":"","meta":[],"_links":{"self":[{"href":"https:\/\/previous.predictiveanalyticsworld.de\/de\/wp-json\/wp\/v2\/pages\/3116"}],"collection":[{"href":"https:\/\/previous.predictiveanalyticsworld.de\/de\/wp-json\/wp\/v2\/pages"}],"about":[{"href":"https:\/\/previous.predictiveanalyticsworld.de\/de\/wp-json\/wp\/v2\/types\/page"}],"author":[{"embeddable":true,"href":"https:\/\/previous.predictiveanalyticsworld.de\/de\/wp-json\/wp\/v2\/users\/1"}],"replies":[{"embeddable":true,"href":"https:\/\/previous.predictiveanalyticsworld.de\/de\/wp-json\/wp\/v2\/comments?post=3116"}],"version-history":[{"count":13,"href":"https:\/\/previous.predictiveanalyticsworld.de\/de\/wp-json\/wp\/v2\/pages\/3116\/revisions"}],"predecessor-version":[{"id":3678,"href":"https:\/\/previous.predictiveanalyticsworld.de\/de\/wp-json\/wp\/v2\/pages\/3116\/revisions\/3678"}],"wp:attachment":[{"href":"https:\/\/previous.predictiveanalyticsworld.de\/de\/wp-json\/wp\/v2\/media?parent=3116"}],"curies":[{"name":"wp","href":"https:\/\/api.w.org\/{rel}","templated":true}]}}