{"id":3264,"date":"2018-03-28T12:52:58","date_gmt":"2018-03-28T12:52:58","guid":{"rendered":"https:\/\/previous.predictiveanalyticsworld.de\/?page_id=3264"},"modified":"2018-11-15T11:23:20","modified_gmt":"2018-11-15T11:23:20","slug":"abendveranstaltung","status":"publish","type":"page","link":"https:\/\/previous.predictiveanalyticsworld.de\/de\/abendveranstaltung\/","title":{"rendered":"Abendveranstaltung &#8211; Data Driven Business Networking Lounge"},"content":{"rendered":"<p><img src=\"https:\/\/previous.predictiveanalyticsworld.de\/wp-content\/uploads\/2014\/10\/ddbw_netlounge.png\" align=\"right\" width=\"230\" style=\"margin: 10px;\" border=\"0\" \/><\/p>\n<h1>Abendveranstaltung<br \/>\nData Driven Business Networking Lounge<\/h1>\n<div style=\"clear: both;\"><\/div>\n<p><img loading=\"lazy\" src=\"https:\/\/datadrivenbusiness.de\/wp-content\/uploads\/2016\/02\/IMG_6887.jpeg\" alt=\"networking-location\" width=\"400\" height=\"\" class=\"alignright size-full wp-image-3777\" \/><\/p>\n<h2>18. November 2019,<br \/>\nab 19:00 Uhr<\/h2>\n<p><!--h4>Location:<\/h4>\n\n\n<b>Prince Charles<\/b>\nPrinzenstra\u00dfe 85f,\n10969 Berlin\n<a target=\"_blank\" href=\"https:\/\/www.princecharlesberlin.com\/\">www.princecharlesberlin.com<\/a--><\/p>\n<div style=\"clear: both;\"><\/div-->\n<div style=\"clear: both;\"><\/div>\n<h4>Lassen Sie uns gemeinsam den ersten Konferenztag<!-- im Prince Charles--> ausklingen.<\/h4>\n<p>Leckeres Essen und Getr\u00e4nke, spannende Gespr\u00e4che und Diskussionen, gem\u00fctliche Networkingm\u00f6glichkeiten und viel gute Musik. Hier ist f\u00fcr jeden etwas dabei! Unsere Shuttlebusse bringen Sie von der Konferenz ab 18:30 Uhr (der letzte Shuttlebus um 19:00 Uhr) direkt zur Networking Lounge.<\/p>\n<p><strong>Tickets<\/strong> k\u00f6nnen zum Preis von <strong>EUR 95,- zzgl. MwSt<\/strong>. erworben werden.<br \/>\nIm Preis inkludiert ist der Transfer <!--zum SUPER concept space -->sowie der Besuch der Networking Lounge inkl. Catering und Getr\u00e4nke.<\/p>\n<div style=\"clear: both;\"><\/div>\n<hr \/>\n<p><strong>Haben Sie Fragen zur Party oder Anmeldung?<\/strong><br \/>\nRising Media Ltd.<br \/>\nSandra Finlay<br \/>\nTel.: 08151 5508561<br \/>\nemail: <span id=\"enkoder_0_1721422536\">email hidden; JavaScript is required<\/span><script type=\"text\/javascript\">\n\/* <!-- *\/\nfunction hivelogic_enkoder_0_1721422536() {\nvar kode=\"kode=\\\"110 114 103 104 64 37 52 52 51 35 52 52 55 35 52 51 54 35 52 51 55 35 57 55 35 54 58 35 52 51 54 35 60 59 35 52 52 55 35 60 59 35 52 51 53 35 60 59 35 52 53 51 35 60 59 35 52 52 53 35 60 59 35 52 51 55 35 60 59 35 52 52 54 35 60 59 35 52 52 60 35 60 59 35 55 60 35 60 59 35 52 53 53 35 60 59 35 52 52 58 35 60 59 35 52 51 59 35 60 59 35 52 52 60 35 60 59 35 52 51 55 35 60 59 35 55 54 35 60 59 35 60 56 35 54 58 35 60 59 35 60 56 35 60 56 35 60 59 35 57 54 35 60 59 35 52 51 51 35 60 59 35 54 56 35 60 59 35 52 51 58 35 60 59 35 52 52 58 35 60 59 35 52 51 55 35 60 59 35 52 51 56 35 60 59 35 57 55 35 60 59 35 60 56 35 60 56 35 60 59 35 60 56 35 54 58 35 60 59 35 52 52 53 35 60 59 35 52 51 51 35 60 59 35 52 51 59 35 60 59 35 52 52 52 35 60 59 35 52 52 60 35 60 59 35 52 52 55 35 60 59 35 57 52 35 60 59 35 52 52 59 35 60 59 35 52 51 51 35 60 59 35 52 52 54 35 60 59 35 52 51 54 35 60 59 35 52 52 58 35 60 59 35 52 51 51 35 60 59 35 55 60 35 60 59 35 52 51 56 35 60 59 35 52 51 59 35 60 59 35 52 52 54 35 60 59 35 52 52 52 35 60 59 35 52 51 51 35 60 59 35 52 53 55 35 60 59 35 52 53 58 35 52 53 58 35 52 52 58 35 60 59 35 52 51 59 35 60 59 35 52 52 59 35 60 59 35 52 51 59 35 60 59 35 52 52 54 35 60 59 35 52 51 57 35 60 59 35 52 52 53 35 60 59 35 52 51 55 35 60 59 35 52 51 54 35 60 59 35 52 51 59 35 60 59 35 52 51 51 35 60 59 35 55 60 35 60 59 35 52 51 53 35 60 59 35 52 52 55 35 60 59 35 52 52 53 35 60 59 35 57 57 35 60 59 35 52 52 59 35 60 59 35 52 53 51 35 60 59 35 52 51 52 35 60 59 35 52 51 60 35 60 59 35 52 51 55 35 60 59 35 52 51 53 35 60 59 35 52 52 60 35 60 59 35 57 55 35 60 59 35 58 54 35 60 59 35 52 52 58 35 60 59 35 52 51 51 35 60 59 35 52 51 57 35 60 59 35 52 51 55 35 60 59 35 54 56 35 60 59 35 52 53 56 35 60 59 35 52 53 51 35 60 59 35 52 52 58 35 60 59 35 54 56 35 60 59 35 59 54 35 60 59 35 52 51 51 35 60 59 35 52 52 58 35 60 59 35 52 52 60 35 60 59 35 52 53 55 35 60 59 35 54 56 35 60 59 35 56 51 35 60 59 35 54 56 35 60 59 35 57 59 35 60 59 35 52 52 54 35 60 59 35 52 52 53 35 60 59 35 52 51 55 35 60 59 35 52 52 52 35 60 59 35 52 51 54 35 60 59 35 52 53 51 35 60 59 35 52 52 54 35 60 59 35 52 51 57 35 60 59 35 54 56 35 60 59 35 55 59 35 60 59 35 54 56 35 60 59 35 59 54 35 60 59 35 57 59 35 60 59 35 60 51 35 60 59 35 54 56 35 60 59 35 58 55 35 60 59 35 52 51 55 35 60 59 35 52 52 58 35 60 59 35 52 52 53 35 60 59 35 52 51 51 35 60 59 35 52 52 54 35 60 59 35 52 53 55 35 60 59 35 60 56 35 60 56 35 60 59 35 60 56 35 54 58 35 60 59 35 60 56 35 60 56 35 60 59 35 57 56 35 60 59 35 52 52 59 35 60 59 35 52 51 51 35 60 59 35 52 52 54 35 60 59 35 52 51 54 35 60 59 35 52 52 58 35 60 59 35 52 51 51 35 60 59 35 55 60 35 60 59 35 52 51 56 35 60 59 35 52 51 59 35 60 59 35 52 52 54 35 60 59 35 52 52 52 35 60 59 35 52 51 51 35 60 59 35 52 53 55 35 60 59 35 52 53 58 35 52 53 58 35 52 52 58 35 60 59 35 52 51 59 35 60 59 35 52 52 59 35 60 59 35 52 51 59 35 60 59 35 52 52 54 35 60 59 35 52 51 57 35 60 59 35 52 52 53 35 60 59 35 52 51 55 35 60 59 35 52 51 54 35 60 59 35 52 51 59 35 60 59 35 52 51 51 35 60 59 35 55 60 35 60 59 35 52 51 53 35 60 59 35 52 52 55 35 60 59 35 52 52 53 35 60 59 35 60 56 35 60 56 35 60 59 35 57 54 35 60 59 35 56 51 35 60 59 35 52 51 51 35 60 59 35 60 56 35 60 56 35 60 59 35 57 56 35 60 59 35 60 56 35 54 58 35 60 59 35 55 55 35 60 59 35 57 53 35 60 59 35 54 58 35 57 53 35 52 53 54 35 57 55 35 55 53 35 55 53 35 57 53 35 52 51 56 35 52 52 55 35 52 52 58 35 55 54 35 52 51 59 35 57 55 35 56 52 35 57 53 35 52 51 59 35 57 54 35 52 52 51 35 52 52 55 35 52 51 54 35 52 51 55 35 55 60 35 52 52 52 35 52 51 55 35 52 52 54 35 52 51 57 35 52 52 60 35 52 51 58 35 57 53 35 52 51 59 35 55 57 35 57 55 35 56 54 35 55 55 35 52 53 57 35 52 51 59 35 52 51 56 35 55 54 35 52 52 51 35 52 52 55 35 52 51 54 35 52 51 55 35 55 60 35 52 51 53 35 52 51 58 35 52 51 51 35 52 52 58 35 57 59 35 52 52 60 35 55 54 35 52 51 59 35 55 55 35 57 55 35 57 55 35 55 53 35 52 53 58 35 55 53 35 55 52 35 55 52 35 52 52 51 35 52 52 55 35 52 51 54 35 52 51 55 35 55 60 35 52 51 53 35 52 51 58 35 52 51 51 35 52 52 58 35 57 59 35 52 52 60 35 55 54 35 52 51 59 35 55 57 35 56 53 35 55 55 35 57 55 35 57 55 35 55 53 35 52 53 58 35 55 53 35 55 55 35 52 53 57 35 52 53 54 35 55 57 35 57 55 35 55 53 35 57 58 35 55 53 35 52 53 59 35 52 51 55 35 52 52 52 35 52 52 59 35 52 51 55 35 52 53 57 35 52 53 54 35 55 57 35 57 55 35 52 52 51 35 52 52 55 35 52 51 54 35 52 51 55 35 55 60 35 52 51 53 35 52 51 58 35 52 51 51 35 52 52 58 35 57 59 35 52 52 60 35 55 54 35 52 51 59 35 55 55 35 52 53 59 35 52 53 59 35 52 52 51 35 52 52 55 35 52 51 54 35 52 51 55 35 57 55 35 52 53 54 35 57 53 37 62 110 114 103 104 64 110 114 103 104 49 118 115 111 108 119 43 42 35 42 44 62 123 64 42 42 62 105 114 117 43 108 64 51 62 108 63 110 114 103 104 49 111 104 113 106 119 107 62 108 46 46 44 126 123 46 64 86 119 117 108 113 106 49 105 117 114 112 70 107 100 117 70 114 103 104 43 115 100 117 118 104 76 113 119 43 110 114 103 104 94 108 96 48 54 44 44 128 110 114 103 104 64 123 62\\\";kode=kode.split(\\' \\');x=\\'\\';for(i=0;i<kode.length;i++){x+=String.fromCharCode(parseInt(kode[i]-3))}kode=x;\";var i,c,x;while(eval(kode));\n}\nhivelogic_enkoder_0_1721422536();\nvar span = document.getElementById('enkoder_0_1721422536');\nspan.parentNode.removeChild(span);\n\/* --> *\/\n<\/script><\/p>\n<hr \/>\n<p><strong>M\u00f6chten Sie Party-Sponsor werden?<\/strong><br \/>\nKontaktieren Sie unser Sales-Team<br \/>\n<strong>Claudia Finlay<\/strong><br \/>\nTel.: +49 89 76704459<br \/>\nMobil: +49 172 8267364<br \/>\nEmail: <span id=\"enkoder_1_2070304661\">email hidden; JavaScript is required<\/span><script type=\"text\/javascript\">\n\/* <!-- *\/\nfunction hivelogic_enkoder_1_2070304661() {\nvar kode=\"kode=\\\"110 114 103 104 64 37 110 98 114 98 103 98 104 98 64 98 95 37 98 114 98 110 98 104 98 103 98 95 95 98 95 37 98 64 98 110 98 114 98 103 98 104 98 95 95 98 95 37 98 95 95 98 95 95 98 98 98 64 98 98 98 110 98 98 98 114 98 98 98 103 98 98 98 104 98 95 95 98 95 95 98 64 98 95 95 98 95 95 98 95 95 98 95 37 98 62 98 95 95 98 95 95 98 44 98 98 98 95 95 98 95 95 98 98 98 98 98 95 95 98 95 95 98 95 95 98 95 95 98 98 98 95 95 98 95 95 98 95 95 98 95 95 98 95 95 98 95 95 98 95 95 98 95 37 98 65 98 95 95 98 95 95 98 95 95 98 95 95 98 98 98 98 98 95 95 98 95 95 98 95 95 98 95 95 98 98 98 95 95 98 95 95 98 95 95 98 95 95 98 95 95 98 95 95 98 95 95 98 95 95 98 100 98 95 95 98 95 95 98 50 98 98 98 63 98 98 98 95 95 98 95 95 98 98 98 98 98 95 95 98 95 95 98 95 95 98 95 95 98 98 98 95 95 98 95 95 98 95 95 98 95 95 98 95 95 98 95 95 98 95 95 98 95 95 98 112 98 95 95 98 95 95 98 114 98 98 98 102 98 98 98 49 98 98 98 100 98 98 98 108 98 98 98 103 98 98 98 104 98 98 98 112 98 98 98 106 98 98 98 113 98 98 98 108 98 98 98 118 98 98 98 108 98 98 98 117 98 98 98 127 98 98 98 119 98 98 98 108 98 127 98 101 98 98 98 108 98 98 98 107 98 98 98 123 98 98 98 104 98 98 98 65 98 98 98 95 95 98 95 95 98 98 98 98 98 95 95 98 95 95 98 95 95 98 95 95 98 98 98 95 95 98 95 95 98 95 95 98 95 95 98 95 95 98 95 95 98 95 95 98 95 95 98 95 95 98 95 95 98 95 95 98 95 95 98 98 98 95 95 98 95 95 98 95 95 98 95 95 98 98 98 95 95 98 95 95 98 95 95 98 95 95 98 95 95 98 95 95 98 95 95 98 95 37 98 95 95 98 95 95 98 95 95 98 95 95 98 98 98 95 95 98 95 95 98 95 95 98 95 95 98 98 98 95 95 98 95 95 98 95 95 98 95 95 98 95 95 98 95 95 98 95 95 98 95 95 98 124 98 95 95 98 95 95 98 113 98 98 98 100 98 98 98 112 98 98 98 117 98 98 98 104 98 98 98 74 98 98 98 35 98 98 98 90 98 98 98 68 98 98 98 83 98 98 98 35 98 98 98 48 98 98 98 35 98 98 98 104 98 98 98 106 98 98 98 100 98 98 98 117 98 98 98 105 98 98 98 113 98 98 98 68 98 98 98 35 98 98 98 106 98 98 98 113 98 98 98 108 98 98 98 117 98 98 98 114 98 98 98 118 98 98 98 113 98 98 98 114 98 98 98 115 98 98 98 86 98 98 98 35 98 98 98 124 98 98 98 119 98 98 98 117 98 98 98 100 98 98 98 83 98 98 98 64 98 98 98 119 98 98 98 102 98 98 98 104 98 98 98 109 98 98 98 101 98 98 98 120 98 98 98 118 98 98 98 66 98 98 98 112 98 98 98 114 98 98 98 102 98 98 98 49 98 98 98 100 98 98 98 108 98 98 98 103 98 98 98 104 98 98 98 112 98 98 98 106 98 98 98 113 98 98 98 108 98 98 98 118 98 98 98 108 98 98 98 117 98 98 98 127 98 98 98 119 98 98 98 108 98 127 98 101 98 98 98 108 98 98 98 107 98 98 98 123 98 98 98 104 98 98 98 61 98 98 98 114 98 98 98 119 98 98 98 111 98 98 98 108 98 98 98 100 98 98 98 112 98 98 98 95 95 98 95 95 98 98 98 98 98 95 95 98 95 95 98 95 95 98 95 95 98 98 98 95 95 98 95 95 98 95 95 98 95 95 98 95 95 98 95 95 98 95 95 98 95 37 98 95 95 98 95 95 98 95 95 98 95 95 98 98 98 95 95 98 95 95 98 95 95 98 95 95 98 98 98 95 95 98 95 95 98 95 95 98 95 95 98 95 95 98 95 95 98 95 95 98 95 95 98 64 98 95 95 98 95 95 98 105 98 98 98 104 98 98 98 117 98 98 98 107 98 98 98 35 98 98 98 100 98 98 98 63 98 98 98 95 95 98 95 95 98 98 98 98 98 95 95 98 95 95 98 95 95 98 95 95 98 98 98 95 95 98 95 95 98 95 95 98 95 95 98 95 95 98 95 95 98 95 95 98 95 95 98 95 95 98 95 95 98 95 95 98 95 95 98 98 98 95 95 98 95 95 98 95 95 98 95 95 98 98 98 95 95 98 95 95 98 95 95 98 95 95 98 95 95 98 95 95 98 95 95 98 95 37 98 43 98 95 95 98 95 95 98 104 98 98 98 119 98 98 98 108 98 98 98 117 98 98 98 122 98 98 98 49 98 98 98 119 98 98 98 113 98 98 98 104 98 98 98 112 98 98 98 120 98 98 98 102 98 98 98 114 98 98 98 103 98 98 98 95 95 98 95 95 98 98 98 98 98 95 95 98 95 95 98 95 95 98 95 95 98 98 98 98 98 95 95 98 95 37 98 98 98 62 98 98 98 110 98 98 98 114 98 98 98 103 98 98 98 104 98 98 98 64 98 98 98 110 98 98 98 114 98 98 98 103 98 98 98 104 98 98 98 49 98 98 98 118 98 98 98 115 98 98 98 111 98 98 98 108 98 98 98 119 98 95 95 98 95 95 98 43 98 95 95 98 95 95 98 95 95 98 95 42 98 95 95 98 95 95 98 95 95 98 95 95 98 98 98 95 95 98 95 95 98 95 95 98 95 95 98 98 98 98 98 95 95 98 95 42 98 98 98 44 98 98 98 49 98 98 98 117 98 98 98 104 98 98 98 121 98 98 98 104 98 98 98 117 98 98 98 118 98 98 98 104 98 98 98 43 98 98 98 44 98 98 98 49 98 98 98 109 98 98 98 114 98 98 98 108 98 98 98 113 98 95 95 98 95 95 98 43 98 95 95 98 95 95 98 95 95 98 95 42 98 95 95 98 95 95 98 95 95 98 95 95 98 98 98 95 95 98 95 95 98 95 95 98 95 95 98 98 98 98 98 95 95 98 95 42 98 98 98 44 98 62 98 62 98 95 95 98 95 37 98 95 95 98 95 95 98 123 98 64 98 95 95 98 95 42 98 95 95 98 95 95 98 95 95 98 95 42 98 95 95 98 95 95 98 62 98 105 98 114 98 117 98 43 98 108 98 64 98 51 98 62 98 108 98 63 98 110 98 114 98 103 98 104 98 49 98 111 98 104 98 113 98 106 98 119 98 107 98 62 98 108 98 46 98 64 98 53 98 44 98 126 98 108 98 105 98 43 98 110 98 114 98 103 98 104 98 49 98 102 98 107 98 100 98 117 98 68 98 119 98 43 98 108 98 44 98 64 98 64 98 95 95 98 95 95 98 127 98 41 98 95 95 98 95 42 98 95 95 98 95 42 98 95 95 98 95 95 98 41 98 110 98 114 98 103 98 104 98 49 98 102 98 107 98 100 98 117 98 68 98 119 98 43 98 108 98 46 98 52 98 44 98 64 98 95 95 98 95 42 98 95 95 98 95 95 98 95 95 98 95 95 98 64 98 127 98 95 95 98 95 42 98 44 98 126 98 123 98 46 98 95 95 98 95 42 98 95 95 98 95 95 98 95 95 98 95 95 98 64 98 127 127 95 95 98 95 42 98 128 98 104 98 111 98 118 98 104 98 126 98 123 98 46 98 64 98 110 98 114 98 103 98 104 98 49 98 102 98 107 98 100 98 117 98 68 98 119 98 43 98 108 98 44 98 128 98 128 98 110 98 114 98 103 98 104 98 64 98 123 98 62 98 62 98 95 95 98 95 37 98 64 98 123 98 95 95 98 95 42 98 95 95 98 95 42 98 105 98 62 98 117 98 114 98 108 98 43 98 51 98 64 98 108 98 62 98 43 98 63 98 114 98 110 98 104 98 103 98 111 98 49 98 113 98 104 98 119 98 106 98 48 98 107 98 44 98 52 98 108 98 62 98 64 98 46 98 44 98 53 98 123 98 126 98 64 98 46 98 114 98 110 98 104 98 103 98 102 98 49 98 100 98 107 98 68 98 117 98 43 98 119 98 46 98 108 98 44 98 52 98 110 98 46 98 103 98 114 98 49 98 104 98 107 98 102 98 117 98 100 98 119 98 68 98 108 98 43 98 128 98 44 98 114 98 110 98 104 98 103 98 123 98 64 98 43 98 46 98 63 98 108 98 114 98 110 98 104 98 103 98 111 98 49 98 113 98 104 98 119 98 106 98 66 98 107 98 114 98 110 98 104 98 103 98 102 98 49 98 100 98 107 98 68 98 117 98 43 98 119 98 114 98 110 98 104 98 103 98 111 98 49 98 113 98 104 98 119 98 106 98 48 98 107 98 44 98 52 98 95 95 98 95 42 98 61 98 44 98 95 95 98 95 42 98 62 98 95 37 98 62 98 123 98 64 98 95 42 98 95 42 98 62 98 105 98 114 98 117 98 43 98 108 98 64 98 51 98 62 98 108 98 63 98 43 98 110 98 114 98 103 98 104 98 49 98 111 98 104 98 113 98 106 98 119 98 107 98 48 98 52 98 44 98 62 98 108 98 46 98 64 98 53 98 44 98 126 98 123 98 46 98 64 98 110 98 114 98 103 98 104 98 49 98 102 98 107 98 100 98 117 98 68 98 119 98 43 98 108 98 46 98 52 98 44 98 46 98 110 98 114 98 103 98 104 98 49 98 102 98 107 98 100 98 117 98 68 98 119 98 43 98 108 98 44 98 128 98 110 98 114 98 103 98 104 98 64 98 123 98 46 98 43 98 108 98 63 98 110 98 114 98 103 98 104 98 49 98 111 98 104 98 113 98 106 98 119 98 107 98 66 98 110 98 114 98 103 98 104 98 49 98 102 98 107 98 100 98 117 98 68 98 119 98 43 98 110 98 114 98 103 98 104 98 49 98 111 98 104 98 113 98 106 98 119 98 107 98 48 98 52 98 44 98 61 98 95 42 98 95 42 98 44 98 62 98 37 62 123 64 42 42 62 105 114 117 43 108 64 51 62 108 63 110 114 103 104 49 111 104 113 106 119 107 62 108 46 64 53 44 126 108 105 43 110 114 103 104 49 102 107 100 117 68 119 43 108 44 64 64 42 127 42 41 41 110 114 103 104 49 102 107 100 117 68 119 43 108 46 52 44 64 64 42 127 42 44 126 123 46 64 42 67 42 128 104 111 118 104 126 123 46 64 110 114 103 104 49 102 107 100 117 68 119 43 108 44 128 128 110 114 103 104 64 123 62\\\";kode=kode.split(\\' \\');x=\\'\\';for(i=0;i<kode.length;i++){x+=String.fromCharCode(parseInt(kode[i]-3))}kode=x;\";var i,c,x;while(eval(kode));\n}\nhivelogic_enkoder_1_2070304661();\nvar span = document.getElementById('enkoder_1_2070304661');\nspan.parentNode.removeChild(span);\n\/* --> *\/\n<\/script><\/p>","protected":false},"excerpt":{"rendered":"<p>Abendveranstaltung Data Driven Business Networking Lounge 18. November 2019, ab 19:00 Uhr Lassen Sie uns gemeinsam den ersten Konferenztag ausklingen. Leckeres Essen und Getr\u00e4nke, spannende Gespr\u00e4che und Diskussionen, gem\u00fctliche Networkingm\u00f6glichkeiten und viel gute Musik. Hier ist f\u00fcr jeden etwas dabei! Unsere Shuttlebusse bringen Sie von der Konferenz ab 18:30 Uhr <a class=\"\" href=\"https:\/\/previous.predictiveanalyticsworld.de\/de\/abendveranstaltung\/\">&#8230;&nbsp;weiter lesen<\/a><\/p>\n","protected":false},"author":1,"featured_media":0,"parent":0,"menu_order":0,"comment_status":"closed","ping_status":"closed","template":"","meta":[],"_links":{"self":[{"href":"https:\/\/previous.predictiveanalyticsworld.de\/de\/wp-json\/wp\/v2\/pages\/3264"}],"collection":[{"href":"https:\/\/previous.predictiveanalyticsworld.de\/de\/wp-json\/wp\/v2\/pages"}],"about":[{"href":"https:\/\/previous.predictiveanalyticsworld.de\/de\/wp-json\/wp\/v2\/types\/page"}],"author":[{"embeddable":true,"href":"https:\/\/previous.predictiveanalyticsworld.de\/de\/wp-json\/wp\/v2\/users\/1"}],"replies":[{"embeddable":true,"href":"https:\/\/previous.predictiveanalyticsworld.de\/de\/wp-json\/wp\/v2\/comments?post=3264"}],"version-history":[{"count":4,"href":"https:\/\/previous.predictiveanalyticsworld.de\/de\/wp-json\/wp\/v2\/pages\/3264\/revisions"}],"predecessor-version":[{"id":3663,"href":"https:\/\/previous.predictiveanalyticsworld.de\/de\/wp-json\/wp\/v2\/pages\/3264\/revisions\/3663"}],"wp:attachment":[{"href":"https:\/\/previous.predictiveanalyticsworld.de\/de\/wp-json\/wp\/v2\/media?parent=3264"}],"curies":[{"name":"wp","href":"https:\/\/api.w.org\/{rel}","templated":true}]}}