{"id":3682,"date":"2018-12-10T15:16:42","date_gmt":"2018-12-10T15:16:42","guid":{"rendered":"https:\/\/previous.predictiveanalyticsworld.de\/?page_id=3682"},"modified":"2018-12-10T15:20:28","modified_gmt":"2018-12-10T15:20:28","slug":"imprint","status":"publish","type":"page","link":"https:\/\/previous.predictiveanalyticsworld.de\/de\/industry4-0\/imprint\/","title":{"rendered":"Impressum"},"content":{"rendered":"<p><\/p>\n<h2>Impressum<\/h2>\n<p style=\"margin-bottom: 15px;\">\nInformationen gem. \u00a7 5 Telemediengesetz (TMG):<br \/>\nBetreiber dieser Website ist:\n<\/p>\n<div style=\"float: right; margin-right: 200px; width: 130px;\">\n<a href=\"http:\/\/www.risingmedia.de\/\" title=\"Rising Media Ltd\" target=\"_blank\"><img loading=\"lazy\" src=\"https:\/\/previous.predictiveanalyticsworld.de\/_images\/rm_logo.gif\" width=\"125\" height=\"31\" alt=\"Rising Media Ltd\" \/><\/a>\n<\/div>\n<p style=\"margin-bottom: 15px;\">\n<strong>Rising Media Ltd<\/strong><br \/>\nTutzinger-Hof-Platz 6<br \/>\n82319 Starnberg<br \/>\nDeutschland\n<\/p>\n<p style=\"margin-bottom: 15px;\">\nTel: +49 (0) 8151 556 604 5<br \/>\nFax: +49 (0) 89 921 85 034\n<\/p>\n<p style=\"margin-bottom: 15px;\">\nEmail: <span id=\"enkoder_0_1136724280\">email hidden; JavaScript is required<\/span><script type=\"text\/javascript\">\n\/* <!-- *\/\nfunction hivelogic_enkoder_0_1136724280() {\nvar kode=\"kode=\\\"110 114 103 104 64 37 114 110 104 103 95 37 64 98 110 98 114 98 103 98 104 98 64 95 37 95 95 114 98 110 98 104 98 103 98 95 95 98 98 95 95 95 37 95 95 64 98 103 98 114 98 102 98 120 98 112 98 104 98 113 98 119 98 49 98 122 98 117 98 108 98 119 98 104 98 95 95 98 98 95 95 95 37 95 95 95 95 98 98 95 95 95 95 95 95 63 98 43 98 95 95 98 98 95 95 95 95 95 95 95 95 98 98 95 95 95 95 95 95 100 98 35 98 107 98 117 98 104 98 105 98 95 95 98 98 95 95 95 95 95 95 95 95 98 98 95 95 95 95 95 95 112 98 64 98 95 95 98 98 95 95 95 37 95 95 95 95 98 98 95 95 95 95 95 95 100 98 108 98 111 98 119 98 114 98 61 98 108 98 113 98 105 98 114 98 127 98 117 127 108 98 118 98 108 98 113 98 106 98 112 98 104 98 103 98 108 98 100 98 49 98 102 98 114 98 112 98 95 95 98 98 95 95 95 37 95 95 95 95 98 98 95 95 95 95 95 95 95 95 98 98 95 95 95 95 95 95 95 95 98 98 95 95 95 95 95 95 95 95 98 98 95 95 95 95 95 95 65 98 113 98 95 95 98 98 95 95 95 95 95 95 114 98 108 98 117 98 105 98 118 98 127 98 113 127 108 98 112 98 108 98 103 98 106 98 100 98 104 98 102 98 108 98 112 98 49 98 63 98 114 98 95 95 98 98 95 95 95 95 95 95 95 95 98 98 95 95 95 95 95 95 50 98 100 98 95 95 98 98 95 95 95 95 95 95 65 98 44 98 95 95 98 98 95 95 95 95 95 95 95 95 98 98 95 95 95 37 95 95 95 95 98 98 95 95 95 95 95 95 95 95 98 98 95 95 95 37 95 95 62 98 123 98 62 98 95 95 98 98 95 95 95 42 95 95 64 98 62 98 95 95 98 98 95 95 95 42 95 95 114 98 105 98 43 98 117 98 64 98 108 98 62 98 51 98 63 98 108 98 110 98 43 98 103 98 114 98 49 98 104 98 104 98 111 98 106 98 113 98 107 98 119 98 52 98 48 98 62 98 44 98 46 98 108 98 53 98 64 98 126 98 44 98 46 98 123 98 110 98 64 98 103 98 114 98 49 98 104 98 107 98 102 98 117 98 100 98 119 98 68 98 108 98 43 98 52 98 46 98 46 98 44 98 114 98 110 98 104 98 103 98 102 98 49 98 100 98 107 98 68 98 117 98 43 98 119 98 44 98 108 98 110 98 128 98 103 98 114 98 64 98 104 98 46 98 123 98 108 98 43 98 110 98 63 98 103 98 114 98 49 98 104 98 104 98 111 98 106 98 113 98 107 98 119 98 110 98 66 98 103 98 114 98 49 98 104 98 107 98 102 98 117 98 100 98 119 98 68 98 110 98 43 98 103 98 114 98 49 98 104 98 104 98 111 98 106 98 113 98 107 98 119 98 52 98 48 98 61 98 44 98 95 95 98 98 95 95 95 42 95 95 95 95 98 98 95 95 95 42 95 95 62 98 44 98 95 95 98 98 95 37 98 62 98 123 98 64 95 42 95 95 95 95 98 98 95 42 98 62 98 105 98 114 98 117 98 43 98 108 98 64 98 51 98 62 98 108 98 63 98 43 98 110 98 114 98 103 98 104 98 49 98 111 98 104 98 113 98 106 98 119 98 107 98 48 98 52 98 44 98 62 98 108 98 46 98 64 98 53 98 44 98 126 98 123 98 46 98 64 98 110 98 114 98 103 98 104 98 49 98 102 98 107 98 100 98 117 98 68 98 119 98 43 98 108 98 46 98 52 98 44 98 46 98 110 98 114 98 103 98 104 98 49 98 102 98 107 98 100 98 117 98 68 98 119 98 43 98 108 98 44 98 128 98 110 98 114 98 103 98 104 98 64 98 123 98 46 98 43 98 108 98 63 98 110 98 114 98 103 98 104 98 49 98 111 98 104 98 113 98 106 98 119 98 107 98 66 98 110 98 114 98 103 98 104 98 49 98 102 98 107 98 100 98 117 98 68 98 119 98 43 98 110 98 114 98 103 98 104 98 49 98 111 98 104 98 113 98 106 98 119 98 107 98 48 98 52 98 44 98 61 95 42 95 95 95 95 98 98 95 42 98 44 98 62 62 95 37 64 123 95 42 95 42 105 62 117 114 108 43 51 64 108 62 110 63 103 114 49 104 104 111 106 113 107 119 108 62 64 46 44 53 108 126 43 105 114 110 104 103 102 49 100 107 68 117 43 119 44 108 64 64 127 95 42 41 95 42 110 41 103 114 49 104 107 102 117 100 119 68 108 43 52 46 64 44 95 42 64 95 42 127 126 44 46 123 95 42 64 95 42 67 104 128 118 111 126 104 46 123 110 64 103 114 49 104 107 102 117 100 119 68 108 43 128 44 110 128 103 114 64 104 62 123 37 62 123 64 42 42 62 105 114 117 43 108 64 51 62 108 63 43 110 114 103 104 49 111 104 113 106 119 107 48 52 44 62 108 46 64 53 44 126 123 46 64 110 114 103 104 49 102 107 100 117 68 119 43 108 46 52 44 46 110 114 103 104 49 102 107 100 117 68 119 43 108 44 128 110 114 103 104 64 123 46 43 108 63 110 114 103 104 49 111 104 113 106 119 107 66 110 114 103 104 49 102 107 100 117 68 119 43 110 114 103 104 49 111 104 113 106 119 107 48 52 44 61 42 42 44 62\\\";kode=kode.split(\\' \\');x=\\'\\';for(i=0;i<kode.length;i++){x+=String.fromCharCode(parseInt(kode[i]-3))}kode=x;\";var i,c,x;while(eval(kode));\n}\nhivelogic_enkoder_0_1136724280();\nvar span = document.getElementById('enkoder_0_1136724280');\nspan.parentNode.removeChild(span);\n\/* --> *\/\n<\/script>\n<\/p>\n<p style=\"margin-bottom: 15px;\">\nInternet: <a href=\"http:\/\/www.risingmedia.de\" title=\"Rising Media\">www.risingmedia.de<\/a>\n<\/p>\n<p style=\"margin-bottom: 15px;\">\n<strong>Gesch\u00e4ftsf\u00fchrung:<\/strong> Matthew Finlay, Sandra Finlay\n<\/p>\n<p style=\"margin-bottom: 15px;\">\n<strong>Handelsregister:<\/strong> Amtsgericht M\u00fcnchen<br \/>\n<strong>Registernummer:<\/strong> HRB 167104<br \/>\n<strong>Umsatzsteuer-Identifikationsnummer gem\u00e4\u00df \u00a7 27a UStG:<\/strong> DE251166048\n<\/p>\n<p><\/p>","protected":false},"excerpt":{"rendered":"<p>Impressum Informationen gem. \u00a7 5 Telemediengesetz (TMG): Betreiber dieser Website ist: Rising Media Ltd Tutzinger-Hof-Platz 6 82319 Starnberg Deutschland Tel: +49 (0) 8151 556 604 5 Fax: +49 (0) 89 921 85 034 Email: email hidden; JavaScript is required Internet: www.risingmedia.de Gesch\u00e4ftsf\u00fchrung: Matthew Finlay, Sandra Finlay Handelsregister: Amtsgericht M\u00fcnchen Registernummer: <a class=\"\" href=\"https:\/\/previous.predictiveanalyticsworld.de\/de\/industry4-0\/imprint\/\">&#8230;&nbsp;weiter lesen<\/a><\/p>\n","protected":false},"author":1,"featured_media":0,"parent":2292,"menu_order":0,"comment_status":"open","ping_status":"open","template":"page-manufacturing.php","meta":[],"_links":{"self":[{"href":"https:\/\/previous.predictiveanalyticsworld.de\/de\/wp-json\/wp\/v2\/pages\/3682"}],"collection":[{"href":"https:\/\/previous.predictiveanalyticsworld.de\/de\/wp-json\/wp\/v2\/pages"}],"about":[{"href":"https:\/\/previous.predictiveanalyticsworld.de\/de\/wp-json\/wp\/v2\/types\/page"}],"author":[{"embeddable":true,"href":"https:\/\/previous.predictiveanalyticsworld.de\/de\/wp-json\/wp\/v2\/users\/1"}],"replies":[{"embeddable":true,"href":"https:\/\/previous.predictiveanalyticsworld.de\/de\/wp-json\/wp\/v2\/comments?post=3682"}],"version-history":[{"count":2,"href":"https:\/\/previous.predictiveanalyticsworld.de\/de\/wp-json\/wp\/v2\/pages\/3682\/revisions"}],"predecessor-version":[{"id":3684,"href":"https:\/\/previous.predictiveanalyticsworld.de\/de\/wp-json\/wp\/v2\/pages\/3682\/revisions\/3684"}],"up":[{"embeddable":true,"href":"https:\/\/previous.predictiveanalyticsworld.de\/de\/wp-json\/wp\/v2\/pages\/2292"}],"wp:attachment":[{"href":"https:\/\/previous.predictiveanalyticsworld.de\/de\/wp-json\/wp\/v2\/media?parent=3682"}],"curies":[{"name":"wp","href":"https:\/\/api.w.org\/{rel}","templated":true}]}}