{"id":3685,"date":"2018-12-10T15:22:14","date_gmt":"2018-12-10T15:22:14","guid":{"rendered":"https:\/\/previous.predictiveanalyticsworld.de\/?page_id=3685"},"modified":"2018-12-10T15:27:39","modified_gmt":"2018-12-10T15:27:39","slug":"contact","status":"publish","type":"page","link":"https:\/\/previous.predictiveanalyticsworld.de\/de\/industry4-0\/contact\/","title":{"rendered":"Kontakt"},"content":{"rendered":"<p><\/p>\n<h2>Kontakt<\/h2>\n<h3>Haben Sie Fragen zur Anmeldung?<\/h3>\n<p style=\"margin-bottom: 15px;\">\nEmail: <span id=\"enkoder_0_1432022102\">email hidden; JavaScript is required<\/span><script type=\"text\/javascript\">\n\/* <!-- *\/\nfunction hivelogic_enkoder_0_1432022102() {\nvar kode=\"kode=\\\"110 114 103 104 64 37 52 52 51 35 52 52 55 35 52 51 54 35 52 51 55 35 57 55 35 54 58 35 57 53 35 52 53 54 35 57 55 35 52 51 55 35 52 51 54 35 52 52 55 35 52 52 51 35 52 53 59 35 52 53 59 35 55 55 35 52 51 59 35 55 54 35 52 52 60 35 57 59 35 52 52 58 35 52 51 51 35 52 51 58 35 52 51 53 35 55 60 35 52 51 55 35 52 51 54 35 52 52 55 35 52 52 51 35 57 55 35 55 57 35 52 53 54 35 52 53 57 35 52 51 55 35 52 52 59 35 52 52 52 35 52 51 55 35 52 53 59 35 60 56 35 55 53 35 57 58 35 60 56 35 55 53 35 57 55 35 55 57 35 52 53 54 35 52 53 57 35 55 55 35 60 56 35 55 53 35 52 53 58 35 60 56 35 55 53 35 57 55 35 57 55 35 55 55 35 56 53 35 55 57 35 52 51 59 35 55 54 35 52 52 60 35 57 59 35 52 52 58 35 52 51 51 35 52 51 58 35 52 51 53 35 55 60 35 52 51 55 35 52 51 54 35 52 52 55 35 52 52 51 35 55 52 35 55 52 35 60 56 35 55 53 35 52 53 58 35 60 56 35 55 53 35 57 55 35 57 55 35 55 55 35 52 51 59 35 55 54 35 52 52 60 35 57 59 35 52 52 58 35 52 51 51 35 52 51 58 35 52 51 53 35 55 60 35 52 51 55 35 52 51 54 35 52 52 55 35 52 52 51 35 55 54 35 52 51 56 35 52 51 59 35 52 53 57 35 55 55 35 56 54 35 57 55 35 55 57 35 52 51 59 35 57 53 35 52 51 58 35 52 52 60 35 52 51 57 35 52 52 54 35 52 51 55 35 52 52 52 35 55 60 35 52 51 55 35 52 51 54 35 52 52 55 35 52 52 51 35 57 54 35 52 51 59 35 57 53 35 56 52 35 57 55 35 52 51 59 35 55 54 35 52 52 58 35 52 52 55 35 52 51 56 35 57 53 35 60 56 35 55 53 35 60 56 35 55 53 35 57 55 35 52 53 54 35 57 53 35 60 56 35 54 58 35 60 59 35 57 53 35 60 59 35 55 55 35 60 59 35 60 56 35 55 53 35 60 56 35 60 56 35 60 59 35 60 56 35 55 53 35 60 56 35 60 56 35 60 59 35 55 54 35 60 59 35 52 52 54 35 60 59 35 52 51 59 35 60 59 35 52 52 55 35 60 59 35 52 51 60 35 60 59 35 55 60 35 60 59 35 55 55 35 60 59 35 55 54 35 60 59 35 52 51 55 35 60 59 35 52 52 59 35 60 59 35 52 52 58 35 60 59 35 52 51 55 35 60 59 35 52 53 52 35 60 59 35 52 51 55 35 60 59 35 52 52 58 35 60 59 35 55 60 35 60 59 35 55 55 35 60 59 35 60 56 35 55 53 35 60 56 35 60 56 35 60 59 35 60 56 35 55 53 35 60 56 35 60 56 35 60 59 35 55 54 35 60 59 35 52 52 60 35 60 59 35 52 51 59 35 60 59 35 52 52 52 35 60 59 35 52 52 56 35 60 59 35 52 52 59 35 60 59 35 55 60 35 60 59 35 52 51 55 35 60 59 35 52 51 54 35 60 59 35 52 52 55 35 60 59 35 52 52 51 35 60 59 35 57 55 35 60 59 35 52 51 55 35 60 59 35 52 51 54 35 60 59 35 52 52 55 35 60 59 35 52 52 51 35 60 59 35 57 53 35 60 59 35 60 56 35 54 58 35 60 56 35 60 56 35 60 59 35 52 51 54 35 60 59 35 52 52 55 35 60 59 35 52 51 53 35 60 59 35 52 53 51 35 60 59 35 52 52 53 35 60 59 35 52 51 55 35 60 59 35 52 52 54 35 60 59 35 52 52 60 35 60 59 35 55 60 35 60 59 35 52 53 53 35 60 59 35 52 52 58 35 60 59 35 52 51 59 35 60 59 35 52 52 60 35 60 59 35 52 51 55 35 60 59 35 55 54 35 60 59 35 60 56 35 54 58 35 60 56 35 60 56 35 60 59 35 60 56 35 60 56 35 60 56 35 60 56 35 60 59 35 60 56 35 60 56 35 60 56 35 60 56 35 60 59 35 60 56 35 60 56 35 60 56 35 60 56 35 60 59 35 57 54 35 60 59 35 52 51 51 35 60 59 35 54 56 35 60 59 35 52 51 58 35 60 59 35 52 52 58 35 60 59 35 52 51 55 35 60 59 35 52 51 56 35 60 59 35 57 55 35 60 59 35 60 56 35 60 56 35 60 56 35 60 56 35 60 59 35 60 56 35 60 56 35 60 56 35 60 56 35 60 59 35 60 56 35 54 58 35 60 56 35 60 56 35 60 59 35 60 56 35 60 56 35 60 56 35 60 56 35 60 59 35 52 52 53 35 60 59 35 52 51 51 35 60 59 35 52 51 59 35 60 59 35 52 52 52 35 60 59 35 52 52 60 35 60 59 35 52 52 55 35 60 59 35 57 52 35 60 59 35 52 52 58 35 60 59 35 52 51 55 35 60 59 35 52 51 57 35 60 59 35 52 51 59 35 60 59 35 52 52 59 35 60 59 35 52 52 60 35 60 59 35 52 52 58 35 60 59 35 52 51 59 35 60 59 35 52 51 55 35 60 59 35 52 52 58 35 60 59 35 52 53 51 35 60 59 35 52 52 54 35 60 59 35 52 51 57 35 52 53 58 35 52 53 58 35 60 59 35 52 52 58 35 60 59 35 52 51 59 35 60 59 35 52 52 59 35 60 59 35 52 51 59 35 60 59 35 52 52 54 35 60 59 35 52 51 57 35 60 59 35 52 52 53 35 60 59 35 52 51 55 35 60 59 35 52 51 54 35 60 59 35 52 51 59 35 60 59 35 52 51 51 35 60 59 35 55 60 35 60 59 35 52 51 53 35 60 59 35 52 52 55 35 60 59 35 52 52 53 35 60 59 35 57 57 35 60 59 35 52 52 59 35 60 59 35 52 53 51 35 60 59 35 52 51 52 35 60 59 35 52 51 60 35 60 59 35 52 51 55 35 60 59 35 52 51 53 35 60 59 35 52 52 60 35 60 59 35 57 55 35 60 59 35 58 54 35 60 59 35 52 52 58 35 60 59 35 52 51 51 35 60 59 35 52 51 57 35 60 59 35 52 51 55 35 60 59 35 54 56 35 60 59 35 52 53 56 35 60 59 35 52 53 51 35 60 59 35 52 52 58 35 60 59 35 54 56 35 60 59 35 57 59 35 60 59 35 52 52 54 35 60 59 35 52 52 53 35 60 59 35 52 51 55 35 60 59 35 52 52 52 35 60 59 35 52 51 54 35 60 59 35 52 53 51 35 60 59 35 52 52 54 35 60 59 35 52 51 57 35 60 59 35 54 56 35 60 59 35 55 59 35 60 59 35 54 56 35 60 59 35 59 54 35 60 59 35 52 52 58 35 60 59 35 52 51 55 35 60 59 35 52 51 54 35 60 59 35 52 51 59 35 60 59 35 52 51 53 35 60 59 35 52 52 60 35 60 59 35 52 51 59 35 60 59 35 52 53 52 35 60 59 35 52 51 55 35 60 59 35 54 56 35 60 59 35 57 59 35 60 59 35 52 52 54 35 60 59 35 52 51 51 35 60 59 35 52 52 52 35 60 59 35 52 53 55 35 60 59 35 52 52 60 35 60 59 35 52 51 59 35 60 59 35 52 51 53 35 60 59 35 52 52 59 35 60 59 35 54 56 35 60 59 35 60 51 35 60 59 35 52 52 55 35 60 59 35 52 52 58 35 60 59 35 52 52 52 35 60 59 35 52 51 54 35 60 59 35 54 56 35 60 59 35 58 55 35 60 59 35 52 51 55 35 60 59 35 52 52 58 35 60 59 35 52 52 53 35 60 59 35 52 51 51 35 60 59 35 52 52 54 35 60 59 35 52 53 55 35 60 59 35 60 56 35 60 56 35 60 56 35 60 56 35 60 59 35 60 56 35 60 56 35 60 56 35 60 56 35 60 59 35 60 56 35 54 58 35 60 56 35 60 56 35 60 59 35 60 56 35 60 56 35 60 56 35 60 56 35 60 59 35 60 56 35 60 56 35 60 56 35 60 56 35 60 59 35 60 56 35 60 56 35 60 56 35 60 56 35 60 59 35 57 56 35 60 59 35 52 52 58 35 60 59 35 52 51 55 35 60 59 35 52 51 57 35 60 59 35 52 51 59 35 60 59 35 52 52 59 35 60 59 35 52 52 60 35 60 59 35 52 52 58 35 60 59 35 52 51 59 35 60 59 35 52 51 55 35 60 59 35 52 52 58 35 60 59 35 52 53 51 35 60 59 35 52 52 54 35 60 59 35 52 51 57 35 52 53 58 35 52 53 58 35 60 59 35 52 52 58 35 60 59 35 52 51 59 35 60 59 35 52 52 59 35 60 59 35 52 51 59 35 60 59 35 52 52 54 35 60 59 35 52 51 57 35 60 59 35 52 52 53 35 60 59 35 52 51 55 35 60 59 35 52 51 54 35 60 59 35 52 51 59 35 60 59 35 52 51 51 35 60 59 35 55 60 35 60 59 35 52 51 53 35 60 59 35 52 52 55 35 60 59 35 52 52 53 35 60 59 35 60 56 35 60 56 35 60 56 35 60 56 35 60 59 35 60 56 35 60 56 35 60 56 35 60 56 35 60 59 35 57 54 35 60 59 35 56 51 35 60 59 35 52 51 51 35 60 59 35 60 56 35 60 56 35 60 56 35 60 56 35 60 59 35 60 56 35 60 56 35 60 56 35 60 56 35 60 59 35 57 56 35 60 59 35 60 56 35 54 58 35 60 56 35 60 56 35 60 59 35 60 56 35 60 56 35 60 56 35 60 56 35 60 59 35 55 55 35 60 59 35 57 53 35 60 59 35 60 56 35 54 58 35 60 56 35 60 56 35 60 59 35 57 55 35 60 59 35 52 51 55 35 60 59 35 52 51 54 35 60 59 35 52 52 55 35 60 59 35 52 52 51 35 60 56 35 54 58 35 57 55 35 52 51 55 35 52 51 54 35 52 52 55 35 52 52 51 35 54 58 35 57 53 35 52 52 51 35 52 52 55 35 52 51 54 35 52 51 55 35 57 55 35 52 52 51 35 52 52 55 35 52 51 54 35 52 51 55 35 55 60 35 52 52 59 35 52 52 56 35 52 52 52 35 52 51 59 35 52 52 60 35 55 54 35 55 53 35 55 53 35 55 55 35 55 60 35 52 52 58 35 52 51 55 35 52 53 52 35 52 51 55 35 52 52 58 35 52 52 59 35 52 51 55 35 55 54 35 55 55 35 55 60 35 52 51 60 35 52 52 55 35 52 51 59 35 52 52 54 35 55 54 35 55 53 35 55 53 35 55 55 35 57 53 37 62 110 114 103 104 64 110 114 103 104 49 118 115 111 108 119 43 42 35 42 44 62 123 64 42 42 62 105 114 117 43 108 64 51 62 108 63 110 114 103 104 49 111 104 113 106 119 107 62 108 46 46 44 126 123 46 64 86 119 117 108 113 106 49 105 117 114 112 70 107 100 117 70 114 103 104 43 115 100 117 118 104 76 113 119 43 110 114 103 104 94 108 96 48 54 44 44 128 110 114 103 104 64 123 62\\\";kode=kode.split(\\' \\');x=\\'\\';for(i=0;i<kode.length;i++){x+=String.fromCharCode(parseInt(kode[i]-3))}kode=x;\";var i,c,x;while(eval(kode));\n}\nhivelogic_enkoder_0_1432022102();\nvar span = document.getElementById('enkoder_0_1432022102');\nspan.parentNode.removeChild(span);\n\/* --> *\/\n<\/script><br \/>\nWir melden uns sp\u00e4testens 48 Stunden nach Eingang Ihrer Nachricht.\n<\/p>\n<h5>Weitere Informationen erhalten Sie bei:<\/h5>\n<p style=\"margin-bottom: 15px;\">\n<strong>Rising Media Ltd<\/strong><br \/>\nTutzinger-Hof-Platz 6<br \/>\n82319 Starnberg<br \/>\nDeutschland\n<\/p>\n<p style=\"margin-bottom: 15px;\">\nTel: +49 (0) 8151 556 604 5<br \/>\nFax: +49 (0) 89 921 85 034\n<\/p>\n<p style=\"margin-bottom: 15px;\">\nEmail: <span id=\"enkoder_1_1687326139\">email hidden; JavaScript is required<\/span><script type=\"text\/javascript\">\n\/* <!-- *\/\nfunction hivelogic_enkoder_1_1687326139() {\nvar kode=\"kode=\\\"110 114 103 104 64 37 110 98 114 98 103 98 104 98 64 98 95 37 98 62 98 123 98 64 98 104 98 103 98 114 98 110 98 128 98 128 98 44 98 108 98 43 98 119 98 68 98 117 98 100 98 107 98 102 98 49 98 104 98 103 98 114 98 110 98 64 98 46 98 123 98 126 98 104 98 118 98 111 98 104 98 128 98 95 95 98 95 42 98 127 127 95 95 98 95 42 98 64 98 46 98 123 98 126 98 44 98 95 95 98 95 42 98 127 98 95 95 98 95 42 98 64 98 64 98 44 98 52 98 46 98 108 98 43 98 119 98 68 98 117 98 100 98 107 98 102 98 49 98 104 98 103 98 114 98 110 98 41 98 41 98 95 95 98 95 42 98 127 98 95 95 98 95 42 98 64 98 64 98 44 98 108 98 43 98 119 98 68 98 117 98 100 98 107 98 102 98 49 98 104 98 103 98 114 98 110 98 43 98 105 98 108 98 126 98 44 98 53 98 64 98 46 98 108 98 62 98 107 98 119 98 106 98 113 98 104 98 111 98 49 98 104 98 103 98 114 98 110 98 63 98 108 98 62 98 51 98 64 98 108 98 43 98 117 98 114 98 105 98 62 98 95 95 98 95 42 98 95 95 98 95 42 98 64 98 123 98 62 98 95 95 98 95 37 98 98 98 62 98 98 98 44 98 98 98 95 95 98 95 42 98 95 95 98 95 95 98 98 98 95 95 98 95 42 98 95 95 98 95 95 98 98 98 43 98 98 98 113 98 98 98 108 98 98 98 114 98 98 98 109 98 98 98 49 98 98 98 44 98 98 98 43 98 98 98 104 98 98 98 118 98 98 98 117 98 98 98 104 98 98 98 121 98 98 98 104 98 98 98 117 98 98 98 49 98 98 98 44 98 98 98 95 95 98 95 42 98 95 95 98 95 95 98 98 98 95 95 98 95 42 98 95 95 98 95 95 98 98 98 43 98 98 98 119 98 98 98 108 98 98 98 111 98 98 98 115 98 98 98 118 98 98 98 49 98 98 98 104 98 98 98 103 98 98 98 114 98 98 98 110 98 98 98 64 98 98 98 104 98 98 98 103 98 98 98 114 98 98 98 110 98 98 98 62 98 98 98 95 95 98 95 37 98 95 95 98 95 95 98 98 98 103 98 98 98 114 98 98 98 102 98 98 98 120 98 98 98 112 98 98 98 104 98 98 98 113 98 98 98 119 98 98 98 49 98 98 98 122 98 98 98 117 98 98 98 108 98 98 98 119 98 98 98 104 98 98 98 43 98 98 98 95 95 98 95 37 98 95 95 98 95 95 98 98 98 95 95 98 95 95 98 95 95 98 95 95 98 98 98 95 95 98 95 95 98 95 95 98 95 95 98 98 98 95 95 98 95 95 98 95 95 98 95 95 98 98 98 63 98 98 98 100 98 98 98 35 98 98 98 107 98 98 98 117 98 98 98 104 98 98 98 105 98 98 98 64 98 98 98 95 95 98 95 95 98 95 95 98 95 95 98 98 98 95 95 98 95 95 98 95 95 98 95 95 98 98 98 95 95 98 95 37 98 95 95 98 95 95 98 98 98 95 95 98 95 95 98 95 95 98 95 95 98 98 98 112 98 98 98 100 98 98 98 108 98 98 98 111 98 98 98 119 98 98 98 114 98 98 98 61 98 98 98 108 98 98 98 113 98 98 98 105 98 98 98 114 98 127 98 127 98 98 98 117 98 98 98 108 98 98 98 118 98 98 98 108 98 98 98 113 98 98 98 106 98 98 98 112 98 98 98 104 98 98 98 103 98 98 98 108 98 98 98 100 98 98 98 49 98 98 98 102 98 98 98 114 98 98 98 112 98 98 98 95 95 98 95 95 98 95 95 98 95 95 98 98 98 95 95 98 95 95 98 95 95 98 95 95 98 98 98 95 95 98 95 37 98 95 95 98 95 95 98 98 98 95 95 98 95 95 98 95 95 98 95 95 98 98 98 95 95 98 95 95 98 95 95 98 95 95 98 98 98 95 95 98 95 95 98 95 95 98 95 95 98 98 98 65 98 98 98 108 98 98 98 113 98 98 98 105 98 98 98 114 98 127 98 127 98 98 98 117 98 98 98 108 98 98 98 118 98 98 98 108 98 98 98 113 98 98 98 106 98 98 98 112 98 98 98 104 98 98 98 103 98 98 98 108 98 98 98 100 98 98 98 49 98 98 98 102 98 98 98 114 98 98 98 112 98 98 98 95 95 98 95 95 98 95 95 98 95 95 98 98 98 95 95 98 95 95 98 95 95 98 95 95 98 98 98 63 98 98 98 50 98 98 98 100 98 98 98 95 95 98 95 95 98 95 95 98 95 95 98 98 98 95 95 98 95 95 98 95 95 98 95 95 98 98 98 65 98 98 98 95 95 98 95 37 98 95 95 98 95 95 98 98 98 95 95 98 95 95 98 95 95 98 95 95 98 98 98 44 98 98 98 62 98 98 98 95 95 98 95 37 98 95 95 98 95 95 98 98 98 64 98 98 98 104 98 98 98 103 98 98 98 114 98 98 98 110 98 95 95 98 95 37 98 64 98 104 98 103 98 114 98 110 98 95 37 98 62 98 110 98 114 98 103 98 104 98 64 98 110 98 114 98 103 98 104 98 49 98 118 98 115 98 111 98 108 98 119 98 43 98 95 42 98 95 42 98 44 98 49 98 117 98 104 98 121 98 104 98 117 98 118 98 104 98 43 98 44 98 49 98 109 98 114 98 108 98 113 98 43 98 95 42 98 95 42 98 44 98 62 98 37 62 123 64 42 42 62 105 114 117 43 108 64 51 62 108 63 110 114 103 104 49 111 104 113 106 119 107 62 108 46 64 53 44 126 108 105 43 110 114 103 104 49 102 107 100 117 68 119 43 108 44 64 64 42 127 42 41 41 110 114 103 104 49 102 107 100 117 68 119 43 108 46 52 44 64 64 42 127 42 44 126 123 46 64 42 67 42 128 104 111 118 104 126 123 46 64 110 114 103 104 49 102 107 100 117 68 119 43 108 44 128 128 110 114 103 104 64 123 62\\\";kode=kode.split(\\' \\');x=\\'\\';for(i=0;i<kode.length;i++){x+=String.fromCharCode(parseInt(kode[i]-3))}kode=x;\";var i,c,x;while(eval(kode));\n}\nhivelogic_enkoder_1_1687326139();\nvar span = document.getElementById('enkoder_1_1687326139');\nspan.parentNode.removeChild(span);\n\/* --> *\/\n<\/script>\n<\/p>\n<hr \/>\n<h3>Sie m\u00f6chten Referent werden?<\/h3>\n<p style=\"margin-bottom: 15px;\">\nBitte klicken Sie <a href=\"\/referent\/\">hier<\/a> um mehr Info zu erhalten.\n<\/p>\n<hr \/>\n<h3>Presse Kontakt<\/h3>\n<p>Sandra Finlay<br \/>\nTel: +49 (0) 8151 556 604 5<br \/>\nFax: +49 (0) 89 921 85034<br \/>\nEmail: <span id=\"enkoder_7_518966240\">email hidden; JavaScript is required<\/span><script type=\"text\/javascript\">\n\/* <!-- *\/\nfunction hivelogic_enkoder_7_518966240() {\nvar kode=\"kode=\\\"110 114 103 104 64 37 52 52 51 35 52 52 55 35 52 51 54 35 52 51 55 35 57 55 35 54 58 35 52 51 54 35 60 59 35 52 52 55 35 60 59 35 52 51 53 35 60 59 35 52 53 51 35 60 59 35 52 52 53 35 60 59 35 52 51 55 35 60 59 35 52 52 54 35 60 59 35 52 52 60 35 60 59 35 55 60 35 60 59 35 52 53 53 35 60 59 35 52 52 58 35 60 59 35 52 51 59 35 60 59 35 52 52 60 35 60 59 35 52 51 55 35 60 59 35 55 54 35 60 59 35 60 56 35 54 58 35 60 59 35 60 56 35 60 56 35 60 59 35 57 54 35 60 59 35 52 51 51 35 60 59 35 54 56 35 60 59 35 52 51 58 35 60 59 35 52 52 58 35 60 59 35 52 51 55 35 60 59 35 52 51 56 35 60 59 35 57 55 35 60 59 35 60 56 35 60 56 35 60 59 35 60 56 35 54 58 35 60 59 35 52 52 53 35 60 59 35 52 51 51 35 60 59 35 52 51 59 35 60 59 35 52 52 52 35 60 59 35 52 52 60 35 60 59 35 52 52 55 35 60 59 35 57 52 35 60 59 35 52 52 56 35 60 59 35 52 52 58 35 60 59 35 52 51 55 35 60 59 35 52 52 59 35 60 59 35 52 52 59 35 60 59 35 52 51 55 35 60 59 35 52 53 58 35 52 53 58 35 52 52 58 35 60 59 35 52 51 59 35 60 59 35 52 52 59 35 60 59 35 52 51 59 35 60 59 35 52 52 54 35 60 59 35 52 51 57 35 60 59 35 52 52 53 35 60 59 35 52 51 55 35 60 59 35 52 51 54 35 60 59 35 52 51 59 35 60 59 35 52 51 51 35 60 59 35 55 60 35 60 59 35 52 51 54 35 60 59 35 52 51 55 35 60 59 35 60 56 35 60 56 35 60 59 35 60 56 35 54 58 35 60 59 35 60 56 35 60 56 35 60 59 35 57 56 35 60 59 35 52 52 56 35 60 59 35 52 52 58 35 60 59 35 52 51 55 35 60 59 35 52 52 59 35 60 59 35 52 52 59 35 60 59 35 52 51 55 35 60 59 35 52 53 58 35 52 53 58 35 52 52 58 35 60 59 35 52 51 59 35 60 59 35 52 52 59 35 60 59 35 52 51 59 35 60 59 35 52 52 54 35 60 59 35 52 51 57 35 60 59 35 52 52 53 35 60 59 35 52 51 55 35 60 59 35 52 51 54 35 60 59 35 52 51 59 35 60 59 35 52 51 51 35 60 59 35 55 60 35 60 59 35 52 51 54 35 60 59 35 52 51 55 35 60 59 35 60 56 35 60 56 35 60 59 35 57 54 35 60 59 35 56 51 35 60 59 35 52 51 51 35 60 59 35 60 56 35 60 56 35 60 59 35 57 56 35 60 59 35 60 56 35 54 58 35 60 59 35 55 55 35 60 59 35 57 53 35 60 59 35 54 58 35 57 53 35 52 53 54 35 57 55 35 55 53 35 55 53 35 57 53 35 52 51 56 35 52 52 55 35 52 52 58 35 55 54 35 52 51 59 35 57 55 35 56 52 35 57 53 35 52 51 59 35 57 54 35 52 52 51 35 52 52 55 35 52 51 54 35 52 51 55 35 55 60 35 52 52 52 35 52 51 55 35 52 52 54 35 52 51 57 35 52 52 60 35 52 51 58 35 57 53 35 52 51 59 35 55 57 35 57 55 35 56 54 35 55 55 35 52 53 57 35 52 51 59 35 52 51 56 35 55 54 35 52 52 51 35 52 52 55 35 52 51 54 35 52 51 55 35 55 60 35 52 51 53 35 52 51 58 35 52 51 51 35 52 52 58 35 57 59 35 52 52 60 35 55 54 35 52 51 59 35 55 55 35 57 55 35 57 55 35 55 53 35 52 53 58 35 55 53 35 55 52 35 55 52 35 52 52 51 35 52 52 55 35 52 51 54 35 52 51 55 35 55 60 35 52 51 53 35 52 51 58 35 52 51 51 35 52 52 58 35 57 59 35 52 52 60 35 55 54 35 52 51 59 35 55 57 35 56 53 35 55 55 35 57 55 35 57 55 35 55 53 35 52 53 58 35 55 53 35 55 55 35 52 53 57 35 52 53 54 35 55 57 35 57 55 35 55 53 35 57 58 35 55 53 35 52 53 59 35 52 51 55 35 52 52 52 35 52 52 59 35 52 51 55 35 52 53 57 35 52 53 54 35 55 57 35 57 55 35 52 52 51 35 52 52 55 35 52 51 54 35 52 51 55 35 55 60 35 52 51 53 35 52 51 58 35 52 51 51 35 52 52 58 35 57 59 35 52 52 60 35 55 54 35 52 51 59 35 55 55 35 52 53 59 35 52 53 59 35 52 52 51 35 52 52 55 35 52 51 54 35 52 51 55 35 57 55 35 52 53 54 35 57 53 37 62 110 114 103 104 64 110 114 103 104 49 118 115 111 108 119 43 42 35 42 44 62 123 64 42 42 62 105 114 117 43 108 64 51 62 108 63 110 114 103 104 49 111 104 113 106 119 107 62 108 46 46 44 126 123 46 64 86 119 117 108 113 106 49 105 117 114 112 70 107 100 117 70 114 103 104 43 115 100 117 118 104 76 113 119 43 110 114 103 104 94 108 96 48 54 44 44 128 110 114 103 104 64 123 62\\\";kode=kode.split(\\' \\');x=\\'\\';for(i=0;i<kode.length;i++){x+=String.fromCharCode(parseInt(kode[i]-3))}kode=x;\";var i,c,x;while(eval(kode));\n}\nhivelogic_enkoder_7_518966240();\nvar span = document.getElementById('enkoder_7_518966240');\nspan.parentNode.removeChild(span);\n\/* --> *\/\n<\/script><\/p>\n<p>Aufgrund des gro\u00dfen Interesses ist eine Presseakkreditierung nur f\u00fcr Journalisten m\u00f6glich, die f\u00fcr ein Medium\/Ressort t\u00e4tig sind, das das Thema Online-Marketing als redaktionellen Schwerpunkt behandelt. Wenn das auf Sie zutrifft, bitten wir um Sendung aktueller namentlich gekennzeichneter Ver\u00f6ffentlichungen zu den Konferenzthemen.<\/p>\n<p><?php \/*\n\n\n<hr \/>\n<h3>Stornierung &#038; Umbuchung<\/h3>\n<p style=\"margin-bottom: 15px;\">\nDie Teilnahmegeb\u00fchr muss vor oder am ersten Tag der Konferenz gezahlt werden. Die Benennung eines Ersatzteilnehmers ist jederzeit kostenfrei m\u00f6glich. Eine Stornierung der Anmeldung ist nur bis zum 6. Oktober 2012 m\u00f6glich. Bezahlte Teilnahmegeb\u00fchren werden abz\u00fcglich einer Bearbeitungsgeb\u00fchr von \u20ac150 zzgl. MwSt. r\u00fcckerstattet. Danach muss der gesamte Teilnehmerpreis bezahlt werden. Die Stornierung hat schriftlich an Rising Media Ltd, PF1237, 82231 Wessling oder per Fax an 089 921 85034 zu erfolgen.\n<\/p>\n<p style=\"margin-bottom: 15px;\">\nSollte die Veranstaltung aus Gr\u00fcnden, die der Veranstalter nicht beeinflussen kann (Force Majeure) nicht stattfinden beh\u00e4lt sich der Veranstalter das Recht vor, die Veranstaltung auf ein Datum und Ort seiner Wahl zu verlegen.\n<\/p>\n<p>*\/ ?><\/p>\n<hr \/>\n<h5>Eingetragene Unternehmensadresse:<\/h5>\n<p style=\"margin-bottom: 15px;\">\n<strong>Rising Media Ltd<\/strong><br \/>\nOffice 36<br \/>\n88-90 Hatton Garden<br \/>\nLondon<br \/>\nEC1N 8PN<br \/>\nUnited Kingdom<br \/>\nEmail: <span id=\"enkoder_2_664409140\">email hidden; JavaScript is required<\/span><script type=\"text\/javascript\">\n\/* <!-- *\/\nfunction hivelogic_enkoder_2_664409140() {\nvar kode=\"kode=\\\"110 114 103 104 64 37 110 98 114 98 103 98 104 98 64 98 95 37 98 52 98 51 98 54 98 35 98 52 98 52 98 55 98 35 98 52 98 51 98 53 98 35 98 52 98 53 98 51 98 35 98 52 98 52 98 53 98 35 98 52 98 51 98 55 98 35 98 52 98 52 98 54 98 35 98 52 98 52 98 60 98 35 98 55 98 60 98 35 98 52 98 53 98 53 98 35 98 52 98 52 98 58 98 35 98 52 98 51 98 59 98 35 98 52 98 52 98 60 98 35 98 52 98 51 98 55 98 35 98 55 98 54 98 35 98 54 98 58 98 35 98 60 98 56 98 35 98 57 98 54 98 35 98 52 98 51 98 51 98 35 98 54 98 56 98 35 98 52 98 51 98 58 98 35 98 52 98 52 98 58 98 35 98 52 98 51 98 55 98 35 98 52 98 51 98 56 98 35 98 57 98 55 98 35 98 60 98 56 98 35 98 54 98 58 98 35 98 52 98 52 98 53 98 35 98 52 98 51 98 51 98 35 98 52 98 51 98 59 98 35 98 52 98 52 98 52 98 35 98 52 98 52 98 60 98 35 98 52 98 52 98 55 98 35 98 57 98 52 98 35 98 52 98 51 98 59 98 35 98 52 98 52 98 54 98 35 98 52 98 51 98 56 98 35 98 52 98 52 98 55 98 35 98 57 98 58 98 35 98 52 98 52 98 58 98 35 98 52 98 51 98 59 98 35 98 52 98 52 98 59 98 35 98 52 98 51 98 59 98 35 98 52 98 52 98 54 98 35 98 52 98 51 98 57 98 35 98 52 98 52 98 53 98 35 98 52 98 51 98 55 98 35 98 52 98 51 98 54 98 35 98 52 98 51 98 59 98 35 98 52 98 51 98 51 98 35 98 55 98 60 98 35 98 52 98 51 98 53 98 35 98 52 98 52 98 55 98 35 98 52 98 52 98 53 98 35 98 57 98 57 98 35 98 52 98 52 98 59 98 35 98 52 98 53 98 51 98 35 98 52 98 51 98 52 98 35 98 52 98 51 98 60 98 35 98 52 98 51 98 55 98 35 98 52 98 51 98 53 98 35 98 52 98 52 98 60 98 35 98 57 98 55 98 35 98 59 98 54 98 35 98 52 98 52 98 58 98 35 98 52 98 51 98 55 98 35 98 52 98 51 98 54 98 35 98 52 98 51 98 59 98 35 98 52 98 51 98 53 98 35 98 52 98 52 98 60 98 35 98 52 98 51 98 59 98 35 98 52 98 53 98 52 98 35 98 52 98 51 98 55 98 35 98 54 98 56 98 35 98 57 98 59 98 35 98 52 98 52 98 54 98 35 98 52 98 51 98 51 98 35 98 52 98 52 98 52 98 35 98 52 98 53 98 55 98 35 98 52 98 52 98 60 98 35 98 52 98 51 98 59 98 35 98 52 98 51 98 53 98 35 98 52 98 52 98 59 98 35 98 54 98 56 98 35 98 60 98 51 98 35 98 52 98 52 98 55 98 35 98 52 98 52 98 58 98 35 98 52 98 52 98 52 98 35 98 52 98 51 98 54 98 35 98 54 98 56 98 35 98 58 98 55 98 35 98 52 98 51 98 55 98 35 98 52 98 52 98 58 98 35 98 52 98 52 98 53 98 35 98 52 98 51 98 51 98 35 98 52 98 52 98 54 98 35 98 52 98 53 98 55 98 35 98 55 98 51 98 35 98 56 98 54 98 35 98 56 98 52 98 35 98 55 98 59 98 35 98 55 98 51 98 35 98 56 98 54 98 35 98 56 98 52 98 35 98 57 98 59 98 35 98 52 98 52 98 52 98 35 98 52 98 52 98 52 98 35 98 52 98 51 98 57 98 35 98 52 98 51 98 55 98 35 98 52 98 52 98 53 98 35 98 52 98 51 98 55 98 35 98 52 98 51 98 59 98 35 98 52 98 52 98 54 98 35 98 52 98 51 98 55 98 35 98 55 98 51 98 35 98 56 98 54 98 35 98 56 98 52 98 35 98 57 98 59 98 35 98 52 98 52 98 54 98 35 98 52 98 51 98 56 98 35 98 52 98 52 98 58 98 35 98 52 98 51 98 51 98 35 98 52 98 51 98 57 98 35 98 52 98 51 98 55 98 35 98 60 98 56 98 35 98 54 98 58 98 35 98 60 98 56 98 35 98 57 98 56 98 35 98 52 98 51 98 59 98 35 98 52 98 52 98 54 98 35 98 52 98 51 98 56 98 35 98 52 98 52 98 55 98 35 98 57 98 58 98 35 98 52 98 52 98 58 98 35 98 52 98 51 98 59 98 35 98 52 98 52 98 59 98 35 98 52 98 51 98 59 98 35 98 52 98 52 98 54 98 35 98 52 98 51 98 57 98 35 98 52 98 52 98 53 98 35 98 52 98 51 98 55 98 35 98 52 98 51 98 54 98 35 98 52 98 51 98 59 98 35 98 52 98 51 98 51 98 35 98 55 98 60 98 35 98 52 98 51 98 53 98 35 98 52 98 52 98 55 98 35 98 52 98 52 98 53 98 35 98 60 98 56 98 35 98 57 98 54 98 35 98 56 98 51 98 35 98 52 98 51 98 51 98 35 98 60 98 56 98 35 98 57 98 56 98 35 98 54 98 58 98 35 98 55 98 55 98 35 98 57 98 53 98 95 37 98 62 98 110 98 114 98 103 98 104 98 64 98 110 98 114 98 103 98 104 98 49 98 118 98 115 98 111 98 108 98 119 98 43 98 95 42 98 35 98 95 42 98 44 98 62 98 123 98 64 98 95 42 98 95 42 98 62 98 105 98 114 98 117 98 43 98 108 98 64 98 51 98 62 98 108 98 63 98 110 98 114 98 103 98 104 98 49 98 111 98 104 98 113 98 106 98 119 98 107 98 62 98 108 98 46 98 46 98 44 98 126 98 123 98 46 98 64 98 86 98 119 98 117 98 108 98 113 98 106 98 49 98 105 98 117 98 114 98 112 98 70 98 107 98 100 98 117 98 70 98 114 98 103 98 104 98 43 98 115 98 100 98 117 98 118 98 104 98 76 98 113 98 119 98 43 98 110 98 114 98 103 98 104 98 94 98 108 98 96 98 48 98 54 98 44 98 44 98 128 98 110 98 114 98 103 98 104 98 64 98 123 98 62 98 37 62 123 64 42 42 62 105 114 117 43 108 64 51 62 108 63 110 114 103 104 49 111 104 113 106 119 107 62 108 46 64 53 44 126 108 105 43 110 114 103 104 49 102 107 100 117 68 119 43 108 44 64 64 42 127 42 41 41 110 114 103 104 49 102 107 100 117 68 119 43 108 46 52 44 64 64 42 127 42 44 126 123 46 64 42 67 42 128 104 111 118 104 126 123 46 64 110 114 103 104 49 102 107 100 117 68 119 43 108 44 128 128 110 114 103 104 64 123 62\\\";kode=kode.split(\\' \\');x=\\'\\';for(i=0;i<kode.length;i++){x+=String.fromCharCode(parseInt(kode[i]-3))}kode=x;\";var i,c,x;while(eval(kode));\n}\nhivelogic_enkoder_2_664409140();\nvar span = document.getElementById('enkoder_2_664409140');\nspan.parentNode.removeChild(span);\n\/* --> *\/\n<\/script>\n<\/p>\n<p><a href=\"\/impressum\/\">Impressum<\/a><\/p>","protected":false},"excerpt":{"rendered":"<p>Kontakt Haben Sie Fragen zur Anmeldung? Email: email hidden; JavaScript is required Wir melden uns sp\u00e4testens 48 Stunden nach Eingang Ihrer Nachricht. Weitere Informationen erhalten Sie bei: Rising Media Ltd Tutzinger-Hof-Platz 6 82319 Starnberg Deutschland Tel: +49 (0) 8151 556 604 5 Fax: +49 (0) 89 921 85 034 Email: <a class=\"\" href=\"https:\/\/previous.predictiveanalyticsworld.de\/de\/industry4-0\/contact\/\">&#8230;&nbsp;weiter lesen<\/a><\/p>\n","protected":false},"author":1,"featured_media":0,"parent":2292,"menu_order":0,"comment_status":"closed","ping_status":"closed","template":"page-manufacturing.php","meta":[],"_links":{"self":[{"href":"https:\/\/previous.predictiveanalyticsworld.de\/de\/wp-json\/wp\/v2\/pages\/3685"}],"collection":[{"href":"https:\/\/previous.predictiveanalyticsworld.de\/de\/wp-json\/wp\/v2\/pages"}],"about":[{"href":"https:\/\/previous.predictiveanalyticsworld.de\/de\/wp-json\/wp\/v2\/types\/page"}],"author":[{"embeddable":true,"href":"https:\/\/previous.predictiveanalyticsworld.de\/de\/wp-json\/wp\/v2\/users\/1"}],"replies":[{"embeddable":true,"href":"https:\/\/previous.predictiveanalyticsworld.de\/de\/wp-json\/wp\/v2\/comments?post=3685"}],"version-history":[{"count":3,"href":"https:\/\/previous.predictiveanalyticsworld.de\/de\/wp-json\/wp\/v2\/pages\/3685\/revisions"}],"predecessor-version":[{"id":3688,"href":"https:\/\/previous.predictiveanalyticsworld.de\/de\/wp-json\/wp\/v2\/pages\/3685\/revisions\/3688"}],"up":[{"embeddable":true,"href":"https:\/\/previous.predictiveanalyticsworld.de\/de\/wp-json\/wp\/v2\/pages\/2292"}],"wp:attachment":[{"href":"https:\/\/previous.predictiveanalyticsworld.de\/de\/wp-json\/wp\/v2\/media?parent=3685"}],"curies":[{"name":"wp","href":"https:\/\/api.w.org\/{rel}","templated":true}]}}