{"id":453,"date":"2012-06-08T06:06:13","date_gmt":"2012-06-08T06:06:13","guid":{"rendered":"https:\/\/previous.predictiveanalyticsworld.de\/?page_id=453"},"modified":"2017-04-20T15:57:50","modified_gmt":"2017-04-20T15:57:50","slug":"party","status":"publish","type":"page","link":"https:\/\/previous.predictiveanalyticsworld.de\/de\/business\/dusseldorf-2012\/party\/","title":{"rendered":"Abendveranstaltung im Ufer 8"},"content":{"rendered":"<h2>Abendveranstaltung im Ufer 8<\/h2>\n<h2>6. November 2012 &#8211; ab 19.00 Uhr, &#8222;Ufer 8&#8220; in D\u00fcsseldorf<\/h2>\n<hr \/>\n<div style=\"margin-top: 10px; width: 100%; background-color: #9ccc42; height: 60px;\">\n<div style=\"padding: 10px 0; font-weight: bold; text-align: center; width: 25%; border-right: 2px solid #ffffff; float: left; color: #ffffff;\">\n<a style=\"color: #ffffff;\" href=\"https:\/\/previous.predictiveanalyticsworld.de\/business\/dusseldorf-2012\/programm-uberblick\/\">Programm<br \/>\u00dcberblick\n<\/div>\n<div style=\"padding: 10px 0; font-weight: bold; text-align: center; width: 25%; float: left; border-right: 2px solid #ffffff;\">\n<a style=\"color: #ffffff;\" href=\"https:\/\/previous.predictiveanalyticsworld.de\/business\/dusseldorf-2012\/tag-1\/\">Ausf\u00fchrliches<br \/>\nProgramm Tag 1<\/a>\n<\/div>\n<div style=\"padding: 10px 0; font-weight: bold; text-align: center; width: 25%; float: left; border-right: 2px solid #ffffff; color: #ffffff;\">\n<a style=\"color: #ffffff;\" href=\"https:\/\/previous.predictiveanalyticsworld.de\/business\/dusseldorf-2012\/tag-2\/\">Ausf\u00fchrliches<br \/>\nProgramm Tag 2<\/a><!--more-->\n<\/div>\n<div style=\"padding: 10px 0; font-weight: bold; text-align: center; width: 25%; float: left;\">\n<a style=\"color: #ffffff;\" href=\"https:\/\/previous.predictiveanalyticsworld.de\/business\/dusseldorf-2012\/party\/\">Networking<br \/>Event<\/a>\n<\/div>\n<\/div>\n<div style=\"clear: both;\"><\/div>\n<p><img src=\"https:\/\/previous.predictiveanalyticsworld.de\/wp-content\/uploads\/2017\/04\/ufer8_0001_bar.jpg\" width=\"250\" align=\"right\" style=\"margin: 15px 5px 5px 10px;\" border=\"0\" \/><\/p>\n<p>\nAm Abend des ersten Konferenztages findet das Predictive Analytics World Networking Event statt.<br \/>\nHier wird gefeiert, getrunken, gegessen, diskutiert, rekapituliert und nat\u00fcrlich werden hier die wichtigen Kontakte gekn\u00fcpft und vertieft!\n<\/p>\n<p style=\"margin: 10px 0;\">\nDie ultimative Party am Abend des ersten Konferenztages findet im &#8222;Ufer 8&#8220; statt, dem Hot Spot am Rathausufer in D\u00fcsseldorf direkt am Rhein.\n<\/p>\n<p style=\"margin: 10px 0;\">\n<img src=\"https:\/\/previous.predictiveanalyticsworld.de\/wp-content\/uploads\/2017\/04\/ufer8_0002_club.jpg\" width=\"250\" align=\"left\" style=\"margin: 15px 10px 5px 0;\" border=\"0\" \/><br \/>\nLassen Sie den ersten Konferenztag ausklingen: Spannende Gespr\u00e4che im ruhigen Loungebereich, leckeres Essen und Getr\u00e4nke, Tanzbereich &#8211; im &#8222;Ufer 8&#8220; ist f\u00fcr jeden etwas dabei.\n<\/p>\n<p style=\"margin: 10px 0;\">\nWeitere Informationen zum &#8222;Ufer 8&#8220; finden Sie <a href=\"http:\/\/www.ufer8.de\/\" target=\"_blank\">hier<\/a>.\n<\/p>\n<div style=\"clear: both;\"><\/div>\n","protected":false},"excerpt":{"rendered":"<p>Abendveranstaltung im Ufer 8 6. November 2012 &#8211; ab 19.00 Uhr, &#8222;Ufer 8&#8220; in D\u00fcsseldorf Programm\u00dcberblick Ausf\u00fchrliches Programm Tag 1 Ausf\u00fchrliches Programm Tag 2<\/p>\n","protected":false},"author":1,"featured_media":0,"parent":13,"menu_order":0,"comment_status":"closed","ping_status":"closed","template":"","meta":[],"_links":{"self":[{"href":"https:\/\/previous.predictiveanalyticsworld.de\/de\/wp-json\/wp\/v2\/pages\/453"}],"collection":[{"href":"https:\/\/previous.predictiveanalyticsworld.de\/de\/wp-json\/wp\/v2\/pages"}],"about":[{"href":"https:\/\/previous.predictiveanalyticsworld.de\/de\/wp-json\/wp\/v2\/types\/page"}],"author":[{"embeddable":true,"href":"https:\/\/previous.predictiveanalyticsworld.de\/de\/wp-json\/wp\/v2\/users\/1"}],"replies":[{"embeddable":true,"href":"https:\/\/previous.predictiveanalyticsworld.de\/de\/wp-json\/wp\/v2\/comments?post=453"}],"version-history":[{"count":3,"href":"https:\/\/previous.predictiveanalyticsworld.de\/de\/wp-json\/wp\/v2\/pages\/453\/revisions"}],"predecessor-version":[{"id":2854,"href":"https:\/\/previous.predictiveanalyticsworld.de\/de\/wp-json\/wp\/v2\/pages\/453\/revisions\/2854"}],"up":[{"embeddable":true,"href":"https:\/\/previous.predictiveanalyticsworld.de\/de\/wp-json\/wp\/v2\/pages\/13"}],"wp:attachment":[{"href":"https:\/\/previous.predictiveanalyticsworld.de\/de\/wp-json\/wp\/v2\/media?parent=453"}],"curies":[{"name":"wp","href":"https:\/\/api.w.org\/{rel}","templated":true}]}}