{"id":79,"date":"2011-10-14T10:28:50","date_gmt":"2011-10-14T10:28:50","guid":{"rendered":"https:\/\/previous.predictiveanalyticsworld.de\/?page_id=79"},"modified":"2019-06-12T12:25:21","modified_gmt":"2019-06-12T12:25:21","slug":"referent","status":"publish","type":"page","link":"https:\/\/previous.predictiveanalyticsworld.de\/de\/referent\/","title":{"rendered":"Werden Sie Referent"},"content":{"rendered":"<p><\/p>\n<h1>Als Referent bewerben<\/h1>\n<h2>Predictive Analytics World Berlin<br \/>\n18.-19. November 2019, Estrel Hotel Berlin<\/h2>\n<p><!--h3>Eine Bewerbung als Referent f\u00fcr die Predictive Analytics World 2019 in Berlin ist nicht mehr m\u00f6glich.<\/h3-->\n<p><!--p style=\"margin-top: 30px;\">Sie m\u00f6chten sich als Referent f\u00fcr die <strong>Predictive Analytics World for Industry 4.0 in M\u00fcnchen<\/strong> bewerben?<br \/>\nKlicken Sie bitte <a target=\"blank\" href=\"https:\/\/previous.predictiveanalyticsworld.de\/en\/industry4-0\/call-for-speaker\/\" class=\"bumpbox\" rel=\"600-600 noopener noreferrer\" title=\"Predictive Analytics World werden\">hier<\/a>.<\/p-->\n<hr \/>\n<p>If you wish to apply as a speaker for Predictive Analytics World Berlin,<br \/>\nplease click <a target=\"blank\" href=\"https:\/\/previous.predictiveanalyticsworld.de\/en\/referent\/\" rel=\"noopener noreferrer\">here<\/a>.<\/p>\n<hr \/>\n<p><!--Sie m\u00f6chten sich als Referent bewerben?<br \/>\nBitte f\u00fcllen Sie unser <a target=\"blank\" href=\"https:\/\/docs.google.com\/forms\/d\/e\/1FAIpQLSf6B7ZDc4WZuK8AsybBFsAGs5M-Vm3TBowEhD0QnvP1kmclJg\/viewform\" class=\"bumpbox\" rel=\"600-600 noopener noreferrer\" title=\"Predictive Analytics World werden\">Referentenbewerbungsformular<\/a> aus.--\n\n\n\n\n\n<hr \/>\n\n\n\n<!--Eine Bewerbung als Referent f\u00fcr die Predictive Analytics World 2019 in Berlin ist bis zum 31. Mai 2019 m\u00f6glich.--><\/p>\n<p><strong>Leider ist die offizielle Bewerbungsfrist abgelaufen. Gerne ber\u00fccksichtigen wir Ihre nachtr\u00e4glich eingereichte Bewerbung f\u00fcr kurzfristige Programm\u00e4nderungen oder k\u00fcnftige Predictive Analytics World Shows in Deutschland.<\/strong><\/p>\n<p>Nach der offiziellen Call for Speaker Deadline verschicken wir kein Feedback mehr. Sollte sich eine M\u00f6glichkeit als Sprecher oder Backup Sprecher ergeben melden wir uns bei Ihnen. <\/p>\n<p>Bitte beachten Sie unsere Richtlinien.<\/p>\n<p>Das Programm jeder Predictive Analytics World Veranstaltung wird ausschlie\u00dflich nach inhaltlichen Aspekten zusammengestellt.<br \/>\n<strong>Wir verkaufen keine Referentenslots<\/strong><\/p>\n<p>Bitte beachten Sie bei Ihrer Bewerbung die Hinweise auf der Seite.<\/p>\n<p>Sie m\u00f6chten einen Referenten vorschlagen? Wir freuen uns \u00fcber Ihre Empfehlungen!<\/p>\n<p><strong>Wie geht es weiter?<\/strong><\/p>\n<p>Sie erhalten von uns eine kurze Eingangsbest\u00e4tigung \u2013 das Programm der Predictive Analytics World 2019 wird im Sommer 2019 erstellt. Aufgrund der hohen Anzahl an Referentenvorschl\u00e4gen und \u2013bewerbungen bitten wir Sie, von Nachfragen bzgl. des Standes Ihres eingereichten Vorschlages abzusehen.<\/p>\n<hr \/>\n<ul>\n<li><strong>Erz\u00e4hlen Sie nicht, zeigen Sie:<\/strong> Die Zuh\u00f6rer wollen echte Beispiele, Screenshots und Geschichten, die Tipps und Techniken illustrieren. Die Teilnehmer wollen sehen, wie die Dinge funktionieren und keine Bulletpoints. Zeigen Sie was Sie erkl\u00e4ren und die Zuh\u00f6rer werden Ihnen beste Bewertungen geben.<\/li>\n<li><strong>Bitte seien Sie offen:<\/strong> Geben Sie Tipps, Ratschl\u00e4ge und Insiderwissen weiter.<\/li>\n<li><strong>Fakten &#038; Meinungen:<\/strong> Meist gibt es auf Predictive Analytics Fragen nicht nur eine richtige Antwort. Aber es gibt eine Menge unterschiedlicher Meinungen! Deshalb ist es besonders wichtig zu verdeutlichen, wann Sie Ihre Meinung aussprechen, mit den Teilnehmern Ihre Erfahrungen teilen oder Fakten pr\u00e4sentieren.<\/li>\n<li><strong>Kein Sales Pitch!<\/strong> Auf der Konferenz m\u00f6chten die Teilnehmer lernen und nicht h\u00f6ren, was Sie verkaufen. Wenn Sie eine gute Pr\u00e4sentation halten \u2013 ohne Verkaufsinhalte \u2013 ist das die beste und wertvollste Darstellung f\u00fcr Ihr Unternehmen.  Wenn Sie Ihre Firma als Teil Ihrer Teilnahme als Referent kurz vorstellen m\u00f6chten, dann halten Sie sich bitte an folgende Vorschl\u00e4ge, die Ihnen die PR erm\u00f6glicht und von Zuh\u00f6rern in der Regeln nicht als negativ empfunden werden: Zeigen Sie ein Slide\/eine Folie um Ihr Unternehmen und Ihr Angebot darzustellen, vor allem wenn dies im Kontext zu Ihrer Pr\u00e4sentation steht. Sie k\u00f6nnen auch Ihre Services, Kunden, Hintergrund etc.. kurz auflisten. Nutzen Sie daf\u00fcr nicht mehr als 30 Sekunden, maximal eine Minute. Wollen Sie Bonuspunkte? Erw\u00e4hnen Sie, dass Sie viel \u00fcber Ihr Unternehmen erz\u00e4hlen k\u00f6nnten, den Teilnehmern aber die \u00fcblichen Verkaufspr\u00e4sentationen ersparen wollen. Die Teilnehmer werden dies zu sch\u00e4tzen wissen.<\/li>\n<\/ul>\n<p><strong>Wir freuen uns von Ihnen zu h\u00f6ren.<\/strong><\/p>\n<p style=\"text-align: center; font-weight: bold; font-size: 16px; color: #0071BC;\"><a target=\"_blank\" href=\"https:\/\/docs.google.com\/forms\/d\/e\/1FAIpQLSf6B7ZDc4WZuK8AsybBFsAGs5M-Vm3TBowEhD0QnvP1kmclJg\/viewform\" class=\"bumpbox\" rel=\"600-600 noopener noreferrer\" title=\"Predictive Analytics World Referent werden\"><strong>Formular \u00f6ffnen<\/strong><\/a><\/p>\n<div style=\"clear:both;\"><\/div>\n<p><!--div class=\"col-md-12\">\n<iframe loading=\"lazy\" src=\"\/\/www.slideshare.net\/slideshow\/embed_code\/key\/Im5E1WjqPq1iuf\" width=\"100%\" height=\"485\" frameborder=\"0\" marginwidth=\"0\" marginheight=\"0\" scrolling=\"no\" style=\"border:1px solid #CCC; border-width:1px; margin-bottom:5px; max-width: 100%;\" allowfullscreen> <\/iframe> \n\n<div style=\"margin-bottom:5px\"> <strong> <a href=\"\/\/www.slideshare.net\/PAWDeutschland\/predictive-analytics-world-for-business-deutschland-2018\" title=\"Predictive Analytics World for Business Deutschland 2018\" target=\"_blank\" rel=\"noopener noreferrer\">Predictive Analytics World for Business Deutschland 2018<\/a> <\/strong> from <strong><a href=\"https:\/\/www.slideshare.net\/PAWDeutschland\" target=\"_blank\" rel=\"noopener noreferrer\">Predictive Analytics World<\/a><\/strong> <\/div>\n\n\n<\/div-->\n<div style=\"clear:both;\"><\/div>\n<p><\/p>","protected":false},"excerpt":{"rendered":"<p>Als Referent bewerben Predictive Analytics World Berlin 18.-19. November 2019, Estrel Hotel Berlin If you wish to apply as a speaker for Predictive Analytics World Berlin, please click here. Leider ist die offizielle Bewerbungsfrist abgelaufen. Gerne ber\u00fccksichtigen wir Ihre nachtr\u00e4glich eingereichte Bewerbung f\u00fcr kurzfristige Programm\u00e4nderungen oder k\u00fcnftige Predictive Analytics World <a class=\"\" href=\"https:\/\/previous.predictiveanalyticsworld.de\/de\/referent\/\">&#8230;&nbsp;weiter lesen<\/a><\/p>\n","protected":false},"author":1,"featured_media":0,"parent":0,"menu_order":0,"comment_status":"closed","ping_status":"closed","template":"","meta":[],"_links":{"self":[{"href":"https:\/\/previous.predictiveanalyticsworld.de\/de\/wp-json\/wp\/v2\/pages\/79"}],"collection":[{"href":"https:\/\/previous.predictiveanalyticsworld.de\/de\/wp-json\/wp\/v2\/pages"}],"about":[{"href":"https:\/\/previous.predictiveanalyticsworld.de\/de\/wp-json\/wp\/v2\/types\/page"}],"author":[{"embeddable":true,"href":"https:\/\/previous.predictiveanalyticsworld.de\/de\/wp-json\/wp\/v2\/users\/1"}],"replies":[{"embeddable":true,"href":"https:\/\/previous.predictiveanalyticsworld.de\/de\/wp-json\/wp\/v2\/comments?post=79"}],"version-history":[{"count":79,"href":"https:\/\/previous.predictiveanalyticsworld.de\/de\/wp-json\/wp\/v2\/pages\/79\/revisions"}],"predecessor-version":[{"id":3993,"href":"https:\/\/previous.predictiveanalyticsworld.de\/de\/wp-json\/wp\/v2\/pages\/79\/revisions\/3993"}],"wp:attachment":[{"href":"https:\/\/previous.predictiveanalyticsworld.de\/de\/wp-json\/wp\/v2\/media?parent=79"}],"curies":[{"name":"wp","href":"https:\/\/api.w.org\/{rel}","templated":true}]}}