{"id":2713,"date":"2017-01-10T17:43:26","date_gmt":"2017-01-10T17:43:26","guid":{"rendered":"https:\/\/previous.predictiveanalyticsworld.de\/?page_id=2713"},"modified":"2018-05-14T09:17:39","modified_gmt":"2018-05-14T09:17:39","slug":"location","status":"publish","type":"page","link":"https:\/\/previous.predictiveanalyticsworld.de\/en\/berlin2017\/location\/","title":{"rendered":"Location"},"content":{"rendered":"<p><\/p>\n<h1>Location<\/h1>\n<h2>Predictive Analytics World Berlin<br \/>\n13.-14. November 2017, Estrel Hotel Berlin<\/h2>\n<hr \/>\n<p><img class=\"locationpic col-md-4 pull-right\" src=\"https:\/\/previous.predictiveanalyticsworld.de\/wp-content\/uploads\/2017\/04\/Estrel-8-e1396605296108.jpg\" border=\"0\" \/><br \/>\n<strong>Estrel Berlin<\/strong>,<br \/>\nSonnenallee 225,<br \/>\n12057 Berlin,<br \/>\nDeutschland<\/p>\n<p>Telefon: +49 3068310.<br \/>\nE-Mail: <span id=\"enkoder_3_1373876787\">email hidden; JavaScript is required<\/span><script type=\"text\/javascript\">\n\/* <!-- *\/\nfunction hivelogic_enkoder_3_1373876787() {\nvar kode=\"kode=\\\"110 114 103 104 64 37 52 52 51 35 52 52 55 35 52 51 54 35 52 51 55 35 57 55 35 54 58 35 52 52 51 35 60 59 35 52 52 55 35 60 59 35 52 51 54 35 60 59 35 52 51 55 35 60 59 35 57 55 35 60 59 35 60 56 35 54 58 35 60 59 35 52 52 55 35 60 59 35 52 51 54 35 60 59 35 52 53 51 35 60 59 35 52 51 53 35 60 59 35 52 51 55 35 60 59 35 52 52 53 35 60 59 35 52 52 60 35 60 59 35 52 52 54 35 60 59 35 52 53 53 35 60 59 35 55 60 35 60 59 35 52 51 59 35 60 59 35 52 52 58 35 60 59 35 52 51 55 35 60 59 35 52 52 60 35 60 59 35 60 56 35 60 56 35 60 59 35 60 56 35 54 58 35 60 59 35 55 54 35 60 59 35 57 54 35 60 59 35 60 56 35 60 56 35 60 59 35 60 56 35 60 56 35 60 59 35 54 56 35 60 59 35 52 51 51 35 60 59 35 52 52 58 35 60 59 35 52 51 58 35 60 59 35 52 51 56 35 60 59 35 52 51 55 35 60 59 35 60 56 35 60 56 35 60 59 35 60 56 35 60 56 35 60 59 35 57 55 35 60 59 35 52 52 53 35 60 59 35 60 56 35 60 56 35 60 59 35 60 56 35 54 58 35 60 59 35 52 51 59 35 60 59 35 52 51 51 35 60 59 35 52 52 60 35 60 59 35 52 52 52 35 60 59 35 57 52 35 60 59 35 52 52 55 35 60 59 35 52 52 55 35 60 59 35 52 51 58 35 60 59 35 52 51 55 35 60 59 35 52 52 60 35 60 59 35 52 53 58 35 52 53 58 35 52 52 52 35 60 59 35 52 52 59 35 60 59 35 52 51 55 35 60 59 35 52 52 58 35 60 59 35 52 52 60 35 60 59 35 52 52 52 35 60 59 35 52 51 55 35 60 59 35 52 51 53 35 60 59 35 55 60 35 60 59 35 52 52 53 35 60 59 35 52 52 55 35 60 59 35 60 56 35 60 56 35 60 59 35 60 56 35 54 58 35 60 59 35 60 56 35 60 56 35 60 59 35 60 56 35 60 56 35 60 59 35 57 56 35 60 59 35 60 56 35 60 56 35 60 59 35 60 56 35 60 56 35 60 59 35 52 52 55 35 60 59 35 52 51 58 35 60 59 35 52 51 55 35 60 59 35 52 52 60 35 60 59 35 52 53 58 35 52 53 58 35 52 52 52 35 60 59 35 52 52 59 35 60 59 35 52 51 55 35 60 59 35 52 52 58 35 60 59 35 52 52 60 35 60 59 35 52 52 52 35 60 59 35 52 51 55 35 60 59 35 52 51 53 35 60 59 35 55 60 35 60 59 35 52 52 53 35 60 59 35 52 52 55 35 60 59 35 57 54 35 60 59 35 60 56 35 60 56 35 60 59 35 60 56 35 60 56 35 60 59 35 52 51 51 35 60 59 35 56 51 35 60 59 35 57 56 35 60 59 35 60 56 35 60 56 35 60 59 35 60 56 35 60 56 35 60 59 35 55 55 35 60 59 35 60 56 35 60 56 35 60 59 35 60 56 35 54 58 35 60 59 35 57 53 35 60 59 35 60 56 35 54 58 35 60 59 35 57 53 35 60 59 35 52 53 54 35 60 59 35 57 55 35 60 59 35 60 56 35 55 53 35 60 59 35 60 56 35 55 53 35 60 59 35 57 53 35 60 59 35 52 51 56 35 60 59 35 52 52 55 35 60 59 35 52 52 58 35 60 59 35 55 54 35 60 59 35 52 51 59 35 60 59 35 57 55 35 60 59 35 56 52 35 60 59 35 57 53 35 60 59 35 52 51 59 35 60 59 35 57 54 35 60 59 35 55 54 35 60 59 35 52 52 51 35 60 59 35 52 52 55 35 60 59 35 52 51 54 35 60 59 35 52 51 55 35 60 59 35 55 60 35 60 59 35 52 52 52 35 60 59 35 52 51 55 35 60 59 35 52 52 54 35 60 59 35 52 51 57 35 60 59 35 52 52 60 35 60 59 35 52 51 58 35 60 59 35 55 59 35 60 59 35 56 53 35 60 59 35 55 55 35 60 59 35 57 53 35 60 59 35 52 51 59 35 60 59 35 55 57 35 60 59 35 57 55 35 60 59 35 56 54 35 60 59 35 55 55 35 60 59 35 52 53 57 35 60 59 35 52 53 54 35 60 59 35 55 57 35 60 59 35 57 55 35 60 59 35 52 52 51 35 60 59 35 52 52 55 35 60 59 35 52 51 54 35 60 59 35 52 51 55 35 60 59 35 55 60 35 60 59 35 52 51 53 35 60 59 35 52 51 58 35 60 59 35 52 51 51 35 60 59 35 52 52 58 35 60 59 35 57 59 35 60 59 35 52 52 60 35 60 59 35 55 54 35 60 59 35 52 51 59 35 60 59 35 55 57 35 60 59 35 56 53 35 60 59 35 55 55 35 60 59 35 55 57 35 60 59 35 52 52 51 35 60 59 35 52 52 55 35 60 59 35 52 51 54 35 60 59 35 52 51 55 35 60 59 35 55 60 35 60 59 35 52 51 53 35 60 59 35 52 51 58 35 60 59 35 52 51 51 35 60 59 35 52 52 58 35 60 59 35 57 59 35 60 59 35 52 52 60 35 60 59 35 55 54 35 60 59 35 52 51 59 35 60 59 35 55 55 35 60 59 35 52 53 59 35 60 59 35 52 52 51 35 60 59 35 52 52 55 35 60 59 35 52 51 54 35 60 59 35 52 51 55 35 60 59 35 57 55 35 60 59 35 52 53 54 35 60 59 35 55 57 35 60 59 35 55 54 35 60 59 35 52 51 59 35 60 59 35 57 54 35 60 59 35 52 52 51 35 60 59 35 52 52 55 35 60 59 35 52 51 54 35 60 59 35 52 51 55 35 60 59 35 55 60 35 60 59 35 52 52 52 35 60 59 35 52 51 55 35 60 59 35 52 52 54 35 60 59 35 52 51 57 35 60 59 35 52 52 60 35 60 59 35 52 51 58 35 60 59 35 57 57 35 60 59 35 52 52 51 35 60 59 35 52 52 55 35 60 59 35 52 51 54 35 60 59 35 52 51 55 35 60 59 35 55 60 35 60 59 35 52 51 53 35 60 59 35 52 51 58 35 60 59 35 52 51 51 35 60 59 35 52 52 58 35 60 59 35 57 59 35 60 59 35 52 52 60 35 60 59 35 55 54 35 60 59 35 52 52 51 35 60 59 35 52 52 55 35 60 59 35 52 51 54 35 60 59 35 52 51 55 35 60 59 35 55 60 35 60 59 35 52 52 52 35 60 59 35 52 51 55 35 60 59 35 52 52 54 35 60 59 35 52 51 57 35 60 59 35 52 52 60 35 60 59 35 52 51 58 35 60 59 35 55 59 35 60 59 35 56 53 35 60 59 35 55 55 35 60 59 35 57 52 35 60 59 35 60 56 35 55 53 35 60 59 35 60 56 35 55 53 35 60 59 35 55 55 35 60 59 35 57 53 35 60 59 35 54 58 35 57 53 35 52 53 54 35 57 55 35 55 53 35 55 53 35 57 53 35 52 51 56 35 52 52 55 35 52 52 58 35 55 54 35 52 51 59 35 57 55 35 56 52 35 57 53 35 52 51 59 35 57 54 35 52 52 51 35 52 52 55 35 52 51 54 35 52 51 55 35 55 60 35 52 52 52 35 52 51 55 35 52 52 54 35 52 51 57 35 52 52 60 35 52 51 58 35 57 53 35 52 51 59 35 55 57 35 57 55 35 56 54 35 55 55 35 52 53 57 35 52 51 59 35 52 51 56 35 55 54 35 52 52 51 35 52 52 55 35 52 51 54 35 52 51 55 35 55 60 35 52 51 53 35 52 51 58 35 52 51 51 35 52 52 58 35 57 59 35 52 52 60 35 55 54 35 52 51 59 35 55 55 35 57 55 35 57 55 35 55 53 35 52 53 58 35 55 53 35 55 52 35 55 52 35 52 52 51 35 52 52 55 35 52 51 54 35 52 51 55 35 55 60 35 52 51 53 35 52 51 58 35 52 51 51 35 52 52 58 35 57 59 35 52 52 60 35 55 54 35 52 51 59 35 55 57 35 56 53 35 55 55 35 57 55 35 57 55 35 55 53 35 52 53 58 35 55 53 35 55 55 35 52 53 57 35 52 53 54 35 55 57 35 57 55 35 55 53 35 57 58 35 55 53 35 52 53 59 35 52 51 55 35 52 52 52 35 52 52 59 35 52 51 55 35 52 53 57 35 52 53 54 35 55 57 35 57 55 35 52 52 51 35 52 52 55 35 52 51 54 35 52 51 55 35 55 60 35 52 51 53 35 52 51 58 35 52 51 51 35 52 52 58 35 57 59 35 52 52 60 35 55 54 35 52 51 59 35 55 55 35 52 53 59 35 52 53 59 35 52 52 51 35 52 52 55 35 52 51 54 35 52 51 55 35 57 55 35 52 53 54 35 57 53 37 62 110 114 103 104 64 110 114 103 104 49 118 115 111 108 119 43 42 35 42 44 62 123 64 42 42 62 105 114 117 43 108 64 51 62 108 63 110 114 103 104 49 111 104 113 106 119 107 62 108 46 46 44 126 123 46 64 86 119 117 108 113 106 49 105 117 114 112 70 107 100 117 70 114 103 104 43 115 100 117 118 104 76 113 119 43 110 114 103 104 94 108 96 48 54 44 44 128 110 114 103 104 64 123 62\\\";kode=kode.split(\\' \\');x=\\'\\';for(i=0;i<kode.length;i++){x+=String.fromCharCode(parseInt(kode[i]-3))}kode=x;\";var i,c,x;while(eval(kode));\n}\nhivelogic_enkoder_3_1373876787();\nvar span = document.getElementById('enkoder_3_1373876787');\nspan.parentNode.removeChild(span);\n\/* --> *\/\n<\/script><\/p>\n<div style=\"clear: both;\"><\/div>\n<h4>Hotelzimmerreservierung<\/h4>\n<p>Es gibt eine begrenzte Zimmeranzahl, die Sie im Estrel Berlin zur Gruppenrate von<br \/>\n&#8211; <sup>**<\/sup>\u20ac130 pro \u00dcbernachtung im Einzelzimmer und<br \/>\n&#8211; <sup>**<\/sup>\u20ac142 pro \u00dcbernachtung im Doppelzimmer<br \/>\nbuchen k\u00f6nnen. Das Fr\u00fchst\u00fcck wird separat mit <sup>*<\/sup>\u20ac19 pro Person und Tag berechnet.<\/p>\n<p>Um ein Hotelzimmer zur Gruppenrate zu buchen, nutzen Sie bitte die <a target=\"_blank\" href=\"https:\/\/bookings.ihotelier.com\/Estrel-Hotel-Berlin\/bookings.jsp?groupID=1748795&#038;languageid=7&#038;hotelID=17417\">Online Reservierung vom Estrel Hotel Berlin<\/a>.<br \/>\nf\u00fcllen Sie bitte das <a target=\"_blank\" href=\"https:\/\/emetrics-summit.de\/wp-content\/uploads\/2017\/01\/Abrufformular_DDB-Conference_2017.pdf\">Reservierungsformular<\/a> (PDF) aus und senden es an <span id=\"enkoder_4_165089370\">email hidden; JavaScript is required<\/span><script type=\"text\/javascript\">\n\/* <!-- *\/\nfunction hivelogic_enkoder_4_165089370() {\nvar kode=\"kode=\\\"110 114 103 104 64 37 114 110 104 103 95 37 64 110 114 103 104 95 37 95 95 110 64 103 114 95 95 104 95 95 95 37 52 95 95 35 64 52 52 35 51 51 52 35 55 51 52 35 54 55 52 54 55 35 57 53 35 55 58 35 57 56 35 54 55 35 60 56 35 60 58 35 57 56 35 52 56 51 60 56 35 35 51 54 35 60 51 35 57 56 35 52 56 53 60 52 35 55 52 52 35 53 52 55 35 35 51 52 35 35 60 51 52 35 52 52 52 35 55 52 52 35 58 52 52 35 60 51 52 35 59 58 52 52 55 57 57 52 35 54 51 52 35 51 52 52 35 58 53 52 35 55 52 52 35 59 51 52 35 52 51 52 35 58 53 52 35 55 52 52 35 59 51 52 35 55 52 52 35 58 51 57 35 35 52 56 35 60 56 35 60 56 35 54 56 35 60 56 35 60 58 35 60 52 35 35 56 52 52 35 53 51 52 35 55 60 52 52 53 52 55 52 35 55 52 52 35 58 51 52 35 60 52 52 35 59 52 52 35 55 52 57 35 35 51 51 35 35 58 52 52 35 57 53 52 35 54 52 52 35 51 51 52 35 58 51 52 35 55 53 52 35 59 52 52 35 52 51 52 35 58 52 52 35 55 51 52 35 59 52 52 35 55 52 52 52 58 55 57 52 35 60 52 52 35 52 52 52 35 59 52 52 35 51 51 52 35 53 51 60 35 35 52 58 35 60 56 35 54 56 35 57 56 35 60 51 35 35 55 51 52 35 56 52 52 35 55 51 52 35 58 56 52 52 58 51 54 57 35 35 51 56 35 60 54 35 60 56 35 54 56 35 60 54 35 52 58 55 55 52 35 60 51 52 35 59 52 52 35 58 51 52 35 53 52 55 35 35 53 52 35 35 60 52 52 35 60 51 52 35 54 52 52 35 55 53 52 35 53 51 52 35 51 52 52 35 53 51 52 35 55 58 52 57 54 35 54 52 35 35 53 52 52 35 51 51 52 35 55 51 52 35 54 55 52 52 55 51 57 52 35 55 52 52 35 54 52 52 35 55 51 55 35 35 51 52 35 35 60 52 52 35 59 52 52 35 56 51 52 35 52 52 52 35 59 54 52 55 60 35 55 53 35 55 53 35 55 60 35 52 55 58 55 52 35 55 52 52 35 52 51 52 35 55 53 52 35 58 51 52 35 59 52 52 35 55 52 55 35 35 51 55 35 55 54 35 55 51 35 35 60 52 52 35 60 51 52 35 55 52 52 35 59 54 52 55 54 35 55 53 35 55 53 35 55 53 35 62 55 95 95 57 95 95 95 37 110 95 95 103 114 64 104 114 110 104 103 118 49 111 115 119 108 95 95 43 35 95 95 95 95 44 95 95 95 42 95 95 95 42 62 95 95 95 95 123 95 95 95 42 62 95 95 95 95 64 95 95 95 42 105 95 95 117 114 108 43 51 64 108 62 110 63 103 114 49 104 104 111 106 113 107 119 108 62 46 46 126 44 46 123 86 64 117 119 113 108 49 106 117 105 112 114 107 70 117 100 114 70 104 103 115 43 117 100 104 118 113 76 43 119 114 110 104 103 108 94 48 96 44 54 128 44 114 110 104 103 123 64 62 62 95 37 95 95 123 64 95 42 95 95 95 42 95 95 62 105 114 117 43 108 64 51 62 108 63 43 110 114 103 104 49 111 104 113 106 119 107 48 52 44 62 108 46 64 53 44 126 123 46 64 110 114 103 104 49 102 107 100 117 68 119 43 108 46 52 44 46 110 114 103 104 49 102 107 100 117 68 119 43 108 44 128 110 114 103 104 64 123 46 43 108 63 110 114 103 104 49 111 104 113 106 119 107 66 110 114 103 104 49 102 107 100 117 68 119 43 110 114 103 104 49 111 104 113 106 119 107 48 52 44 95 42 95 95 44 61 95 42 95 95 95 37 62 123 62 95 42 64 62 95 42 114 105 43 117 64 108 62 51 63 108 110 43 103 114 49 104 104 111 106 113 107 119 52 48 62 44 46 108 53 64 126 44 46 123 110 64 103 114 49 104 107 102 117 100 119 68 108 43 52 46 46 44 114 110 104 103 102 49 100 107 68 117 43 119 44 108 110 128 103 114 64 104 46 123 108 43 110 63 103 114 49 104 104 111 106 113 107 119 110 66 103 114 49 104 107 102 117 100 119 68 110 43 103 114 49 104 104 111 106 113 107 119 52 48 61 44 95 42 95 42 62 44 37 62 123 64 42 42 62 105 114 117 43 108 64 51 62 108 63 43 110 114 103 104 49 111 104 113 106 119 107 48 52 44 62 108 46 64 53 44 126 123 46 64 110 114 103 104 49 102 107 100 117 68 119 43 108 46 52 44 46 110 114 103 104 49 102 107 100 117 68 119 43 108 44 128 110 114 103 104 64 123 46 43 108 63 110 114 103 104 49 111 104 113 106 119 107 66 110 114 103 104 49 102 107 100 117 68 119 43 110 114 103 104 49 111 104 113 106 119 107 48 52 44 61 42 42 44 62\\\";kode=kode.split(\\' \\');x=\\'\\';for(i=0;i<kode.length;i++){x+=String.fromCharCode(parseInt(kode[i]-3))}kode=x;\";var i,c,x;while(eval(kode));\n}\nhivelogic_enkoder_4_165089370();\nvar span = document.getElementById('enkoder_4_165089370');\nspan.parentNode.removeChild(span);\n\/* --> *\/\n<\/script>.<\/p>\n<p><?php \/*\n<span style=\"color: #b30000;\">Hotelzimmerreservierungen sind ab sofort nur nach Verf\u00fcgbarkeit buchbar und gelten ausschlie\u00dflich f\u00fcr angemeldete Teilnehmer der Data Driven Business Berlin.<br \/>\n<strong>Das Estrel Berlin ist f\u00fcr den 08.11.2016 bereits komplett ausgebucht.<\/strong><br \/>\nAls Alternative empfehlen wir Ihnen, die Hotelzimmerreservierungen \u00fcber das <a href=\"#InterCityHotel\">InterCity Hotel Berlin Hauptbahnhof<\/a> vorzunehmen.<\/span><br \/>\n*\/ ?><\/p>\n<p>Reservierungen sind zu den angegebenen Sonderkonditionen bis zum 21. August 2017 buchbar.<\/p>\n<p><a class=\"btn btn-primary\" target=\"_blank\" href=\"https:\/\/bookings.ihotelier.com\/Estrel-Hotel-Berlin\/bookings.jsp?groupID=1748795&#038;languageid=7&#038;hotelID=17417\">Zimmer Online Reservieren<\/a><\/p>\n<p><small><br \/>\n<sup>*<\/sup>Preise inkl. der gesetzlichen MwSt. von 19%.<br \/>\n<sup>**<\/sup>Preise inkl. der gesetzlichen MwSt. von 7%.<br \/>\n<\/small><\/p>\n<hr \/>\n<h4>Hotel Reservations<\/h4>\n<p>There are a limited number of rooms available at the Estrel Berlin, at the special group rate of:<br \/>\n&#8211; <sup>**<\/sup>\u20ac130  per night for a single room, and<br \/>\n&#8211; <sup>**<\/sup>\u20ac142 per night  for a double room.<br \/>\nBreakfast is charged separately at <sup>*<\/sup>\u20ac19 per person per day. <\/p>\n<p>To book a hotel room at the group rate, please <a target=\"_blank\" href=\"http:\/\/bookings.ihotelier.com\/bookings.jsp?groupID=1748795&#038;hotelID=17417&#038;languageid=1\">click here<\/a>.<\/p>\n<p><?php \/* \nRooms are booked at the group rate until the group rate is sold out. The rate only applies to registered participants of the the Data Driven Business Berlin.\n*\/ ?><\/p>\n<p>Be sure to book by August 21, 2017, after that date the special deal might not be available any longer.<\/p>\n<p><a class=\"btn btn-primary\" target=\"_blank\" href=\"http:\/\/bookings.ihotelier.com\/bookings.jsp?groupID=1748795&#038;hotelID=17417&#038;languageid=1\">Book your Room<\/a><\/p>\n<p><small><br \/>\n<sup>*<\/sup>Prices incl. 19% MwSt.<br \/>\n<sup>**<\/sup>Prices incl. 7% MwSt.<br \/>\n<\/small><\/p>\n<div style=\"clear: both;\"><\/div>\n<hr \/>\n<div class=\"googleMaps\">\n<iframe loading=\"lazy\" width=\"100%\" height=\"350\" frameborder=\"0\" scrolling=\"no\" marginheight=\"0\" marginwidth=\"0\" src=\"https:\/\/maps.google.com\/maps?f=q&amp;source=s_q&amp;hl=de&amp;geocode=&amp;q=Estrel+Hotel+Berlin,%E2%80%8E+Sonnenallee+225+12057+Berlin&amp;aq=&amp;sll=37.0625,-95.677068&amp;sspn=82.939223,78.837891&amp;ie=UTF8&amp;hq=Estrel+Hotel+Berlin,%E2%80%8E+Sonnenallee+225&amp;hnear=12057+Berlin,+Deutschland&amp;t=m&amp;ll=52.474074,13.459371&amp;spn=0.012083,0.006295&amp;output=embed\"><\/iframe><br \/><small><a href=\"https:\/\/maps.google.com\/maps?f=q&amp;source=embed&amp;hl=de&amp;geocode=&amp;q=Estrel+Hotel+Berlin,%E2%80%8E+Sonnenallee+225+12057+Berlin&amp;aq=&amp;sll=37.0625,-95.677068&amp;sspn=82.939223,78.837891&amp;ie=UTF8&amp;hq=Estrel+Hotel+Berlin,%E2%80%8E+Sonnenallee+225&amp;hnear=12057+Berlin,+Deutschland&amp;t=m&amp;ll=52.474074,13.459371&amp;spn=0.012083,0.006295\" style=\"color:#0000FF;text-align:left\">Gr\u00f6\u00dfere Kartenansicht<\/a><\/small>\n<\/div>\n<p><?php \/*\n\n\n\n<hr \/>\n<div id=\"InterCityHotel\">&nbsp;<\/div>\n<div style=\"clear: both;\"><\/div>\n<p><img loading=\"lazy\" src=\"https:\/\/datadrivenbusiness.de\/wp-content\/uploads\/2016\/02\/451_ICH_BerlinHbf_ex_4305a03de37025d562a4215.jpg\" alt=\"estrel578\" width=\"243\" height=\"167\" class=\"alignright size-full wp-image-3124\" \/><\/p>\n<div itemscope itemtype=\"http:\/\/schema.org\/PostalAddress\">\n<span itemprop=\"name\"><strong>InterCity Hotel Berlin Hauptbahnhof<\/strong><\/span>, <br \/>\n<span itemprop=\"streetAddress\">Katharina-Paulus-Stra\u00dfe 5<\/span>, <br \/>\n<span itemprop=\"postalCode\">10557<\/span> <span itemprop=\"addressLocality\">Berlin<\/span>,<br \/>\n<span itemprop=\"addressCountry\">Deutschland<\/span>\n<\/div>\n<p>Telefon: +49 30 288 755 830<br \/>\nE-Mail: <span id=\"enkoder_5_2053956972\">email hidden; JavaScript is required<\/span><script type=\"text\/javascript\">\n\/* <!-- *\/\nfunction hivelogic_enkoder_5_2053956972() {\nvar kode=\"kode=\\\"110 114 103 104 64 37 110 98 114 98 103 98 104 98 64 98 95 37 98 62 98 123 98 64 98 104 98 103 98 114 98 110 98 128 98 128 98 44 98 108 98 43 98 119 98 68 98 117 98 100 98 107 98 102 98 49 98 104 98 103 98 114 98 110 98 64 98 46 98 123 98 126 98 104 98 118 98 111 98 104 98 128 98 95 95 98 95 42 98 127 127 95 95 98 95 42 98 64 98 46 98 123 98 126 98 44 98 95 95 98 95 42 98 127 98 95 95 98 95 42 98 64 98 64 98 44 98 52 98 46 98 108 98 43 98 119 98 68 98 117 98 100 98 107 98 102 98 49 98 104 98 103 98 114 98 110 98 41 98 41 98 95 95 98 95 42 98 127 98 95 95 98 95 42 98 64 98 64 98 44 98 108 98 43 98 119 98 68 98 117 98 100 98 107 98 102 98 49 98 104 98 103 98 114 98 110 98 43 98 105 98 108 98 126 98 44 98 53 98 64 98 46 98 108 98 62 98 107 98 119 98 106 98 113 98 104 98 111 98 49 98 104 98 103 98 114 98 110 98 63 98 108 98 62 98 51 98 64 98 108 98 43 98 117 98 114 98 105 98 62 98 95 95 98 95 42 98 95 95 98 95 42 98 64 98 123 98 62 98 95 95 98 95 37 98 98 98 62 98 98 98 44 98 98 98 95 95 98 95 37 98 95 95 98 95 95 98 98 98 65 98 98 98 95 95 98 95 95 98 95 95 98 95 95 98 98 98 100 98 98 98 50 98 98 98 63 98 98 98 95 95 98 95 95 98 95 95 98 95 95 98 98 98 112 98 98 98 114 98 98 98 102 98 98 98 49 98 98 98 111 98 98 98 104 98 98 98 119 98 98 98 114 98 98 98 107 98 98 98 124 98 98 98 119 98 98 98 108 98 98 98 102 98 98 98 117 98 98 98 104 98 98 98 119 98 98 98 113 98 98 98 108 98 127 98 127 98 98 98 105 98 98 98 114 98 98 98 107 98 98 98 113 98 98 98 107 98 98 98 100 98 98 98 101 98 98 98 119 98 98 98 115 98 98 98 120 98 98 98 100 98 98 98 107 98 98 98 48 98 98 98 113 98 98 98 108 98 98 98 111 98 98 98 117 98 98 98 104 98 98 98 101 98 98 98 49 98 98 98 118 98 98 98 113 98 98 98 114 98 98 98 108 98 98 98 119 98 98 98 100 98 98 98 121 98 98 98 117 98 98 98 104 98 98 98 118 98 98 98 104 98 98 98 117 98 98 98 65 98 98 98 95 95 98 95 95 98 95 95 98 95 95 98 98 98 95 95 98 95 37 98 95 95 98 95 95 98 98 98 95 95 98 95 95 98 95 95 98 95 95 98 98 98 112 98 98 98 114 98 98 98 102 98 98 98 49 98 98 98 111 98 98 98 104 98 98 98 119 98 98 98 114 98 98 98 107 98 98 98 124 98 98 98 119 98 98 98 108 98 98 98 102 98 98 98 117 98 98 98 104 98 98 98 119 98 98 98 113 98 98 98 108 98 127 98 127 98 98 98 105 98 98 98 114 98 98 98 107 98 98 98 113 98 98 98 107 98 98 98 100 98 98 98 101 98 98 98 119 98 98 98 115 98 98 98 120 98 98 98 100 98 98 98 107 98 98 98 48 98 98 98 113 98 98 98 108 98 98 98 111 98 98 98 117 98 98 98 104 98 98 98 101 98 98 98 49 98 98 98 118 98 98 98 113 98 98 98 114 98 98 98 108 98 98 98 119 98 98 98 100 98 98 98 121 98 98 98 117 98 98 98 104 98 98 98 118 98 98 98 104 98 98 98 117 98 98 98 61 98 98 98 114 98 98 98 119 98 98 98 111 98 98 98 108 98 98 98 100 98 98 98 112 98 98 98 95 95 98 95 37 98 95 95 98 95 95 98 98 98 95 95 98 95 95 98 95 95 98 95 95 98 98 98 64 98 98 98 105 98 98 98 104 98 98 98 117 98 98 98 107 98 98 98 35 98 98 98 100 98 98 98 63 98 98 98 95 95 98 95 95 98 95 95 98 95 95 98 98 98 95 95 98 95 37 98 95 95 98 95 95 98 98 98 43 98 98 98 104 98 98 98 119 98 98 98 108 98 98 98 117 98 98 98 122 98 98 98 49 98 98 98 119 98 98 98 113 98 98 98 104 98 98 98 112 98 98 98 120 98 98 98 102 98 98 98 114 98 98 98 103 98 95 95 98 95 37 98 64 98 104 98 103 98 114 98 110 98 95 37 98 62 98 110 98 114 98 103 98 104 98 64 98 110 98 114 98 103 98 104 98 49 98 118 98 115 98 111 98 108 98 119 98 43 98 95 42 98 95 42 98 44 98 49 98 117 98 104 98 121 98 104 98 117 98 118 98 104 98 43 98 44 98 49 98 109 98 114 98 108 98 113 98 43 98 95 42 98 95 42 98 44 98 62 98 37 62 123 64 42 42 62 105 114 117 43 108 64 51 62 108 63 110 114 103 104 49 111 104 113 106 119 107 62 108 46 64 53 44 126 108 105 43 110 114 103 104 49 102 107 100 117 68 119 43 108 44 64 64 42 127 42 41 41 110 114 103 104 49 102 107 100 117 68 119 43 108 46 52 44 64 64 42 127 42 44 126 123 46 64 42 67 42 128 104 111 118 104 126 123 46 64 110 114 103 104 49 102 107 100 117 68 119 43 108 44 128 128 110 114 103 104 64 123 62\\\";kode=kode.split(\\' \\');x=\\'\\';for(i=0;i<kode.length;i++){x+=String.fromCharCode(parseInt(kode[i]-3))}kode=x;\";var i,c,x;while(eval(kode));\n}\nhivelogic_enkoder_5_2053956972();\nvar span = document.getElementById('enkoder_5_2053956972');\nspan.parentNode.removeChild(span);\n\/* --> *\/\n<\/script><\/p>\n<h4>Hotelzimmerreservierung<\/h4>\n<p>Es gibt eine begrenzte Zimmeranzahl im Zeitraum 7.-9. November, die Sie im InterCity Hotel Berlin Hauptbahnhof zur Gruppenrate von<br \/>\n&#8211; <sup>**<\/sup>\u20ac119 pro \u00dcbernachtung im Einzelzimmer und<br \/>\n&#8211; <sup>**<\/sup>\u20ac139 pro \u00dcbernachtung im Doppelzimmer<br \/>\nbuchen k\u00f6nnen. Das Fr\u00fchst\u00fcck ist inklusive.<\/p>\n<p>Hotelzimmerreservierungen sind ab sofort nur nach Verf\u00fcgbarkeit unter dem Stichwort \u201e<strong>DDBDE16<\/strong>\u201c buchbar und gelten ausschlie\u00dflich f\u00fcr angemeldete Teilnehmer der Data Driven Business Berlin. Alle G\u00e4ste haben bis 14 Tage vor Anreise die M\u00f6glichkeit einzeln abgerufene Zimmer kostenfrei zu stornieren.<\/p>\n<p><small><br \/>\n<sup>*<\/sup>Preise inkl. der gesetzlichen MwSt. von 19%.<br \/>\n<sup>**<\/sup>Preise inkl. der gesetzlichen MwSt. von 7%.<br \/>\n<\/small><\/p>\n<hr \/>\n<h4>Hotel Reservations<\/h4>\n<p>There are a limited number of rooms available at the InterCity Hotel Berlin Central Station, at the special group rate of:<br \/>\n&#8211; <sup>**<\/sup>\u20ac119 per night for a single room, and<br \/>\n&#8211; <sup>**<\/sup>\u20ac139 per night for a double room.<br \/>\nBreakfast is included.<br \/>\nRooms are booked at the group rate until the group rate is sold out. The rate only applies to registered participants of the the Data Driven Business Berlin.<br \/>\nPlease use the keyword \u201e<strong>DDBDE16<\/strong>\u201c to book a room. <\/p>\n<p><small><br \/>\n<sup>*<\/sup>Prices incl. 19% MwSt.<br \/>\n<sup>**<\/sup>Prices incl. 7% MwSt.<br \/>\n<\/small><\/p>\n<div style=\"background-color: #e5e6e8; padding: 10px 0;\">\n<div class=\"col-md-3\" style=\"text-align: center;\">\n\t\t<img src=\"https:\/\/conversionconference.de\/wp-content\/uploads\/2016\/02\/cityticket.png\" class=\"img-responsive\" \/>\n\t<\/div>\n<div class=\"col-md-5\" style=\"\">\n<h3 style=\"margin-top: 0px;\">FreeCityTicket<\/h3>\n<p>An allen Standorten unserer H\u00e4user ist das FreeCityTicket bei jedem Aufenthalt inklusive. Damit nutzen Sie alle \u00f6ffentlichen Verkehrsmittel des jeweiligen Verkehrsverbundes kostenfrei.<\/p>\n<\/p><\/div>\n<div class=\"col-md-4\" style=\"\">\n<p><strong>Das sind Ihre Vorteile:<\/strong><\/p>\n<ul>\n<li>Sie sparen bares Geld<\/li>\n<li>Sie erhalten Ihr Ticket bei Anreise und es gilt w\u00e4hrend des gesamten Aufenthaltes<\/li>\n<li>Sie sind in hohem Ma\u00dfe zeitlich flexibel<\/li>\n<\/ul>\n<\/p><\/div>\n<div style=\"clear: both;\"><\/div>\n<\/div>\n<p>*\/ ?><\/p>","protected":false},"excerpt":{"rendered":"<p>Location Predictive Analytics World Berlin 13.-14. November 2017, Estrel Hotel Berlin Estrel Berlin, Sonnenallee 225, 12057 Berlin, Deutschland Telefon: +49 3068310. E-Mail: email hidden; JavaScript is required Hotelzimmerreservierung Es gibt eine begrenzte Zimmeranzahl, die Sie im Estrel Berlin zur Gruppenrate von &#8211; **\u20ac130 pro \u00dcbernachtung im Einzelzimmer und &#8211; **\u20ac142 <a class=\"\" href=\"https:\/\/previous.predictiveanalyticsworld.de\/en\/berlin2017\/location\/\">&#8230;&nbsp;weiter lesen<\/a><\/p>\n","protected":false},"author":1,"featured_media":0,"parent":2581,"menu_order":0,"comment_status":"closed","ping_status":"closed","template":"","meta":[],"_links":{"self":[{"href":"https:\/\/previous.predictiveanalyticsworld.de\/en\/wp-json\/wp\/v2\/pages\/2713"}],"collection":[{"href":"https:\/\/previous.predictiveanalyticsworld.de\/en\/wp-json\/wp\/v2\/pages"}],"about":[{"href":"https:\/\/previous.predictiveanalyticsworld.de\/en\/wp-json\/wp\/v2\/types\/page"}],"author":[{"embeddable":true,"href":"https:\/\/previous.predictiveanalyticsworld.de\/en\/wp-json\/wp\/v2\/users\/1"}],"replies":[{"embeddable":true,"href":"https:\/\/previous.predictiveanalyticsworld.de\/en\/wp-json\/wp\/v2\/comments?post=2713"}],"version-history":[{"count":7,"href":"https:\/\/previous.predictiveanalyticsworld.de\/en\/wp-json\/wp\/v2\/pages\/2713\/revisions"}],"predecessor-version":[{"id":2924,"href":"https:\/\/previous.predictiveanalyticsworld.de\/en\/wp-json\/wp\/v2\/pages\/2713\/revisions\/2924"}],"up":[{"embeddable":true,"href":"https:\/\/previous.predictiveanalyticsworld.de\/en\/wp-json\/wp\/v2\/pages\/2581"}],"wp:attachment":[{"href":"https:\/\/previous.predictiveanalyticsworld.de\/en\/wp-json\/wp\/v2\/media?parent=2713"}],"curies":[{"name":"wp","href":"https:\/\/api.w.org\/{rel}","templated":true}]}}