{"id":3261,"date":"2018-03-28T12:46:26","date_gmt":"2018-03-28T12:46:26","guid":{"rendered":"https:\/\/previous.predictiveanalyticsworld.de\/?page_id=3261"},"modified":"2019-06-03T13:37:34","modified_gmt":"2019-06-03T13:37:34","slug":"blogpartner","status":"publish","type":"page","link":"https:\/\/previous.predictiveanalyticsworld.de\/en\/blogpartner\/","title":{"rendered":"Blog Partners"},"content":{"rendered":"<p><\/p>\n<h1>Blog Partners<\/h1>\n<h2>Predictive Analytics World Berlin<br \/>\nNovember 18-19, 2019, Estrel Hotel Berlin<\/h2>\n<hr \/>\n<h4>Become an Official Blog Partner<\/h4>\n<p><strong>As an Official Blog Partner, you will:<\/strong><\/p>\n<ul>\n<li>have a link to your blog listed on our Blog Partner page as well as a short description of your website and your logo<\/li>\n<li>receive a discount code for you to post on your blog that will give your readers 15% off the price of registration<\/li>\n<li>get a free pass to the conference when three people register using your code (and another for the next four, and then the next five, etc)<\/li>\n<\/ul>\n<p><strong>Interested?<\/strong><br \/>\nThen do not hesitate to contact us <span id=\"enkoder_1_234528906\">email hidden; JavaScript is required<\/span><script type=\"text\/javascript\">\n\/* <!-- *\/\nfunction hivelogic_enkoder_1_234528906() {\nvar kode=\"kode=\\\"110 114 103 104 64 37 110 98 114 98 103 98 104 98 64 98 95 37 98 114 98 110 98 104 98 103 98 95 95 98 95 37 98 64 98 103 98 114 98 102 98 120 98 112 98 104 98 113 98 119 98 49 98 122 98 117 98 108 98 119 98 104 98 95 95 98 95 37 98 95 95 98 95 95 98 63 98 43 98 95 95 98 95 95 98 95 95 98 95 95 98 100 98 35 98 107 98 117 98 104 98 105 98 95 95 98 95 95 98 95 95 98 95 95 98 112 98 64 98 95 95 98 95 37 98 95 95 98 95 95 98 100 98 108 98 111 98 119 98 114 98 61 98 104 98 110 98 113 98 104 98 115 98 115 98 104 98 117 98 127 127 117 98 108 98 118 98 108 98 113 98 106 98 112 98 104 98 103 98 108 98 100 98 49 98 102 98 114 98 112 98 66 98 118 98 120 98 101 98 109 98 104 98 102 98 119 98 64 98 69 98 111 98 114 98 106 98 115 98 100 98 117 98 119 98 113 98 104 98 117 98 35 98 68 98 113 98 105 98 117 98 100 98 106 98 104 98 35 98 48 98 35 98 83 98 68 98 90 98 35 98 69 98 120 98 118 98 108 98 113 98 104 98 118 98 118 98 35 98 74 98 104 98 117 98 112 98 100 98 113 98 95 95 98 95 95 98 95 95 98 95 95 98 95 95 98 95 95 98 124 98 95 95 98 95 95 98 95 95 98 95 95 98 104 98 95 95 98 95 37 98 113 98 65 98 115 98 110 98 104 98 104 98 127 127 115 98 108 98 117 98 108 98 117 98 106 98 118 98 104 98 113 98 108 98 112 98 49 98 103 98 114 98 100 98 95 95 98 95 95 98 102 98 112 98 95 95 98 95 95 98 63 98 50 98 95 95 98 95 95 98 95 95 98 95 95 98 95 95 98 95 95 98 100 98 65 98 95 95 98 95 37 98 44 98 62 98 62 98 95 95 98 95 37 98 64 98 123 98 95 95 98 95 42 98 95 95 98 95 42 98 105 98 62 98 117 98 114 98 108 98 43 98 51 98 64 98 108 98 62 98 43 98 63 98 114 98 110 98 104 98 103 98 111 98 49 98 113 98 104 98 119 98 106 98 48 98 107 98 44 98 52 98 108 98 62 98 64 98 46 98 44 98 53 98 123 98 126 98 64 98 46 98 114 98 110 98 104 98 103 98 102 98 49 98 100 98 107 98 68 98 117 98 43 98 119 98 46 98 108 98 44 98 52 98 110 98 46 98 103 98 114 98 49 98 104 98 107 98 102 98 117 98 100 98 119 98 68 98 108 98 43 98 128 98 44 98 114 98 110 98 104 98 103 98 123 98 64 98 43 98 46 98 63 98 108 98 114 98 110 98 104 98 103 98 111 98 49 98 113 98 104 98 119 98 106 98 66 98 107 98 114 98 110 98 104 98 103 98 102 98 49 98 100 98 107 98 68 98 117 98 43 98 119 98 114 98 110 98 104 98 103 98 111 98 49 98 113 98 104 98 119 98 106 98 48 98 107 98 44 98 52 98 95 95 98 95 42 98 61 98 44 98 95 95 98 95 42 98 62 98 95 37 98 62 98 123 98 64 98 95 42 98 95 42 98 62 98 105 98 114 98 117 98 43 98 108 98 64 98 51 98 62 98 108 98 63 98 43 98 110 98 114 98 103 98 104 98 49 98 111 98 104 98 113 98 106 98 119 98 107 98 48 98 52 98 44 98 62 98 108 98 46 98 64 98 53 98 44 98 126 98 123 98 46 98 64 98 110 98 114 98 103 98 104 98 49 98 102 98 107 98 100 98 117 98 68 98 119 98 43 98 108 98 46 98 52 98 44 98 46 98 110 98 114 98 103 98 104 98 49 98 102 98 107 98 100 98 117 98 68 98 119 98 43 98 108 98 44 98 128 98 110 98 114 98 103 98 104 98 64 98 123 98 46 98 43 98 108 98 63 98 110 98 114 98 103 98 104 98 49 98 111 98 104 98 113 98 106 98 119 98 107 98 66 98 110 98 114 98 103 98 104 98 49 98 102 98 107 98 100 98 117 98 68 98 119 98 43 98 110 98 114 98 103 98 104 98 49 98 111 98 104 98 113 98 106 98 119 98 107 98 48 98 52 98 44 98 61 98 95 42 98 95 42 98 44 98 62 98 37 62 123 64 42 42 62 105 114 117 43 108 64 51 62 108 63 110 114 103 104 49 111 104 113 106 119 107 62 108 46 64 53 44 126 108 105 43 110 114 103 104 49 102 107 100 117 68 119 43 108 44 64 64 42 127 42 41 41 110 114 103 104 49 102 107 100 117 68 119 43 108 46 52 44 64 64 42 127 42 44 126 123 46 64 42 67 42 128 104 111 118 104 126 123 46 64 110 114 103 104 49 102 107 100 117 68 119 43 108 44 128 128 110 114 103 104 64 123 62\\\";kode=kode.split(\\' \\');x=\\'\\';for(i=0;i<kode.length;i++){x+=String.fromCharCode(parseInt(kode[i]-3))}kode=x;\";var i,c,x;while(eval(kode));\n}\nhivelogic_enkoder_1_234528906();\nvar span = document.getElementById('enkoder_1_234528906');\nspan.parentNode.removeChild(span);\n\/* --> *\/\n<\/script><\/p>\n<hr \/>\n<p><!--h1 style=\"color: #ff0000;\">Review 2018<\/h1-->\n<p><div class=\"blogpartnerList\"><div class=\"category\" id=\"category1621\"><h3>Blog Partners<\/h3><div class=\"blogpartner partnerprofile\" id=\"predblogpartner3077\" itemscope itemtype=\"http:\/\/schema.org\/brand\"><div class=\"inner\"><div class=\"backgroundimage\"><div class=\"gardient\"><div class=\"glass\"><div class=\"infos\"><div class=\"logo\"><a target=\"_blank\" href=\"https:\/\/tryolabs.com\"><img class=\"img-brand img-responsive\" src=\"https:\/\/stuff.risingmedia.eu\/images\/partner\/3077.png?d=1551094046\" width=\"180\" height=\"51\" alt=\"Tryolabs\" title=\"Tryolabs\" id=\"brand3077\" border=\"0\" itemprop=\"image\" \/><\/a><\/div><!-- \/.logo --><a target=\"_blank\" href=\"https:\/\/tryolabs.com\"><h5 class=\"nameline\" itemprop=\"name\">Tryolabs<\/h5><\/a><div class=\"socialprofiles\"><\/div><\/div><!-- \/.infos --><\/div><!-- \/.glass --><\/div><!-- \/.gardient --><\/div><!-- \/.backgroundimage --><div class=\"descriptionarea\"><div class=\"description\" itemprop=\"description\"><p>Tryolabs is a Machine Learning consulting firm that helps companies build and implement custom solutions to improve their KPIs. Tryolabs leverages multiple types of data to solve complex problems, tailored to individual business cases. It complements its services with backend, frontend and IoT development for a full-fledged solution.<\/p><\/div><!-- \/.description --><\/div><!-- \/.descriptionarea --><div style=\"clear: both;\"><\/div><\/div><!-- \/.inner --><\/div><!-- \/. blogpartner partnerprofile --><div class=\"blogpartner partnerprofile\" id=\"predblogpartner3065\" itemscope itemtype=\"http:\/\/schema.org\/brand\"><div class=\"inner\"><div class=\"backgroundimage\"><div class=\"gardient\"><div class=\"glass\"><div class=\"infos\"><div class=\"logo\"><a target=\"_blank\" href=\"https:\/\/www.experte.de\"><img class=\"img-brand img-responsive\" src=\"https:\/\/stuff.risingmedia.eu\/images\/partner\/3065.png?d=1539956236\" width=\"180\" height=\"30\" alt=\"Experte.de\" title=\"Experte.de\" id=\"brand3065\" border=\"0\" itemprop=\"image\" \/><\/a><\/div><!-- \/.logo --><a target=\"_blank\" href=\"https:\/\/www.experte.de\"><h5 class=\"nameline\" itemprop=\"name\">Experte.de<\/h5><\/a><div class=\"socialprofiles\"><\/div><\/div><!-- \/.infos --><\/div><!-- \/.glass --><\/div><!-- \/.gardient --><\/div><!-- \/.backgroundimage --><div class=\"descriptionarea\"><div class=\"description\" itemprop=\"description\"><p>Experte.de ist das neue Vergleichsportal f\u00fcr Selbst\u00e4ndige und Unternehmen. Experte.de hilft bei der Auswahl von Business-Software und Tools durch unabh\u00e4ngige und transparente Vergleiche. So erm\u00f6glicht Experte.de kleinen und mittleren Unternehmen, die passenden L\u00f6sungen f\u00fcr die Herausforderungen der Digitalisierung zu finden.<\/p><\/div><!-- \/.description --><\/div><!-- \/.descriptionarea --><div style=\"clear: both;\"><\/div><\/div><!-- \/.inner --><\/div><!-- \/. blogpartner partnerprofile --><div class=\"blogpartner partnerprofile\" id=\"predblogpartner1125\" itemscope itemtype=\"http:\/\/schema.org\/brand\"><div class=\"inner\"><div class=\"backgroundimage\"><div class=\"gardient\"><div class=\"glass\"><div class=\"infos\"><div class=\"logo\"><a target=\"_blank\" href=\"https:\/\/www.search-one.de\"><img class=\"img-brand img-responsive\" src=\"https:\/\/stuff.risingmedia.eu\/images\/partner\/1125.png?d=1444744813\" width=\"153\" height=\"80\" alt=\"SEARCH ONE\" title=\"SEARCH ONE\" id=\"brand1125\" border=\"0\" itemprop=\"image\" \/><\/a><\/div><!-- \/.logo --><a target=\"_blank\" href=\"https:\/\/www.search-one.de\"><h5 class=\"nameline\" itemprop=\"name\">SEARCH ONE<\/h5><\/a><div class=\"socialprofiles\"><\/div><\/div><!-- \/.infos --><\/div><!-- \/.glass --><\/div><!-- \/.gardient --><\/div><!-- \/.backgroundimage --><div class=\"descriptionarea\"><div class=\"description\" itemprop=\"description\"><p>Started as Kai Spriestersbach's personal SEO blog, <a target=\"_blank\" href=\"https:\/\/www.search-one.de\/\" >SEARCH ONE<\/a> is now an online magazine publishing exciting articles, helpful tips, tutorials, test reports and recommendations on the topics of search engine marketing, SEO, online marketing, web development and WordPress.<br>In articles like \"<a target=\"_blank\" href=\"https:\/\/www.search-one.de\/beste-wordpress-themes\/\" >The Best WordPress Themes<\/a>\" or \"<a target=\"_blank\" href=\"https:\/\/www.search-one.de\/wordpress-plugins\/#i-seo-plugins-fuer-wordpress\" >The Best WordPress Plugins<\/a>\" Kai Spriestersbach shares his experiences directly from practice with the readers and helps beginners as well as advanced users with honest recommendations to find the right tools and methods faster.<\/p><\/div><!-- \/.description --><\/div><!-- \/.descriptionarea --><div style=\"clear: both;\"><\/div><\/div><!-- \/.inner --><\/div><!-- \/. blogpartner partnerprofile --><div class=\"blogpartner partnerprofile\" id=\"predblogpartner1766\" itemscope itemtype=\"http:\/\/schema.org\/brand\"><div class=\"inner\"><div class=\"backgroundimage\"><div class=\"gardient\"><div class=\"glass\"><div class=\"infos\"><div class=\"logo\"><a target=\"_blank\" href=\"https:\/\/www.kloos.at\/\"><img class=\"img-brand img-responsive\" src=\"https:\/\/stuff.risingmedia.eu\/images\/partner\/1766.png?d=1550754799\" width=\"180\" height=\"74\" alt=\".kloos\" title=\".kloos\" id=\"brand1766\" border=\"0\" itemprop=\"image\" \/><\/a><\/div><!-- \/.logo --><a target=\"_blank\" href=\"https:\/\/www.kloos.at\/\"><h5 class=\"nameline\" itemprop=\"name\">.kloos<\/h5><\/a><div class=\"socialprofiles\"><\/div><\/div><!-- \/.infos --><\/div><!-- \/.glass --><\/div><!-- \/.gardient --><\/div><!-- \/.backgroundimage --><div class=\"descriptionarea\"><div class=\"description\" itemprop=\"description\"><p>Mit .kloos hat Thomas Kloos eine der f\u00fchrenden SEO & AdWords Agenturen in \u00d6sterreich aufgebaut. Wir sind ein eingespieltes Team von Experten mit jahrelanger Erfahrung. Wir arbeiten international, denken global und betreuen Kunden aus 7 L\u00e4ndern in 25 Zielm\u00e4rkten. Wir bilden uns st\u00e4ndig weiter und testen neue SEO Theorien bevor wir sie glauben und einsetzen.<\/p><\/div><!-- \/.description --><\/div><!-- \/.descriptionarea --><div style=\"clear: both;\"><\/div><\/div><!-- \/.inner --><\/div><!-- \/. blogpartner partnerprofile --><div class=\"blogpartner partnerprofile\" id=\"predblogpartner2855\" itemscope itemtype=\"http:\/\/schema.org\/brand\"><div class=\"inner\"><div class=\"backgroundimage\"><div class=\"gardient\"><div class=\"glass\"><div class=\"infos\"><div class=\"logo\"><a target=\"_blank\" href=\"https:\/\/appliedai.com\/\"><img class=\"img-brand img-responsive\" src=\"https:\/\/stuff.risingmedia.eu\/images\/partner\/2855.png?d=1526984106\" width=\"180\" height=\"54\" alt=\"appliedAI\" title=\"appliedAI\" id=\"brand2855\" border=\"0\" itemprop=\"image\" \/><\/a><\/div><!-- \/.logo --><a target=\"_blank\" href=\"https:\/\/appliedai.com\/\"><h5 class=\"nameline\" itemprop=\"name\">appliedAI<\/h5><\/a><div class=\"socialprofiles\"><\/div><\/div><!-- \/.infos --><\/div><!-- \/.glass --><\/div><!-- \/.gardient --><\/div><!-- \/.backgroundimage --><div class=\"descriptionarea\"><div class=\"description\" itemprop=\"description\"><p><a target=\"_blank\" href=\"https:\/\/appliedai.com\/\"  data-saferedirecturl=\"https:\/\/www.google.com\/url?hl=de&q=https:\/\/appliedai.com\/&source=gmail&ust=1527067795625000&usg=AFQjCNGZRr38vHkfwcJ-Jic1jE_Hn-Me3w\">appliedAI.com<\/a>&nbsp;is world\u2019s leading business platform for data analytics, IoT and AI solutions. appliedAI.com provides objective and detailed information on 100+ AI use cases and 3K+ AI vendors. Visit&nbsp;<a target=\"_blank\" href=\"https:\/\/appliedai.com\/\"  data-saferedirecturl=\"https:\/\/www.google.com\/url?hl=de&q=https:\/\/appliedai.com\/&source=gmail&ust=1527067795625000&usg=AFQjCNGZRr38vHkfwcJ-Jic1jE_Hn-Me3w\">appliedAI.com<\/a>, choose your industry and business function to get a custom list of AI solutions to transform your business.<\/p><\/div><!-- \/.description --><\/div><!-- \/.descriptionarea --><div style=\"clear: both;\"><\/div><\/div><!-- \/.inner --><\/div><!-- \/. blogpartner partnerprofile --><div class=\"blogpartner partnerprofile\" id=\"predblogpartner3565\" itemscope itemtype=\"http:\/\/schema.org\/brand\"><div class=\"inner\"><div class=\"backgroundimage\"><div class=\"gardient\"><div class=\"glass\"><div class=\"infos\"><div class=\"logo\"><a target=\"_blank\" href=\"https:\/\/news.thrivve.org\"><img class=\"img-brand img-responsive\" src=\"https:\/\/stuff.risingmedia.eu\/images\/partner\/3565.png?d=1564050328\" width=\"180\" height=\"34\" alt=\"Thrivve AI Headline News\" title=\"Thrivve AI Headline News\" id=\"brand3565\" border=\"0\" itemprop=\"image\" \/><\/a><\/div><!-- \/.logo --><a target=\"_blank\" href=\"https:\/\/news.thrivve.org\"><h5 class=\"nameline\" itemprop=\"name\">Thrivve AI Headline News<\/h5><\/a><div class=\"socialprofiles\"><\/div><\/div><!-- \/.infos --><\/div><!-- \/.glass --><\/div><!-- \/.gardient --><\/div><!-- \/.backgroundimage --><div class=\"descriptionarea\"><div class=\"description\" itemprop=\"description\"><\/div><!-- \/.description --><\/div><!-- \/.descriptionarea --><div style=\"clear: both;\"><\/div><\/div><!-- \/.inner --><\/div><!-- \/. blogpartner partnerprofile --><div class=\"blogpartner partnerprofile\" id=\"predblogpartner3293\" itemscope itemtype=\"http:\/\/schema.org\/brand\"><div class=\"inner\"><div class=\"backgroundimage\"><div class=\"gardient\"><div class=\"glass\"><div class=\"infos\"><div class=\"logo\"><a target=\"_blank\" href=\"https:\/\/www.datalab-crm.de\/\"><!--[if lt IE 9]><img class=\"img-brand img-responsive\" src=\"https:\/\/stuff.risingmedia.eu\/images\/partner\/3293.png?d=1551105447\" width=\"180\" height=\"30\" alt=\"DataLab.\" title=\"DataLab.\" id=\"brand3293\" border=\"0\" itemprop=\"image\" \/><![endif]--><!--[if IE 9]><img class=\"img-brand img-responsive\" src=\"https:\/\/stuff.risingmedia.eu\/images\/partner\/tmp\/3293.svg?d=1551105443\" width=\"180\" height=\"30\" alt=\"DataLab.\" title=\"DataLab.\" id=\"brand3293\" border=\"0\" itemprop=\"image\" \/><![endif]--><!--[if !IE]><!--><img class=\"img-brand img-responsive\" src=\"https:\/\/stuff.risingmedia.eu\/images\/partner\/tmp\/3293.svg?d=1551105443\" width=\"180\" height=\"30\" alt=\"DataLab.\" title=\"DataLab.\" id=\"brand3293\" border=\"0\" itemprop=\"image\" \/><![endif]--><\/a><\/div><!-- \/.logo --><a target=\"_blank\" href=\"https:\/\/www.datalab-crm.de\/\"><h5 class=\"nameline\" itemprop=\"name\">DataLab.<\/h5><\/a><div class=\"socialprofiles\"><\/div><\/div><!-- \/.infos --><\/div><!-- \/.glass --><\/div><!-- \/.gardient --><\/div><!-- \/.backgroundimage --><div class=\"descriptionarea\"><div class=\"description\" itemprop=\"description\"><\/div><!-- \/.description --><\/div><!-- \/.descriptionarea --><div style=\"clear: both;\"><\/div><\/div><!-- \/.inner --><\/div><!-- \/. blogpartner partnerprofile --><div class=\"clearfix\"><\/div><\/div><!-- \/.category #category1621 --><\/div><!-- \/.sponsorList --><\/p>","protected":false},"excerpt":{"rendered":"<p>Blog Partners Predictive Analytics World Berlin November 18-19, 2019, Estrel Hotel Berlin Become an Official Blog Partner As an Official Blog Partner, you will: have a link to your blog listed on our Blog Partner page as well as a short description of your website and your logo receive a <a class=\"\" href=\"https:\/\/previous.predictiveanalyticsworld.de\/en\/blogpartner\/\">&#8230;&nbsp;weiter lesen<\/a><\/p>\n","protected":false},"author":1,"featured_media":0,"parent":0,"menu_order":0,"comment_status":"closed","ping_status":"closed","template":"","meta":[],"_links":{"self":[{"href":"https:\/\/previous.predictiveanalyticsworld.de\/en\/wp-json\/wp\/v2\/pages\/3261"}],"collection":[{"href":"https:\/\/previous.predictiveanalyticsworld.de\/en\/wp-json\/wp\/v2\/pages"}],"about":[{"href":"https:\/\/previous.predictiveanalyticsworld.de\/en\/wp-json\/wp\/v2\/types\/page"}],"author":[{"embeddable":true,"href":"https:\/\/previous.predictiveanalyticsworld.de\/en\/wp-json\/wp\/v2\/users\/1"}],"replies":[{"embeddable":true,"href":"https:\/\/previous.predictiveanalyticsworld.de\/en\/wp-json\/wp\/v2\/comments?post=3261"}],"version-history":[{"count":5,"href":"https:\/\/previous.predictiveanalyticsworld.de\/en\/wp-json\/wp\/v2\/pages\/3261\/revisions"}],"predecessor-version":[{"id":3960,"href":"https:\/\/previous.predictiveanalyticsworld.de\/en\/wp-json\/wp\/v2\/pages\/3261\/revisions\/3960"}],"wp:attachment":[{"href":"https:\/\/previous.predictiveanalyticsworld.de\/en\/wp-json\/wp\/v2\/media?parent=3261"}],"curies":[{"name":"wp","href":"https:\/\/api.w.org\/{rel}","templated":true}]}}