{"id":91,"date":"2011-10-14T10:40:46","date_gmt":"2011-10-14T10:40:46","guid":{"rendered":"https:\/\/previous.predictiveanalyticsworld.de\/?page_id=91"},"modified":"2017-04-20T15:53:43","modified_gmt":"2017-04-20T15:53:43","slug":"tag-1","status":"publish","type":"page","link":"https:\/\/previous.predictiveanalyticsworld.de\/en\/business\/dusseldorf-2012\/tag-1\/","title":{"rendered":"Tag 1"},"content":{"rendered":"<h2>Das detaillierte Programm des 1. Tages<\/h2>\n<div style=\"margin-top: 10px; width: 100%; background-color: #9ccc42; height: 60px;\">\n<div style=\"padding: 10px 0; font-weight: bold; text-align: center; width: 25%; border-right: 2px solid #ffffff; float: left; color: #ffffff;\">\n<a style=\"color: #ffffff;\" href=\"https:\/\/previous.predictiveanalyticsworld.de\/business\/dusseldorf-2012\/programm-uberblick\/\">Programm<br \/>\u00dcberblick<\/a>\n<\/div>\n<div style=\"padding: 10px 0; font-weight: bold; text-align: center; width: 25%; border-right: 2px solid #ffffff; float: left; color: #ffffff;\">\nAusf\u00fchrliches<br \/>\nProgramm Tag 1\n<\/div>\n<div style=\"padding: 10px 0; font-weight: bold; text-align: center; width: 25%; border-right: 2px solid #ffffff; float: left; color: #ffffff;\">\n<a style=\"color: #ffffff;\" href=\"https:\/\/previous.predictiveanalyticsworld.de\/business\/dusseldorf-2012\/tag-2\/\">Ausf\u00fchrliches<br \/>\nProgramm Tag 2<\/a>\n<\/div>\n<div style=\"padding: 10px 0; font-weight: bold; text-align: center; width: 25%; float: left; color: #ffffff;\">\n<a style=\"color: #ffffff;\" href=\"https:\/\/previous.predictiveanalyticsworld.de\/business\/dusseldorf-2012\/party\/\">Networking<br \/>Event<\/a>\n<\/div>\n<\/div>\n<div style=\"clear: both;\"><\/div>\n<table width=\"100%\" class=\"agenda_ov\" border=\"0\">\n<tr>\n<th colspan=\"2\" style=\"background-color: #eeeeee; padding: 5px;\">\nTag 1 &#8211; 6. November 2012\n<\/th>\n<\/tr>\n<p><!-- PAUSE --><\/p>\n<tr>\n<td class=\"time\" style=\"padding-right: 15px; border-right: 2px solid #eeeeee; border-bottom: 2px solid #eeeeee;\">\n08:00<br \/>09:00\n<\/td>\n<td class=\"break\" style=\"padding-left: 15px; border-bottom: 2px solid #eeeeee;\">\nRegistrierung und Fr\u00fchst\u00fcckssnack\n<\/td>\n<\/tr>\n<p><!-- ###### --><\/p>\n<p><!-- EINFACHE SESSION --><\/p>\n<tr id=\"p1102\">\n<td class=\"time\" style=\"padding-right: 15px; border-bottom: 2px solid #eeeeee; border-right: 2px solid #eeeeee;\">\n09:00<br \/>09:50\n<\/td>\n<td class=\"content\" style=\"padding-left: 15px; border-bottom: 2px solid #eeeeee;\">\n<p class=\"track\">Keynote:<\/p>\n<h3 class=\"title\"><a href=\"\/dusseldorf-2012\/tag-1\/#p1102\">\u00dcberzeugen mit Zahlen: Optimierung von Marketing Einfluss durch Predictive Analytics<\/a> <img src=\"https:\/\/previous.predictiveanalyticsworld.de\/_images\/union-jack.jpg\" alt=\"Sessions finden teilweise oder ganz auf englisch statt.\" width=\"20\"\/><\/h3>\n<p class=\"speaker\">\n<span class=\"personline personprofile\" id=\"personline919835\" itemscope itemtype=\"http:\/\/schema.org\/Person\"><span class=\"nameline trackEvent\" itemprop=\"name\"><a href=\"https:\/\/previous.predictiveanalyticsworld.de\/en\/anmelden\/#919835\" data-trackECat=\"91\" data-trackEAction=\"click\" data-trackELabel=\"Dr. Eric Siegel\"><strong>Dr. Eric Siegel<\/strong><\/a><\/span>, <span class=\"jobline\" itemprop=\"jobTitle\">Founder<\/span>, <span class=\"companyline\" itemprop=\"brand\">Gooder AI<\/span><\/span><!-- \/.personline personprofile --> <em>Raum: Aristoteles<\/em>\n<\/p>\n<\/td>\n<\/tr>\n<p><!-- ###### --><\/p>\n<p><!-- SPONSORENPR\u00c4SENTATION --><\/p>\n<tr id=\"p1103\">\n<td class=\"time\" style=\"border-right: 2px solid #eeeeee; border-bottom: 2px solid #eeeeee; padding-right: 15px;\">\n09:50<br \/>10:00\n<\/td>\n<td class=\"content\" style=\"padding-left: 15px; border-bottom: 2px solid #eeeeee;\">\n<a href=\"\/dusseldorf-2012\/tag-1\/#p1103\"><img src=\"https:\/\/1-risingmedia.com\/sponsor\/JMP.png\" width=\"80\" align=\"right\" style=\"margin: 0 10px 10px 10px;\"><\/a><\/p>\n<p class=\"track\">Sponsorenpr\u00e4sentation:<\/p>\n<h3 class=\"title\"><a href=\"\/dusseldorf-2012\/tag-1\/#p1103\">Humpty Dumpty und Predictive Analytics<\/a> <img src=\"https:\/\/previous.predictiveanalyticsworld.de\/_images\/union-jack.jpg\" alt=\"Sessions finden teilweise oder ganz auf englisch statt.\" width=\"20\"\/><\/h3>\n<p class=\"speaker\">\n<span class=\"personline personprofile\" id=\"personline911366\" itemscope itemtype=\"http:\/\/schema.org\/Person\"><span class=\"nameline trackEvent\" itemprop=\"name\"><a href=\"https:\/\/previous.predictiveanalyticsworld.de\/en\/anmelden\/#911366\" data-trackECat=\"91\" data-trackEAction=\"click\" data-trackELabel=\"Ian Cox\"><strong>Ian Cox<\/strong><\/a><\/span>, <span class=\"jobline\" itemprop=\"jobTitle\">JMP Senior Director Marketing<\/span>, <span class=\"companyline\" itemprop=\"brand\">SAS<\/span><\/span><!-- \/.personline personprofile --> <em>Raum: Aristoteles<\/em>\n<\/p>\n<\/td>\n<\/tr>\n<p><!-- ###### --><\/p>\n<p><!-- EINFACHE SESSION --><\/p>\n<tr id=\"p1104\">\n<td class=\"time\" style=\"border-right: 2px solid #eeeeee; border-bottom: 2px solid #eeeeee; padding-right: 15px;\">\n10:00<br \/>10:45\n<\/td>\n<td class=\"content\" style=\"border-bottom: 2px solid #eeeeee; padding-left: 15px;\">\n<!--p class=\"track\">Session:<\/p-->\n<h3 class=\"title\"><a href=\"\/dusseldorf-2012\/tag-1\/#p1104\">Von Last Click zu Multi-Path: Attributions-Modelle in der Praxis<\/a> <img src=\"https:\/\/previous.predictiveanalyticsworld.de\/_images\/union-jack.jpg\" alt=\"Sessions finden teilweise oder ganz auf englisch statt.\" width=\"20\"\/><\/h3>\n<p class=\"speaker\">\n<span class=\"personline personprofile\" id=\"personline91859\" itemscope itemtype=\"http:\/\/schema.org\/Person\"><span class=\"nameline trackEvent\" itemprop=\"name\"><a href=\"https:\/\/previous.predictiveanalyticsworld.de\/en\/anmelden\/#91859\" data-trackECat=\"91\" data-trackEAction=\"click\" data-trackELabel=\"Suresh Pillai\"><strong>Suresh Pillai<\/strong><\/a><\/span>, <span class=\"jobline\" itemprop=\"jobTitle\">Head of Internet Marketing Analytics for Europe<\/span>, <span class=\"companyline\" itemprop=\"brand\">eBay<\/span><\/span><!-- \/.personline personprofile --> <em>Raum: Aristoteles<\/em>\n<\/p>\n<\/td>\n<\/tr>\n<p><!-- ###### --><\/p>\n<p><!-- PAUSE --><\/p>\n<tr>\n<td class=\"time\" style=\"border-right: 2px solid #eeeeee; border-bottom: 2px solid #eeeeee; padding-right: 15px;\">\n10:45<br \/>11:15\n<\/td>\n<td class=\"break\" style=\"border-right: 2px solid #eeeeee; padding-left: 15px;\">\nKaffeepause\n<\/td>\n<\/tr>\n<p><!-- ###### --><\/p>\n<p><!-- EINFACHE SESSION --><\/p>\n<tr id=\"p1105\">\n<td class=\"time\" style=\"border-right: 2px solid #eeeeee; border-bottom: 2px solid #eeeeee; padding-right: 15px;\">\n11:15<br \/>12:15\n<\/td>\n<td class=\"content\" style=\"border-bottom: 2px solid #eeeeee; padding-left: 15px;\">\n<!--p class=\"track\">Session:<\/p-->\n<h3 class=\"title\"><a href=\"\/dusseldorf-2012\/tag-1\/#p1105\">Social Media Intelligence: Text und Network Mining kombiniert<\/a><\/h3>\n<p class=\"speaker\">\n<span class=\"personline personprofile\" id=\"personline91859\" itemscope itemtype=\"http:\/\/schema.org\/Person\"><span class=\"nameline trackEvent\" itemprop=\"name\"><a href=\"https:\/\/previous.predictiveanalyticsworld.de\/en\/anmelden\/#91859\" data-trackECat=\"91\" data-trackEAction=\"click\" data-trackELabel=\"Suresh Pillai\"><strong>Suresh Pillai<\/strong><\/a><\/span>, <span class=\"jobline\" itemprop=\"jobTitle\">Head of Internet Marketing Analytics for Europe<\/span>, <span class=\"companyline\" itemprop=\"brand\">eBay<\/span><\/span><!-- \/.personline personprofile --> <em>Raum: Aristoteles<\/em>\n<\/p>\n<h3 class=\"title\"><a href=\"\/dusseldorf-2012\/tag-1\/#p1105a\">Data Mining Automation: die konsequente n\u00e4chste Ausbaustufe von Predictive Analytics<\/a><\/h3>\n<p class=\"speaker\">\n<span class=\"personline personprofile\" id=\"personline911382\" itemscope itemtype=\"http:\/\/schema.org\/Person\"><span class=\"nameline trackEvent\" itemprop=\"name\"><a href=\"https:\/\/previous.predictiveanalyticsworld.de\/en\/anmelden\/#911382\" data-trackECat=\"91\" data-trackEAction=\"click\" data-trackELabel=\"Frank R\u00fcdinger\"><strong>Frank R\u00fcdinger<\/strong><\/a><\/span>, <span class=\"companyline\" itemprop=\"brand\">Landesbank Baden-W\u00fcrttemberg<\/span><\/span><!-- \/.personline personprofile --><span class=\"personline personprofile\" id=\"personline911382\" itemscope itemtype=\"http:\/\/schema.org\/Person\"><span class=\"nameline trackEvent\" itemprop=\"name\"><a href=\"https:\/\/previous.predictiveanalyticsworld.de\/en\/anmelden\/#911382\" data-trackECat=\"91\" data-trackEAction=\"click\" data-trackELabel=\"Frank R\u00fcdinger\"><strong>Frank R\u00fcdinger<\/strong><\/a><\/span>, <span class=\"companyline\" itemprop=\"brand\">Landesbank Baden-W\u00fcrttemberg<\/span><\/span><!-- \/.personline personprofile --> <em>Raum: Aristoteles<\/em>\n<\/p>\n<\/td>\n<\/tr>\n<p><!-- ###### --><\/p>\n<p><!-- PAUSE --><\/p>\n<tr>\n<td class=\"time\" style=\"border-right: 2px solid #eeeeee; padding-right: 15px; border-bottom: 2px solid #eeeeee;\">\n12:15<br \/>13:30\n<\/td>\n<td class=\"break\" style=\"border-right: 2px solid #eeeeee; padding-left: 15px;\">\nMittagspause\n<\/td>\n<\/tr>\n<p><!-- ###### --><\/p>\n<p><!-- SPONSORENPR\u00c4SENTATION --><\/p>\n<tr id=\"p1105b\">\n<td class=\"time\" style=\"border-right: 2px solid #eeeeee; border-bottom: 2px solid #eeeeee; padding-right: 15px;\">\n13:30<br \/>13:35\n<\/td>\n<td class=\"content\" style=\"padding-left: 15px; border-bottom: 2px solid #eeeeee;\">\n<img src=\"https:\/\/1-risingmedia.com\/sponsor\/IBM.png\" width=\"80\" align=\"right\" style=\"margin: 5px 10px 10px 10px;\"><\/p>\n<p class=\"track\">Sponsorenpr\u00e4sentation:<\/p>\n<h3 class=\"title\"><a href=\"\/dusseldorf-2012\/tag-1\/#p1105b\">IBM SPSS Predictive Analytics: Verborgene Muster und Trends entdecken &#8211; neue, gesch\u00e4ftsrelevante Informationen gewinnen. Machen Sie mehr aus Ihren Daten!<\/a><\/h3>\n<p><!--p class=\"description\">\nDESCRIPTION\n<\/p-->\n<p class=\"speaker\">\n<span class=\"personline personprofile\" id=\"personline911382\" itemscope itemtype=\"http:\/\/schema.org\/Person\"><span class=\"nameline trackEvent\" itemprop=\"name\"><a href=\"https:\/\/previous.predictiveanalyticsworld.de\/en\/anmelden\/#911382\" data-trackECat=\"91\" data-trackEAction=\"click\" data-trackELabel=\"Frank R\u00fcdinger\"><strong>Frank R\u00fcdinger<\/strong><\/a><\/span>, <span class=\"companyline\" itemprop=\"brand\">Landesbank Baden-W\u00fcrttemberg<\/span><\/span><!-- \/.personline personprofile --> <em>Raum: Aristoteles<\/em>\n<\/p>\n<\/td>\n<\/tr>\n<p><!-- ###### --><\/p>\n<p><!-- EINFACHE SESSION --><\/p>\n<tr id=\"p1106\">\n<td class=\"time\" style=\"padding-right: 15px; border-right: 2px solid #eeeeee; border-bottom: 2px solid #eeeeee;\">\n13:35<br \/>14:30\n<\/td>\n<td class=\"content\" style=\"padding-left: 15px; border-bottom: 2px solid #eeeeee;\">\n<p class=\"track\">Keynote:<\/p>\n<h3 class=\"title\"><a href=\"\/dusseldorf-2012\/tag-1\/#p1106\">Innovative Unternehmen und der hohe ROI durch Data Mining: Anheuser-Busch, Disney, HSBC, Pfizer und mehr!<\/a> <img src=\"https:\/\/previous.predictiveanalyticsworld.de\/_images\/union-jack.jpg\" alt=\"Sessions finden teilweise oder ganz auf englisch statt.\" width=\"20\"\/><\/h3>\n<p class=\"speaker\">\n<span class=\"personline personprofile\" id=\"personline911384\" itemscope itemtype=\"http:\/\/schema.org\/Person\"><span class=\"nameline trackEvent\" itemprop=\"name\"><a href=\"https:\/\/previous.predictiveanalyticsworld.de\/en\/anmelden\/#911384\" data-trackECat=\"91\" data-trackEAction=\"click\" data-trackELabel=\"Stein Kretsinger\"><strong>Stein Kretsinger<\/strong><\/a><\/span>, <span class=\"jobline\" itemprop=\"jobTitle\">Director of Project Development<\/span>, <span class=\"companyline\" itemprop=\"brand\">Elder Research (a MANTECH company)<\/span><\/span><!-- \/.personline personprofile --> <em>Raum: Aristoteles<\/em>\n<\/p>\n<\/td>\n<\/tr>\n<p><!-- ###### --><\/p>\n<p><!-- EINFACHE SESSION --><\/p>\n<tr id=\"p1107\">\n<td class=\"time\" style=\"border-right: 2px solid #eeeeee; padding-right: 15px; border-bottom: 2px solid #eeeeee;\">\n14:30<br \/>15:15\n<\/td>\n<td class=\"content\" style=\"border-bottom: 2px solid #eeeeee; padding-left: 15px;\">\n<!--p class=\"track\">Session:<\/p-->\n<h3 class=\"title\"><a href=\"\/dusseldorf-2012\/tag-1\/#p1107\">Der Kampf um den Kunden &#8211; erfolgreich mit Predictive Analytics<\/a> <img src=\"https:\/\/previous.predictiveanalyticsworld.de\/_images\/union-jack.jpg\" alt=\"Sessions finden teilweise oder ganz auf englisch statt.\" width=\"20\"\/><\/h3>\n<p class=\"speaker\">\n<span class=\"personline personprofile\" id=\"personline91\" itemscope itemtype=\"http:\/\/schema.org\/Person\"><span class=\"nameline trackEvent\" itemprop=\"name\"><a href=\"https:\/\/previous.predictiveanalyticsworld.de\/en\/anmelden\/#91\" data-trackECat=\"91\" data-trackEAction=\"click\" data-trackELabel=\" \"><strong> <\/strong><\/a><\/span><\/span><!-- \/.personline personprofile --> <em>Raum: Aristoteles<\/em>\n<\/p>\n<\/td>\n<\/tr>\n<p><!-- ###### --><\/p>\n<p><!-- PAUSE --><\/p>\n<tr>\n<td class=\"time\" style=\"padding-right: 15px; border-right: 2px solid #eeeeee; border-bottom: 2px solid #eeeeee;\">\n15:15<br \/>15:45\n<\/td>\n<td class=\"break\" style=\"padding-left: 15px; border-bottom: 2px solid #eeeeee;\">\nKaffeepause\n<\/td>\n<\/tr>\n<p><!-- ###### --><\/p>\n<p><!-- EINFACHE SESSION --><\/p>\n<tr id=\"p1108\">\n<td class=\"time\" style=\"border-right: 2px solid #eeeeee; padding-right: 15px; border-bottom: 2px solid #eeeeee;\">\n15:45<br \/>16:30\n<\/td>\n<td class=\"content\" style=\"padding-left: 15px; border-bottom: 2px solid #eeeeee;\">\n<!--p class=\"track\">Session:<\/p-->\n<h3 class=\"title\"><a href=\"\/dusseldorf-2012\/tag-1\/#p1108\">Erfolgreicher Einsatz von Predictive Analytics bei Otto: Optimierung der Nachfrageprognose bei einem der weltweit gr\u00f6\u00dften Online-H\u00e4ndler<\/a><\/h3>\n<p class=\"speaker\">\n<span class=\"personline personprofile\" id=\"personline91929\" itemscope itemtype=\"http:\/\/schema.org\/Person\"><span class=\"nameline trackEvent\" itemprop=\"name\"><a href=\"https:\/\/previous.predictiveanalyticsworld.de\/en\/anmelden\/#91929\" data-trackECat=\"91\" data-trackEAction=\"click\" data-trackELabel=\"Michael Sinn\"><strong>Michael Sinn<\/strong><\/a><\/span>, <span class=\"jobline\" itemprop=\"jobTitle\">VP Format & Category Management Support<\/span>, <span class=\"companyline\" itemprop=\"brand\">Otto<\/span><\/span><!-- \/.personline personprofile --> <em>Raum: Aristoteles<\/em>\n<\/p>\n<\/td>\n<\/tr>\n<p><!-- ###### --><\/p>\n<p><!-- EINFACHE SESSION --><\/p>\n<tr id=\"p1109\">\n<td class=\"time\" style=\"padding-right: 15px; border-bottom: 2px solid #eeeeee; border-right: 2px solid #eeeeee;\">\n16:30<br \/>17:15\n<\/td>\n<td class=\"content\" style=\"padding-left: 15px; border-bottom: 2px solid #eeeeee;\">\n<!--p class=\"track\">Session:<\/p-->\n<h3 class=\"title\"><a href=\"\/dusseldorf-2012\/tag-1\/#p1109\">Nutzung kostenloser Alternativen zur etablierten Statistiksoftware im analytischen Business Performance Management.<\/a><\/h3>\n<p class=\"speaker\">\n<span class=\"personline personprofile\" id=\"personline91925\" itemscope itemtype=\"http:\/\/schema.org\/Person\"><span class=\"nameline trackEvent\" itemprop=\"name\"><a href=\"https:\/\/previous.predictiveanalyticsworld.de\/en\/anmelden\/#91925\" data-trackECat=\"91\" data-trackEAction=\"click\" data-trackELabel=\"Dr. Andreas Stadie\"><strong>Dr. Andreas Stadie<\/strong><\/a><\/span>, <span class=\"jobline\" itemprop=\"jobTitle\">Head of Analytics & Chief Product Owner<\/span>, <span class=\"companyline\" itemprop=\"brand\"><a target=\"_blank\" href=\"https:\/\/www.enbw.com\/\" class=\"\" link-action=\"outbound\" link-category=\"Person Company Link - Andreas Stadie\" link-label=\"\">EnBW<\/a><\/span><\/span><!-- \/.personline personprofile --><span class=\"personline personprofile\" id=\"personline91926\" itemscope itemtype=\"http:\/\/schema.org\/Person\"><span class=\"nameline trackEvent\" itemprop=\"name\"><a href=\"https:\/\/previous.predictiveanalyticsworld.de\/en\/anmelden\/#91926\" data-trackECat=\"91\" data-trackEAction=\"click\" data-trackELabel=\"Dr. Andreas Schlegel\"><strong>Dr. Andreas Schlegel<\/strong><\/a><\/span>, <span class=\"companyline\" itemprop=\"brand\">Yello Strom GmbH<\/span><\/span><!-- \/.personline personprofile --> <em>Raum: Aristoteles<\/em>\n<\/p>\n<h3 class=\"title\"><a href=\"\/dusseldorf-2012\/tag-1\/#p1109b\">Nutzung kostenloser Alternativen zur etablierten Statistiksoftware zur Betrugsaufdeckung<\/a><\/h3>\n<p class=\"speaker\">\n<span class=\"personline personprofile\" id=\"personline911041\" itemscope itemtype=\"http:\/\/schema.org\/Person\"><span class=\"nameline trackEvent\" itemprop=\"name\"><a href=\"https:\/\/previous.predictiveanalyticsworld.de\/en\/anmelden\/#911041\" data-trackECat=\"91\" data-trackEAction=\"click\" data-trackELabel=\"Felix Baaken\"><strong>Felix Baaken<\/strong><\/a><\/span>, <span class=\"companyline\" itemprop=\"brand\">Contigua GmbH<\/span><\/span><!-- \/.personline personprofile --> <em>Raum: Aristoteles<\/em>\n<\/p>\n<\/td>\n<\/tr>\n<p><!-- ###### --><\/p>\n<p><!-- EINFACHE SESSION --><\/p>\n<tr id=\"p1110\">\n<td class=\"time\" style=\"padding-right: 15px; border-right: 2px solid #eeeeee; border-bottom: 2px solid #eeeeee;\">\n17:15<br \/>18:00\n<\/td>\n<td class=\"content\" style=\"padding-left: 15px; border-bottom: 2px solid #eeeeee;\">\n<!--p class=\"track\">Session:<\/p-->\n<h3 class=\"title\"><a href=\"\/dusseldorf-2012\/tag-1\/#p1110\">Diskussionsrunde &#8211; Das intelligente Unternehmen<\/a><\/h3>\n<p class=\"speaker\">\n<span class=\"personline personprofile\" id=\"personline91925\" itemscope itemtype=\"http:\/\/schema.org\/Person\"><span class=\"nameline trackEvent\" itemprop=\"name\"><a href=\"https:\/\/previous.predictiveanalyticsworld.de\/en\/anmelden\/#91925\" data-trackECat=\"91\" data-trackEAction=\"click\" data-trackELabel=\"Dr. Andreas Stadie\"><strong>Dr. Andreas Stadie<\/strong><\/a><\/span>, <span class=\"jobline\" itemprop=\"jobTitle\">Head of Analytics & Chief Product Owner<\/span>, <span class=\"companyline\" itemprop=\"brand\"><a target=\"_blank\" href=\"https:\/\/www.enbw.com\/\" class=\"\" link-action=\"outbound\" link-category=\"Person Company Link - Andreas Stadie\" link-label=\"\">EnBW<\/a><\/span><\/span><!-- \/.personline personprofile --><span class=\"personline personprofile\" id=\"personline91230\" itemscope itemtype=\"http:\/\/schema.org\/Person\"><span class=\"nameline trackEvent\" itemprop=\"name\"><a href=\"https:\/\/previous.predictiveanalyticsworld.de\/en\/anmelden\/#91230\" data-trackECat=\"91\" data-trackEAction=\"click\" data-trackELabel=\"Fred T\u00fcrling\"><strong>Fred T\u00fcrling<\/strong><\/a><\/span>, <span class=\"jobline\" itemprop=\"jobTitle\">Senior Vicepresident Information Science<\/span>, <span class=\"companyline\" itemprop=\"brand\">Eventim<\/span><\/span><!-- \/.personline personprofile --><span class=\"personline personprofile\" id=\"personline91873\" itemscope itemtype=\"http:\/\/schema.org\/Person\"><span class=\"nameline trackEvent\" itemprop=\"name\"><a href=\"https:\/\/previous.predictiveanalyticsworld.de\/en\/anmelden\/#91873\" data-trackECat=\"91\" data-trackEAction=\"click\" data-trackELabel=\"Phil Winters\"><strong>Phil Winters<\/strong><\/a><\/span>, <span class=\"jobline\" itemprop=\"jobTitle\">Author and Thought Leader<\/span>, <span class=\"companyline\" itemprop=\"brand\"><a target=\"_blank\" href=\"https:\/\/www.ciagenda.com\/\" class=\"\" link-action=\"outbound\" link-category=\"Person Company Link - Phil Winters\" link-label=\"\">CIAgenda<\/a><\/span><\/span><!-- \/.personline personprofile --> <em>Raum: Aristoteles<\/em>\n<\/p>\n<\/td>\n<\/tr>\n<p><!-- ###### --><\/p>\n<p><!-- PAUSE --><\/p>\n<tr>\n<td class=\"time\" style=\"padding-right: 15px; border-bottom: 2px solid #eeeeee; border-right: 2px solid #eeeeee;\">\n19:00\n<\/td>\n<td class=\"break\" style=\"padding-left: 15px; border-bottom: 2px solid #eeeeee;\">\nNetworking Party\n<\/td>\n<\/tr>\n<p><!-- ###### --><\/p>\n<\/table>\n<div style=\"margin-top: 10px; width: 100%; background-color: #9ccc42; height: 60px;\">\n<div style=\"padding: 10px 0; font-weight: bold; text-align: center; width: 25%; border-right: 2px solid #ffffff; float: left; color: #ffffff;\">\n<a style=\"color: #ffffff;\" href=\"https:\/\/previous.predictiveanalyticsworld.de\/business\/dusseldorf-2012\/programm-uberblick\/\">Programm<br \/>\u00dcberblick<\/a>\n<\/div>\n<div style=\"padding: 10px 0; font-weight: bold; text-align: center; width: 25%; border-right: 2px solid #ffffff; float: left; color: #ffffff;\">\nAusf\u00fchrliches<br \/>\nProgramm Tag 1\n<\/div>\n<div style=\"padding: 10px 0; font-weight: bold; text-align: center; width: 25%; border-right: 2px solid #ffffff; float: left; color: #ffffff;\">\n<a style=\"color: #ffffff;\" href=\"https:\/\/previous.predictiveanalyticsworld.de\/business\/dusseldorf-2012\/tag-2\/\">Ausf\u00fchrliches<br \/>\nProgramm Tag 2<\/a>\n<\/div>\n<div style=\"padding: 10px 0; font-weight: bold; text-align: center; width: 25%; float: left; color: #ffffff;\">\n<a style=\"color: #ffffff;\" href=\"https:\/\/previous.predictiveanalyticsworld.de\/business\/dusseldorf-2012\/party\/\">Networking<br \/>Event<\/a>\n<\/div>\n<\/div>\n<div style=\"clear: both;\"><\/div>\n<p>*<img src=\"https:\/\/previous.predictiveanalyticsworld.de\/_images\/union-jack.jpg\" alt=\"Sessions finden teilweise oder ganz auf englisch statt.\" width=\"20\"\/> <strong>Sessions finden teilweise oder ganz auf englisch statt.<\/strong><\/p>\n","protected":false},"excerpt":{"rendered":"<p>Das detaillierte Programm des 1. Tages Programm\u00dcberblick Ausf\u00fchrliches Programm Tag 1 Ausf\u00fchrliches Programm Tag 2 NetworkingEvent Tag 1 &#8211; 6. November 2012 08:0009:00 Registrierung und Fr\u00fchst\u00fcckssnack 09:0009:50 Keynote: \u00dcberzeugen mit Zahlen: Optimierung von Marketing Einfluss durch Predictive Analytics Raum: Aristoteles 09:5010:00 Sponsorenpr\u00e4sentation: Humpty Dumpty und Predictive Analytics Raum: Aristoteles 10:0010:45 <a class=\"\" href=\"https:\/\/previous.predictiveanalyticsworld.de\/en\/business\/dusseldorf-2012\/tag-1\/\">&#8230;&nbsp;weiter lesen<\/a><\/p>\n","protected":false},"author":1,"featured_media":0,"parent":13,"menu_order":0,"comment_status":"closed","ping_status":"closed","template":"","meta":[],"_links":{"self":[{"href":"https:\/\/previous.predictiveanalyticsworld.de\/en\/wp-json\/wp\/v2\/pages\/91"}],"collection":[{"href":"https:\/\/previous.predictiveanalyticsworld.de\/en\/wp-json\/wp\/v2\/pages"}],"about":[{"href":"https:\/\/previous.predictiveanalyticsworld.de\/en\/wp-json\/wp\/v2\/types\/page"}],"author":[{"embeddable":true,"href":"https:\/\/previous.predictiveanalyticsworld.de\/en\/wp-json\/wp\/v2\/users\/1"}],"replies":[{"embeddable":true,"href":"https:\/\/previous.predictiveanalyticsworld.de\/en\/wp-json\/wp\/v2\/comments?post=91"}],"version-history":[{"count":3,"href":"https:\/\/previous.predictiveanalyticsworld.de\/en\/wp-json\/wp\/v2\/pages\/91\/revisions"}],"predecessor-version":[{"id":2850,"href":"https:\/\/previous.predictiveanalyticsworld.de\/en\/wp-json\/wp\/v2\/pages\/91\/revisions\/2850"}],"up":[{"embeddable":true,"href":"https:\/\/previous.predictiveanalyticsworld.de\/en\/wp-json\/wp\/v2\/pages\/13"}],"wp:attachment":[{"href":"https:\/\/previous.predictiveanalyticsworld.de\/en\/wp-json\/wp\/v2\/media?parent=91"}],"curies":[{"name":"wp","href":"https:\/\/api.w.org\/{rel}","templated":true}]}}