{"id":95,"date":"2011-10-14T10:42:31","date_gmt":"2011-10-14T10:42:31","guid":{"rendered":"https:\/\/previous.predictiveanalyticsworld.de\/?page_id=95"},"modified":"2017-04-20T15:55:58","modified_gmt":"2017-04-20T15:55:58","slug":"tag-2","status":"publish","type":"page","link":"https:\/\/previous.predictiveanalyticsworld.de\/en\/business\/dusseldorf-2012\/tag-2\/","title":{"rendered":"Tag 2"},"content":{"rendered":"<h2>Das detaillierte Programm vom Tag 2<\/h2>\n<div style=\"margin-top: 10px; width: 100%; background-color: #9ccc42; height: 60px;\">\n<div style=\"padding: 10px 0; font-weight: bold; text-align: center; width: 25%; border-right: 2px solid #ffffff; float: left; color: #ffffff;\">\n<a style=\"color: #ffffff;\" href=\"https:\/\/previous.predictiveanalyticsworld.de\/business\/dusseldorf-2012\/programm-uberblick\/\">Programm<br \/>\u00dcberblick\n<\/div>\n<div style=\"padding: 10px 0; font-weight: bold; text-align: center; width: 25%; float: left; border-right: 2px solid #ffffff;\">\n<a style=\"color: #ffffff;\" href=\"https:\/\/previous.predictiveanalyticsworld.de\/business\/dusseldorf-2012\/tag-1\/\">Ausf\u00fchrliches<br \/>\nProgramm Tag 1<\/a>\n<\/div>\n<div style=\"padding: 10px 0; font-weight: bold; text-align: center; width: 25%; float: left; border-right: 2px solid #ffffff; color: #ffffff;\">\nAusf\u00fchrliches<br \/>\nProgramm Tag 2\n<\/div>\n<div style=\"padding: 10px 0; font-weight: bold; text-align: center; width: 25%; float: left;\">\n<a style=\"color: #ffffff;\" href=\"https:\/\/previous.predictiveanalyticsworld.de\/business\/dusseldorf-2012\/party\/\">Networking<br \/>Event<\/a>\n<\/div>\n<\/div>\n<div style=\"clear: both;\"><\/div>\n<table width=\"100%\" class=\"agenda_ov\" border=\"0\">\n<tr>\n<th colspan=\"2\" style=\"background-color: #eeeeee;\">\nTag 2 &#8211; 7. November 2012\n<\/th>\n<\/tr>\n<p><!-- PAUSE --><\/p>\n<tr>\n<td class=\"time\" style=\"padding-right: 15px; border-bottom: 2px solid #eeeeee; border-right: 2px solid #eeeeee;\">\n08:00<br \/>09:00\n<\/td>\n<td class=\"break\" style=\"border-bottom: 2px solid #eeeeee; padding-left: 15px;\">\nRegistrierung und Fr\u00fchst\u00fcckssnack\n<\/td>\n<\/tr>\n<p><!-- ###### --><\/p>\n<p><!-- EINFACHE SESSION --><\/p>\n<tr id=\"p2101\">\n<td class=\"time\" style=\"padding-right: 15px; border-right: 2px solid #eeeeee; border-bottom: 2px solid #eeeeee;\">\n09:00<br \/>09:45\n<\/td>\n<td class=\"content\" style=\"padding-left: 15px; border-bottom: 2px solid #eeeeee;\">\n<!--p class=\"track\">Session:<\/p-->\n<h3 class=\"title\"><a href=\"\/dusseldorf-2012\/tag-2\/#p2101\">Optimale Preisgestaltung mit Predictive Modeling<\/a><\/h3>\n<p class=\"speaker\">\n<span class=\"personline personprofile\" id=\"personline951032\" itemscope itemtype=\"http:\/\/schema.org\/Person\"><span class=\"nameline trackEvent\" itemprop=\"name\"><a href=\"https:\/\/previous.predictiveanalyticsworld.de\/en\/anmelden\/#951032\" data-trackECat=\"95\" data-trackEAction=\"click\" data-trackELabel=\"Axel Spielberg\"><strong>Axel Spielberg<\/strong><\/a><\/span>, <span class=\"companyline\" itemprop=\"brand\">AXRO B\u00fcrokommunikation Import Export GmbH<\/span><\/span><!-- \/.personline personprofile --> <em>Raum: Aristoteles<\/em>\n<\/p>\n<\/td>\n<\/tr>\n<p><!-- ###### --><\/p>\n<p><!-- EINFACHE SESSION --><\/p>\n<tr id=\"p2102\">\n<td class=\"time\" style=\"padding-right: 15px; border-right: 2px solid #eeeeee; border-bottom: 2px solid #eeeeee\">\n09:45<br \/>10:30\n<\/td>\n<td class=\"content\" style=\"padding-left: 15px; border-bottom: 2px solid #eeeeee;\">\n<!--p class=\"track\">Session:<\/p-->\n<h3 class=\"title\"><a href=\"\/dusseldorf-2012\/tag-2\/#p2102\">Speed Matters &#8211; mit Meta Modeling als Erster im Ziel<\/a> <img src=\"https:\/\/previous.predictiveanalyticsworld.de\/_images\/union-jack.jpg\" alt=\"Sessions finden teilweise oder ganz auf englisch statt.\" width=\"20\"\/><\/h3>\n<p class=\"speaker\">\n<span class=\"personline personprofile\" id=\"personline951032\" itemscope itemtype=\"http:\/\/schema.org\/Person\"><span class=\"nameline trackEvent\" itemprop=\"name\"><a href=\"https:\/\/previous.predictiveanalyticsworld.de\/en\/anmelden\/#951032\" data-trackECat=\"95\" data-trackEAction=\"click\" data-trackELabel=\"Axel Spielberg\"><strong>Axel Spielberg<\/strong><\/a><\/span>, <span class=\"companyline\" itemprop=\"brand\">AXRO B\u00fcrokommunikation Import Export GmbH<\/span><\/span><!-- \/.personline personprofile --> <em>Raum: Aristoteles<\/em>\n<\/p>\n<\/td>\n<\/tr>\n<p><!-- ###### --><\/p>\n<p><!-- PAUSE --><\/p>\n<tr>\n<td class=\"time\" style=\"border-bottom: 2px solid #eeeeee; border-right: 2px solid #eeeeee; padding-right: 15px;\">\n10:30<br \/>11:00\n<\/td>\n<td class=\"break\" style=\"padding-left: 15px; border-bottom: 2px solid #eeeeee;\">\nKaffeepause\n<\/td>\n<\/tr>\n<p><!-- ###### --><\/p>\n<p><!-- EINFACHE SESSION --><\/p>\n<tr id=\"p2103\">\n<td class=\"time\" style=\"border-bottom: 2px solid #eeeeee; border-right: 2px solid #eeeeee; padding-right: 15px;\">\n11:00<br \/>11:45\n<\/td>\n<td class=\"content\" style=\"padding-left: 15px; border-bottom: 2px solid #eeeeee;\">\n<!--p class=\"track\">Session:<\/p-->\n<h3 class=\"title\"><a href=\"\/dusseldorf-2012\/tag-2\/#p2103\">Predictive Analytics aus Kundensicht &#8211; Workshop mit Phil Winters<\/a>  <img src=\"https:\/\/previous.predictiveanalyticsworld.de\/_images\/union-jack.jpg\" alt=\"Sessions finden teilweise oder ganz auf englisch statt.\" width=\"20\"\/><\/h3>\n<p class=\"speaker\">\n<span class=\"personline personprofile\" id=\"personline959835\" itemscope itemtype=\"http:\/\/schema.org\/Person\"><span class=\"nameline trackEvent\" itemprop=\"name\"><a href=\"https:\/\/previous.predictiveanalyticsworld.de\/en\/anmelden\/#959835\" data-trackECat=\"95\" data-trackEAction=\"click\" data-trackELabel=\"Dr. Eric Siegel\"><strong>Dr. Eric Siegel<\/strong><\/a><\/span>, <span class=\"jobline\" itemprop=\"jobTitle\">Founder<\/span>, <span class=\"companyline\" itemprop=\"brand\">Gooder AI<\/span><\/span><!-- \/.personline personprofile --> <em>Raum: Aristoteles<\/em>\n<\/p>\n<\/td>\n<\/tr>\n<p><!-- ###### --><\/p>\n<p><!-- EINFACHE SESSION --><\/p>\n<tr id=\"p2104\">\n<td class=\"time\" style=\"padding-right: 15px; border-bottom: 2px solid #eeeeee; border-right: 2px solid #eeeeee;\">\n11:45<br \/>12:30\n<\/td>\n<td class=\"content\" style=\"padding-left: 15px; border-bottom: 2px solid #eeeeee;\">\n<!--p class=\"track\">Session:<\/p-->\n<h3 class=\"title\"><a href=\"\/dusseldorf-2012\/tag-2\/#p2104\">Conversion Optimierung auf dem o2 Portal mit Predictive Modeling<\/a> <img src=\"https:\/\/previous.predictiveanalyticsworld.de\/_images\/union-jack.jpg\" alt=\"Sessions finden teilweise oder ganz auf englisch statt.\" width=\"20\"\/><\/h3>\n<p class=\"speaker\">\n<span class=\"personline personprofile\" id=\"personline95927\" itemscope itemtype=\"http:\/\/schema.org\/Person\"><span class=\"nameline trackEvent\" itemprop=\"name\"><a href=\"https:\/\/previous.predictiveanalyticsworld.de\/en\/anmelden\/#95927\" data-trackECat=\"95\" data-trackEAction=\"click\" data-trackELabel=\"Juan Antonio Bernab\u00e9 Moreno\"><strong>Juan Antonio Bernab\u00e9 Moreno<\/strong><\/a><\/span>, <span class=\"jobline\" itemprop=\"jobTitle\">Senior Manager Delivery 2.0<\/span>, <span class=\"companyline\" itemprop=\"brand\">Telef\u00f3nica o2 Germany GmbH & Co. OHG<\/span><\/span><!-- \/.personline personprofile --> <em>Raum: Aristoteles<\/em>\n<\/p>\n<\/td>\n<\/tr>\n<p><!-- ###### --><\/p>\n<p><!-- PAUSE --><\/p>\n<tr>\n<td class=\"time\" style=\"border-right: 2px solid #eeeeee; border-bottom: 2px solid #eeeeee; padding-right: 15px;\">\n12:30<br \/>14:00\n<\/td>\n<td class=\"break\" style=\"border-bottom: 2px solid #eeeeee; padding-left: 15px;\">\nMittagspause\n<\/td>\n<\/tr>\n<p><!-- ###### --><\/p>\n<p><!-- EINFACHE SESSION --><\/p>\n<tr id=\"p2105\">\n<td class=\"time\" style=\"border-right: 2px solid #eeeeee; border-bottom: 2px solid #eeeeee; padding-right: 15px;\">\n14:00<br \/>15:00\n<\/td>\n<td class=\"content\" style=\"border-bottom: 2px solid #eeeeee; padding-left: 15px;\">\n<!--p class=\"track\">Session:<\/p-->\n<h3 class=\"title\"><a href=\"\/dusseldorf-2012\/tag-2\/#p2105\">CRM meets Targeting \u2013 Predictive Data Driven Dialog entlang der Customer Journey<\/a><\/h3>\n<p class=\"speaker\">\n<span class=\"personline personprofile\" id=\"personline95230\" itemscope itemtype=\"http:\/\/schema.org\/Person\"><span class=\"nameline trackEvent\" itemprop=\"name\"><a href=\"https:\/\/previous.predictiveanalyticsworld.de\/en\/anmelden\/#95230\" data-trackECat=\"95\" data-trackEAction=\"click\" data-trackELabel=\"Fred T\u00fcrling\"><strong>Fred T\u00fcrling<\/strong><\/a><\/span>, <span class=\"jobline\" itemprop=\"jobTitle\">Senior Vicepresident Information Science<\/span>, <span class=\"companyline\" itemprop=\"brand\">Eventim<\/span><\/span><!-- \/.personline personprofile --> <em>Raum: Aristoteles<\/em>\n<\/p>\n<\/td>\n<\/tr>\n<p><!-- ###### --><\/p>\n<p><!-- PAUSE --><\/p>\n<tr>\n<td class=\"time\" style=\"padding-right: 15px; border-right: 2px solid #eeeeee; border-bottom: 2px solid #eeeeee;\">\n15:00<br \/>15:30\n<\/td>\n<td class=\"break\" style=\"padding-left: 15px; border-bottom: 2px solid #eeeeee;\">\nKaffeepause\n<\/td>\n<\/tr>\n<p><!-- ###### --><\/p>\n<p><!-- EINFACHE SESSION --><\/p>\n<tr id=\"p2106\">\n<td class=\"time\" style=\"padding-right: 15px; border-right: 2px solid #eeeeee; border-bottom: 2px solid #eeeeee;\">\n15:30<br \/>16:15\n<\/td>\n<td class=\"content\" style=\"padding-left: 15px; border-bottom: 2px solid #eeeeee;\">\n<!--p class=\"track\">Session:<\/p-->\n<h3 class=\"title\"><a href=\"\/dusseldorf-2012\/tag-2\/#p2106\">Artifizielle Intelligenz f\u00fcr die Vorhersage patientenspezifischer Tumortherapien aus komplexen Datens\u00e4tzen (Big Data)<\/a><\/h3>\n<p class=\"speaker\">\n<span class=\"personline personprofile\" id=\"personline951358\" itemscope itemtype=\"http:\/\/schema.org\/Person\"><span class=\"nameline trackEvent\" itemprop=\"name\"><a href=\"https:\/\/previous.predictiveanalyticsworld.de\/en\/anmelden\/#951358\" data-trackECat=\"95\" data-trackEAction=\"click\" data-trackELabel=\"Dr. Manfred Beleut\"><strong>Dr. Manfred Beleut<\/strong><\/a><\/span>, <span class=\"jobline\" itemprop=\"jobTitle\">Chief Scientific Officer<\/span>, <span class=\"companyline\" itemprop=\"brand\">PAREQ<\/span><\/span><!-- \/.personline personprofile --> <em>Raum: Aristoteles<\/em>\n<\/p>\n<\/td>\n<\/tr>\n<p><!-- ###### --><\/p>\n<p><!-- EINFACHE SESSION --><\/p>\n<tr id=\"p2108\">\n<td class=\"time\" style=\"padding-right: 15px; border-right: 2px solid #eeeeee; border-bottom: 2px solid #eeeeee;\">\n16:15<br \/>17:00\n<\/td>\n<td class=\"content\" style=\"border-right: 2px solid #eeeeee; padding-right: 15px; border-bottom: 2px solid #eeeeee;\">\n<!--p class=\"track\">Session:<\/p-->\n<h3 class=\"title\"><a href=\"\/dusseldorf-2012\/tag-2\/#p2107\">Mensch-Maschine: eine Partnerschaft f\u00fcr den Erfolg<\/a> <img src=\"https:\/\/previous.predictiveanalyticsworld.de\/_images\/union-jack.jpg\" alt=\"Sessions finden teilweise oder ganz auf englisch statt.\" width=\"20\"\/><\/h3>\n<p class=\"speaker\">\n<span class=\"personline personprofile\" id=\"personline951384\" itemscope itemtype=\"http:\/\/schema.org\/Person\"><span class=\"nameline trackEvent\" itemprop=\"name\"><a href=\"https:\/\/previous.predictiveanalyticsworld.de\/en\/anmelden\/#951384\" data-trackECat=\"95\" data-trackEAction=\"click\" data-trackELabel=\"Stein Kretsinger\"><strong>Stein Kretsinger<\/strong><\/a><\/span>, <span class=\"jobline\" itemprop=\"jobTitle\">Director of Project Development<\/span>, <span class=\"companyline\" itemprop=\"brand\">Elder Research (a MANTECH company)<\/span><\/span><!-- \/.personline personprofile --> <em>Raum: Aristoteles<\/em>\n<\/p>\n<\/td>\n<\/tr>\n<p><!-- ###### --><\/p>\n<p><!-- PAUSE --><\/p>\n<tr>\n<td class=\"time\" style=\"padding-right: 15px; border-bottom: 2px solid #eeeeee; border-right: 2px solid #eeeeee;\">\n17:00\n<\/td>\n<td class=\"break\" style=\"border-bottom: 2px solid #eeeeee; padding-left: 15px;\">\nEnde der Konferenz\n<\/td>\n<\/tr>\n<p><!-- ###### --><\/p>\n<\/table>\n<div style=\"margin-top: 10px; width: 100%; background-color: #9ccc42; height: 60px;\">\n<div style=\"padding: 10px 0; font-weight: bold; text-align: center; width: 25%; border-right: 2px solid #ffffff; float: left; color: #ffffff;\">\n<a style=\"color: #ffffff;\" href=\"https:\/\/previous.predictiveanalyticsworld.de\/business\/dusseldorf-2012\/programm-uberblick\/\">Programm<br \/>\u00dcberblick\n<\/div>\n<div style=\"padding: 10px 0; font-weight: bold; text-align: center; width: 25%; float: left; border-right: 2px solid #ffffff;\">\n<a style=\"color: #ffffff;\" href=\"https:\/\/previous.predictiveanalyticsworld.de\/business\/dusseldorf-2012\/tag-1\/\">Ausf\u00fchrliches<br \/>\nProgramm Tag 1<\/a>\n<\/div>\n<div style=\"padding: 10px 0; font-weight: bold; text-align: center; width: 25%; float: left; border-right: 2px solid #ffffff; color: #ffffff;\">\nAusf\u00fchrliches<br \/>\nProgramm Tag 2\n<\/div>\n<div style=\"padding: 10px 0; font-weight: bold; text-align: center; width: 25%; float: left;\">\n<a style=\"color: #ffffff;\" href=\"https:\/\/previous.predictiveanalyticsworld.de\/business\/dusseldorf-2012\/party\/\">Networking<br \/>Event<\/a>\n<\/div>\n<\/div>\n<div style=\"clear: both;\"><\/div>\n<p>*<img src=\"https:\/\/previous.predictiveanalyticsworld.de\/_images\/union-jack.jpg\" alt=\"Sessions finden teilweise oder ganz auf englisch statt.\" width=\"20\"\/> <strong>Sessions finden teilweise oder ganz auf englisch statt.<\/strong><\/p>\n","protected":false},"excerpt":{"rendered":"<p>Das detaillierte Programm vom Tag 2 Programm\u00dcberblick Ausf\u00fchrliches Programm Tag 1 Ausf\u00fchrliches Programm Tag 2 NetworkingEvent Tag 2 &#8211; 7. November 2012 08:0009:00 Registrierung und Fr\u00fchst\u00fcckssnack 09:0009:45 Optimale Preisgestaltung mit Predictive Modeling Raum: Aristoteles 09:4510:30 Speed Matters &#8211; mit Meta Modeling als Erster im Ziel Raum: Aristoteles 10:3011:00 Kaffeepause 11:0011:45 <a class=\"\" href=\"https:\/\/previous.predictiveanalyticsworld.de\/en\/business\/dusseldorf-2012\/tag-2\/\">&#8230;&nbsp;weiter lesen<\/a><\/p>\n","protected":false},"author":1,"featured_media":0,"parent":13,"menu_order":0,"comment_status":"closed","ping_status":"closed","template":"","meta":[],"_links":{"self":[{"href":"https:\/\/previous.predictiveanalyticsworld.de\/en\/wp-json\/wp\/v2\/pages\/95"}],"collection":[{"href":"https:\/\/previous.predictiveanalyticsworld.de\/en\/wp-json\/wp\/v2\/pages"}],"about":[{"href":"https:\/\/previous.predictiveanalyticsworld.de\/en\/wp-json\/wp\/v2\/types\/page"}],"author":[{"embeddable":true,"href":"https:\/\/previous.predictiveanalyticsworld.de\/en\/wp-json\/wp\/v2\/users\/1"}],"replies":[{"embeddable":true,"href":"https:\/\/previous.predictiveanalyticsworld.de\/en\/wp-json\/wp\/v2\/comments?post=95"}],"version-history":[{"count":1,"href":"https:\/\/previous.predictiveanalyticsworld.de\/en\/wp-json\/wp\/v2\/pages\/95\/revisions"}],"predecessor-version":[{"id":2851,"href":"https:\/\/previous.predictiveanalyticsworld.de\/en\/wp-json\/wp\/v2\/pages\/95\/revisions\/2851"}],"up":[{"embeddable":true,"href":"https:\/\/previous.predictiveanalyticsworld.de\/en\/wp-json\/wp\/v2\/pages\/13"}],"wp:attachment":[{"href":"https:\/\/previous.predictiveanalyticsworld.de\/en\/wp-json\/wp\/v2\/media?parent=95"}],"curies":[{"name":"wp","href":"https:\/\/api.w.org\/{rel}","templated":true}]}}